
{"id":13981,"date":"2024-12-11T10:44:38","date_gmt":"2024-12-11T09:44:38","guid":{"rendered":"https:\/\/www.mpfiltri2.addictionlab.it\/unternehmen\/social-responsibility\/"},"modified":"2025-10-10T10:05:09","modified_gmt":"2025-10-10T08:05:09","slug":"soziale-verantwortung","status":"publish","type":"page","link":"https:\/\/mpfiltri3.addictionlab.it\/de\/unternehmen\/soziale-verantwortung\/","title":{"rendered":"Soziale verantwortung"},"content":{"rendered":"\n<div class=\"wp-block-media-text has-media-on-the-right is-stacked-on-mobile\"><div class=\"wp-block-media-text__content\">\n<h2 class=\"wp-block-heading\" id=\"soziale-verantwortung\">SOZIALE VERANTWORTUNG<\/h2>\n\n\n\n<p>MP Filtri st\u00fctzt seine T\u00e4tigkeit seit jeher auf solide Prinzipien, die die Grundlage seines Ethikkodexes bilden: Aufbau positiver Beziehungen zu Kunden, Lieferanten, Partnern und Mitarbeitern; ethisches Verhalten im Gesch\u00e4ftsleben; Gesundheit, Sicherheit und Umweltschutz.<\/p>\n\n\n\n<p>Ein Engagement und eine Verantwortung, die auch durch soziale, humanit\u00e4re und sportliche Initiativen auf lokaler und internationaler Ebene zum Ausdruck kommen.<\/p>\n\n\n\n<p>Ein Beispiel daf\u00fcr ist die Beteiligung am Inter-Campus-Projekt in Uganda, das seit 1997 in 29 L\u00e4ndern der Welt soziale und kooperative Ma\u00dfnahmen durchf\u00fchrt und den Fu\u00dfball als p\u00e4dagogisches Mittel einsetzt, um bed\u00fcrftigen Kindern das Recht auf Spiel zur\u00fcckzugeben.<\/p>\n<\/div><figure class=\"wp-block-media-text__media\"><img loading=\"lazy\" decoding=\"async\" width=\"1024\" height=\"768\" alt=\"Soziale verantwortung - MP Filtri\"  src=\"https:\/\/mpfiltri3.addictionlab.it\/wp-content\/uploads\/2025\/06\/IMG_5849-min-1024x768.jpg\" alt=\"Uganda photo\" class=\"wp-image-27863 size-full\" srcset=\"https:\/\/mpfiltri3.addictionlab.it\/wp-content\/uploads\/2025\/06\/IMG_5849-min-1024x768.jpg 1024w, https:\/\/mpfiltri3.addictionlab.it\/wp-content\/uploads\/2025\/06\/IMG_5849-min-300x225.jpg 300w, https:\/\/mpfiltri3.addictionlab.it\/wp-content\/uploads\/2025\/06\/IMG_5849-min-768x576.jpg 768w, https:\/\/mpfiltri3.addictionlab.it\/wp-content\/uploads\/2025\/06\/IMG_5849-min-1536x1152.jpg 1536w, https:\/\/mpfiltri3.addictionlab.it\/wp-content\/uploads\/2025\/06\/IMG_5849-min-2048x1536.jpg 2048w, https:\/\/mpfiltri3.addictionlab.it\/wp-content\/uploads\/2025\/06\/IMG_5849-min-702x526.jpg 702w, https:\/\/mpfiltri3.addictionlab.it\/wp-content\/uploads\/2025\/06\/IMG_5849-min-655x491.jpg 655w\" sizes=\"auto, (max-width: 1024px) 100vw, 1024px\" \/><\/figure><\/div>\n\n\n\n<div class=\"wp-block-media-text is-stacked-on-mobile\"><figure class=\"wp-block-media-text__media\"><img loading=\"lazy\" decoding=\"async\" width=\"1024\" height=\"981\" alt=\"Soziale verantwortung - MP Filtri\"  src=\"https:\/\/mpfiltri3.addictionlab.it\/wp-content\/uploads\/2025\/01\/quality-policy-1024x981.jpg\" alt=\"QUALITY AND ENVIRONMENTAL POLICY\" class=\"wp-image-2244 size-full\" srcset=\"https:\/\/mpfiltri3.addictionlab.it\/wp-content\/uploads\/2025\/01\/quality-policy-1024x981.jpg 1024w, https:\/\/mpfiltri3.addictionlab.it\/wp-content\/uploads\/2025\/01\/quality-policy-300x288.jpg 300w, https:\/\/mpfiltri3.addictionlab.it\/wp-content\/uploads\/2025\/01\/quality-policy-768x736.jpg 768w, https:\/\/mpfiltri3.addictionlab.it\/wp-content\/uploads\/2025\/01\/quality-policy-655x628.jpg 655w, https:\/\/mpfiltri3.addictionlab.it\/wp-content\/uploads\/2025\/01\/quality-policy.jpg 1442w\" sizes=\"auto, (max-width: 1024px) 100vw, 1024px\" \/><\/figure><div class=\"wp-block-media-text__content\">\n<h2 class=\"wp-block-heading\" id=\"qualitats-und-umweltpolitik\">QUALIT\u00c4TS- UND UMWELTPOLITIK<\/h2>\n\n\n\n<p>Das prim\u00e4re Ziel von MP Filtri ist es, den Kundenservice, die Produktqualit\u00e4t und die Produktionseffizienz zu verbessern. MP Filtri SPA arbeitet daran, durch seine industrielle Pr\u00e4senz m\u00f6gliche Umweltsch\u00e4den zu minimieren.<\/p>\n\n\n\n<p>Wir erkl\u00e4ren, dass wir uns um die Umwelt k\u00fcmmern und verpflichten uns zu einem vollst\u00e4ndigen Plan, um die Umweltverschmutzung zu verhindern, indem wir geeignete Pr\u00e4ventivma\u00dfnahmen ergreifen und die Leistung zur kontinuierlichen Verbesserung der Umweltleistung \u00fcberwachen.<\/p>\n<\/div><\/div>\n\n\n\n<div class=\"wp-block-stackable-columns stk-block-columns stk-block stk-820bb05 body-lines height-100\" data-block-id=\"820bb05\"><style>.stk-820bb05 {margin-top:0px !important;margin-right:0px !important;margin-bottom:0px !important;margin-left:0px !important;}.stk-820bb05-column{--stk-columns-spacing:0px !important;}<\/style><div class=\"stk-row stk-inner-blocks stk-block-content stk-content-align stk-820bb05-column\">\n<div class=\"wp-block-stackable-column stk-block-column stk-column stk-block stk-745f29b\" data-v=\"4\" data-block-id=\"745f29b\"><div class=\"stk-column-wrapper stk-block-column__content stk-container stk-745f29b-container stk--no-background stk--no-padding\"><div class=\"stk-block-content stk-inner-blocks stk-745f29b-inner-blocks\"><\/div><\/div><\/div>\n\n\n\n<div class=\"wp-block-stackable-column stk-block-column stk-column stk-block stk-0576f85\" data-v=\"4\" data-block-id=\"0576f85\"><div class=\"stk-column-wrapper stk-block-column__content stk-container stk-0576f85-container stk--no-background stk--no-padding\"><div class=\"stk-block-content stk-inner-blocks stk-0576f85-inner-blocks\"><\/div><\/div><\/div>\n<\/div><\/div>\n","protected":false},"excerpt":{"rendered":"<p>SOZIALE VERANTWORTUNG MP Filtri st\u00fctzt seine T\u00e4tigkeit seit jeher auf solide Prinzipien, die die Grundlage seines Ethikkodexes bilden: Aufbau positiver [&#8230;]<\/p>\n","protected":false},"author":2,"featured_media":2168,"parent":13378,"menu_order":68,"comment_status":"closed","ping_status":"closed","template":"","meta":{"_acf_changed":false,"_gspb_post_css":"","inline_featured_image":false,"_genesis_hide_title":false,"_genesis_hide_breadcrumbs":false,"_genesis_hide_singular_image":false,"_genesis_hide_footer_widgets":false,"_genesis_custom_body_class":"","_genesis_custom_post_class":"","_genesis_layout":"","footnotes":"","_links_to":"","_links_to_target":""},"class_list":{"0":"post-13981","1":"page","2":"type-page","3":"status-publish","4":"has-post-thumbnail","6":"entry"},"acf":[],"yoast_head":"<!-- This site is optimized with the Yoast SEO plugin v26.9 - https:\/\/yoast.com\/product\/yoast-seo-wordpress\/ -->\n<title>Soziale verantwortung - MP Filtri<\/title>\n<meta name=\"robots\" content=\"noindex, follow, max-snippet:-1, max-image-preview:large, max-video-preview:-1\" \/>\n<meta property=\"og:locale\" content=\"de_DE\" \/>\n<meta property=\"og:type\" content=\"article\" \/>\n<meta property=\"og:title\" content=\"Soziale verantwortung - MP Filtri\" \/>\n<meta property=\"og:description\" content=\"SOZIALE VERANTWORTUNG MP Filtri st\u00fctzt seine T\u00e4tigkeit seit jeher auf solide Prinzipien, die die Grundlage seines Ethikkodexes bilden: Aufbau positiver [...]\" \/>\n<meta property=\"og:url\" content=\"https:\/\/mpfiltri3.addictionlab.it\/de\/unternehmen\/soziale-verantwortung\/\" \/>\n<meta property=\"og:site_name\" content=\"MP Filtri\" \/>\n<meta property=\"article:publisher\" content=\"https:\/\/www.facebook.com\/MPFiltriITA\" \/>\n<meta property=\"article:modified_time\" content=\"2025-10-10T08:05:09+00:00\" \/>\n<meta property=\"og:image\" content=\"https:\/\/mpfiltri3.addictionlab.it\/wp-content\/uploads\/2025\/01\/bg-who-we-are-scaled.jpg\" \/>\n\t<meta property=\"og:image:width\" content=\"2560\" \/>\n\t<meta property=\"og:image:height\" content=\"685\" \/>\n\t<meta property=\"og:image:type\" content=\"image\/jpeg\" \/>\n<meta name=\"twitter:card\" content=\"summary_large_image\" \/>\n<meta name=\"twitter:label1\" content=\"Gesch\u00e4tzte Lesezeit\" \/>\n\t<meta name=\"twitter:data1\" content=\"2\u00a0Minuten\" \/>\n<script type=\"application\/ld+json\" class=\"yoast-schema-graph\">{\"@context\":\"https:\/\/schema.org\",\"@graph\":[{\"@type\":\"WebPage\",\"@id\":\"https:\/\/mpfiltri3.addictionlab.it\/de\/unternehmen\/soziale-verantwortung\/\",\"url\":\"https:\/\/mpfiltri3.addictionlab.it\/de\/unternehmen\/soziale-verantwortung\/\",\"name\":\"Soziale verantwortung - MP Filtri\",\"isPartOf\":{\"@id\":\"https:\/\/mpfiltri3.addictionlab.it\/de\/#website\"},\"primaryImageOfPage\":{\"@id\":\"https:\/\/mpfiltri3.addictionlab.it\/de\/unternehmen\/soziale-verantwortung\/#primaryimage\"},\"image\":{\"@id\":\"https:\/\/mpfiltri3.addictionlab.it\/de\/unternehmen\/soziale-verantwortung\/#primaryimage\"},\"thumbnailUrl\":\"https:\/\/mpfiltri3.addictionlab.it\/wp-content\/uploads\/2025\/01\/bg-who-we-are-scaled.jpg\",\"datePublished\":\"2024-12-11T09:44:38+00:00\",\"dateModified\":\"2025-10-10T08:05:09+00:00\",\"breadcrumb\":{\"@id\":\"https:\/\/mpfiltri3.addictionlab.it\/de\/unternehmen\/soziale-verantwortung\/#breadcrumb\"},\"inLanguage\":\"de\",\"potentialAction\":[{\"@type\":\"ReadAction\",\"target\":[\"https:\/\/mpfiltri3.addictionlab.it\/de\/unternehmen\/soziale-verantwortung\/\"]}]},{\"@type\":\"ImageObject\",\"inLanguage\":\"de\",\"@id\":\"https:\/\/mpfiltri3.addictionlab.it\/de\/unternehmen\/soziale-verantwortung\/#primaryimage\",\"url\":\"https:\/\/mpfiltri3.addictionlab.it\/wp-content\/uploads\/2025\/01\/bg-who-we-are-scaled.jpg\",\"contentUrl\":\"https:\/\/mpfiltri3.addictionlab.it\/wp-content\/uploads\/2025\/01\/bg-who-we-are-scaled.jpg\",\"width\":2560,\"height\":685,\"caption\":\"Page title background Who we are\"},{\"@type\":\"BreadcrumbList\",\"@id\":\"https:\/\/mpfiltri3.addictionlab.it\/de\/unternehmen\/soziale-verantwortung\/#breadcrumb\",\"itemListElement\":[{\"@type\":\"ListItem\",\"position\":1,\"name\":\"Start\",\"item\":\"https:\/\/mpfiltri3.addictionlab.it\/de\/\"},{\"@type\":\"ListItem\",\"position\":2,\"name\":\"Unternehmen\",\"item\":\"https:\/\/mpfiltri3.addictionlab.it\/de\/company\/\"},{\"@type\":\"ListItem\",\"position\":3,\"name\":\"Soziale verantwortung\"}]},{\"@type\":\"WebSite\",\"@id\":\"https:\/\/mpfiltri3.addictionlab.it\/de\/#website\",\"url\":\"https:\/\/mpfiltri3.addictionlab.it\/de\/\",\"name\":\"MP Filtri\",\"description\":\"\",\"publisher\":{\"@id\":\"https:\/\/mpfiltri3.addictionlab.it\/de\/#organization\"},\"potentialAction\":[{\"@type\":\"SearchAction\",\"target\":{\"@type\":\"EntryPoint\",\"urlTemplate\":\"https:\/\/mpfiltri3.addictionlab.it\/de\/?s={search_term_string}\"},\"query-input\":{\"@type\":\"PropertyValueSpecification\",\"valueRequired\":true,\"valueName\":\"search_term_string\"}}],\"inLanguage\":\"de\"},{\"@type\":\"Organization\",\"@id\":\"https:\/\/mpfiltri3.addictionlab.it\/de\/#organization\",\"name\":\"MP Filtri\",\"url\":\"https:\/\/mpfiltri3.addictionlab.it\/de\/\",\"logo\":{\"@type\":\"ImageObject\",\"inLanguage\":\"de\",\"@id\":\"https:\/\/mpfiltri3.addictionlab.it\/de\/#\/schema\/logo\/image\/\",\"url\":\"https:\/\/mpfiltri3.addictionlab.it\/wp-content\/uploads\/2025\/09\/mpfiltri-logo.png\",\"contentUrl\":\"https:\/\/mpfiltri3.addictionlab.it\/wp-content\/uploads\/2025\/09\/mpfiltri-logo.png\",\"width\":263,\"height\":80,\"caption\":\"MP Filtri\"},\"image\":{\"@id\":\"https:\/\/mpfiltri3.addictionlab.it\/de\/#\/schema\/logo\/image\/\"},\"sameAs\":[\"https:\/\/www.facebook.com\/MPFiltriITA\",\"https:\/\/www.instagram.com\/mpfiltri\/\",\"https:\/\/www.youtube.com\/channel\/UCCzNMySYc1c4M-2B4v0K_QA?view_as=subscriber\",\"https:\/\/www.linkedin.com\/company\/mp-filtri-spa\/\"]}]}<\/script>\n<!-- \/ Yoast SEO plugin. -->","yoast_head_json":{"title":"Soziale verantwortung - MP Filtri","robots":{"index":"noindex","follow":"follow","max-snippet":"max-snippet:-1","max-image-preview":"max-image-preview:large","max-video-preview":"max-video-preview:-1"},"og_locale":"de_DE","og_type":"article","og_title":"Soziale verantwortung - MP Filtri","og_description":"SOZIALE VERANTWORTUNG MP Filtri st\u00fctzt seine T\u00e4tigkeit seit jeher auf solide Prinzipien, die die Grundlage seines Ethikkodexes bilden: Aufbau positiver [...]","og_url":"https:\/\/mpfiltri3.addictionlab.it\/de\/unternehmen\/soziale-verantwortung\/","og_site_name":"MP Filtri","article_publisher":"https:\/\/www.facebook.com\/MPFiltriITA","article_modified_time":"2025-10-10T08:05:09+00:00","og_image":[{"width":2560,"height":685,"url":"https:\/\/mpfiltri3.addictionlab.it\/wp-content\/uploads\/2025\/01\/bg-who-we-are-scaled.jpg","type":"image\/jpeg"}],"twitter_card":"summary_large_image","twitter_misc":{"Gesch\u00e4tzte Lesezeit":"2\u00a0Minuten"},"schema":{"@context":"https:\/\/schema.org","@graph":[{"@type":"WebPage","@id":"https:\/\/mpfiltri3.addictionlab.it\/de\/unternehmen\/soziale-verantwortung\/","url":"https:\/\/mpfiltri3.addictionlab.it\/de\/unternehmen\/soziale-verantwortung\/","name":"Soziale verantwortung - MP Filtri","isPartOf":{"@id":"https:\/\/mpfiltri3.addictionlab.it\/de\/#website"},"primaryImageOfPage":{"@id":"https:\/\/mpfiltri3.addictionlab.it\/de\/unternehmen\/soziale-verantwortung\/#primaryimage"},"image":{"@id":"https:\/\/mpfiltri3.addictionlab.it\/de\/unternehmen\/soziale-verantwortung\/#primaryimage"},"thumbnailUrl":"https:\/\/mpfiltri3.addictionlab.it\/wp-content\/uploads\/2025\/01\/bg-who-we-are-scaled.jpg","datePublished":"2024-12-11T09:44:38+00:00","dateModified":"2025-10-10T08:05:09+00:00","breadcrumb":{"@id":"https:\/\/mpfiltri3.addictionlab.it\/de\/unternehmen\/soziale-verantwortung\/#breadcrumb"},"inLanguage":"de","potentialAction":[{"@type":"ReadAction","target":["https:\/\/mpfiltri3.addictionlab.it\/de\/unternehmen\/soziale-verantwortung\/"]}]},{"@type":"ImageObject","inLanguage":"de","@id":"https:\/\/mpfiltri3.addictionlab.it\/de\/unternehmen\/soziale-verantwortung\/#primaryimage","url":"https:\/\/mpfiltri3.addictionlab.it\/wp-content\/uploads\/2025\/01\/bg-who-we-are-scaled.jpg","contentUrl":"https:\/\/mpfiltri3.addictionlab.it\/wp-content\/uploads\/2025\/01\/bg-who-we-are-scaled.jpg","width":2560,"height":685,"caption":"Page title background Who we are"},{"@type":"BreadcrumbList","@id":"https:\/\/mpfiltri3.addictionlab.it\/de\/unternehmen\/soziale-verantwortung\/#breadcrumb","itemListElement":[{"@type":"ListItem","position":1,"name":"Start","item":"https:\/\/mpfiltri3.addictionlab.it\/de\/"},{"@type":"ListItem","position":2,"name":"Unternehmen","item":"https:\/\/mpfiltri3.addictionlab.it\/de\/company\/"},{"@type":"ListItem","position":3,"name":"Soziale verantwortung"}]},{"@type":"WebSite","@id":"https:\/\/mpfiltri3.addictionlab.it\/de\/#website","url":"https:\/\/mpfiltri3.addictionlab.it\/de\/","name":"MP Filtri","description":"","publisher":{"@id":"https:\/\/mpfiltri3.addictionlab.it\/de\/#organization"},"potentialAction":[{"@type":"SearchAction","target":{"@type":"EntryPoint","urlTemplate":"https:\/\/mpfiltri3.addictionlab.it\/de\/?s={search_term_string}"},"query-input":{"@type":"PropertyValueSpecification","valueRequired":true,"valueName":"search_term_string"}}],"inLanguage":"de"},{"@type":"Organization","@id":"https:\/\/mpfiltri3.addictionlab.it\/de\/#organization","name":"MP Filtri","url":"https:\/\/mpfiltri3.addictionlab.it\/de\/","logo":{"@type":"ImageObject","inLanguage":"de","@id":"https:\/\/mpfiltri3.addictionlab.it\/de\/#\/schema\/logo\/image\/","url":"https:\/\/mpfiltri3.addictionlab.it\/wp-content\/uploads\/2025\/09\/mpfiltri-logo.png","contentUrl":"https:\/\/mpfiltri3.addictionlab.it\/wp-content\/uploads\/2025\/09\/mpfiltri-logo.png","width":263,"height":80,"caption":"MP Filtri"},"image":{"@id":"https:\/\/mpfiltri3.addictionlab.it\/de\/#\/schema\/logo\/image\/"},"sameAs":["https:\/\/www.facebook.com\/MPFiltriITA","https:\/\/www.instagram.com\/mpfiltri\/","https:\/\/www.youtube.com\/channel\/UCCzNMySYc1c4M-2B4v0K_QA?view_as=subscriber","https:\/\/www.linkedin.com\/company\/mp-filtri-spa\/"]}]}},"featured_image_src":"https:\/\/mpfiltri3.addictionlab.it\/wp-content\/uploads\/2025\/01\/bg-who-we-are-600x400.jpg","featured_image_src_square":"https:\/\/mpfiltri3.addictionlab.it\/wp-content\/uploads\/2025\/01\/bg-who-we-are-600x600.jpg","_links":{"self":[{"href":"https:\/\/mpfiltri3.addictionlab.it\/de\/wp-json\/wp\/v2\/pages\/13981","targetHints":{"allow":["GET"]}}],"collection":[{"href":"https:\/\/mpfiltri3.addictionlab.it\/de\/wp-json\/wp\/v2\/pages"}],"about":[{"href":"https:\/\/mpfiltri3.addictionlab.it\/de\/wp-json\/wp\/v2\/types\/page"}],"author":[{"embeddable":true,"href":"https:\/\/mpfiltri3.addictionlab.it\/de\/wp-json\/wp\/v2\/users\/2"}],"replies":[{"embeddable":true,"href":"https:\/\/mpfiltri3.addictionlab.it\/de\/wp-json\/wp\/v2\/comments?post=13981"}],"version-history":[{"count":7,"href":"https:\/\/mpfiltri3.addictionlab.it\/de\/wp-json\/wp\/v2\/pages\/13981\/revisions"}],"predecessor-version":[{"id":39555,"href":"https:\/\/mpfiltri3.addictionlab.it\/de\/wp-json\/wp\/v2\/pages\/13981\/revisions\/39555"}],"up":[{"embeddable":true,"href":"https:\/\/mpfiltri3.addictionlab.it\/de\/wp-json\/wp\/v2\/pages\/13378"}],"wp:featuredmedia":[{"embeddable":true,"href":"https:\/\/mpfiltri3.addictionlab.it\/de\/wp-json\/wp\/v2\/media\/2168"}],"wp:attachment":[{"href":"https:\/\/mpfiltri3.addictionlab.it\/de\/wp-json\/wp\/v2\/media?parent=13981"}],"curies":[{"name":"wp","href":"https:\/\/api.w.org\/{rel}","templated":true}]}}