
{"id":36440,"date":"2025-09-26T08:58:15","date_gmt":"2025-09-26T06:58:15","guid":{"rendered":"https:\/\/www.mpfiltri2.addictionlab.it\/?page_id=36440"},"modified":"2025-09-26T09:20:31","modified_gmt":"2025-09-26T07:20:31","slug":"impressum","status":"publish","type":"page","link":"https:\/\/mpfiltri3.addictionlab.it\/de\/impressum\/","title":{"rendered":"Impressum"},"content":{"rendered":"\n<div class=\"wp-block-stackable-columns stk-block-columns stk-block stk-820bb05 body-lines height-100\" data-block-id=\"820bb05\"><style>.stk-820bb05 {margin-top:0px !important;margin-right:0px !important;margin-bottom:0px !important;margin-left:0px !important;}.stk-820bb05-column{--stk-columns-spacing:0px !important;}<\/style><div class=\"stk-row stk-inner-blocks stk-block-content stk-content-align stk-820bb05-column\">\n<div class=\"wp-block-stackable-column stk-block-column stk-column stk-block stk-745f29b\" data-v=\"4\" data-block-id=\"745f29b\"><div class=\"stk-column-wrapper stk-block-column__content stk-container stk-745f29b-container stk--no-background stk--no-padding\"><div class=\"stk-block-content stk-inner-blocks stk-745f29b-inner-blocks\"><\/div><\/div><\/div>\n<\/div><\/div>\n\n\n\n<div class=\"wp-block-stackable-columns stk-block-columns stk-block stk-0cf28ed\" data-block-id=\"0cf28ed\"><style>.stk-0cf28ed {margin-top:0px !important;margin-right:0px !important;margin-bottom:0px !important;margin-left:0px !important;}<\/style><div class=\"stk-row stk-inner-blocks stk-block-content stk-content-align stk-0cf28ed-column\">\n<div class=\"wp-block-stackable-column stk-block-column stk-column stk-block stk-048f6ae\" data-v=\"4\" data-block-id=\"048f6ae\"><style>.stk-048f6ae-inner-blocks{align-items:flex-start !important;}.stk-048f6ae {border-style:solid !important;border-color:#E6E6E6 !important;border-right-width:1px !important;border-left-width:1px !important;padding-right:30px !important;padding-left:30px !important;}<\/style><div class=\"stk-column-wrapper stk-block-column__content stk-container stk-048f6ae-container stk--no-background stk--no-padding\"><div class=\"has-text-align-left stk--column-flex stk-block-content stk-inner-blocks stk-048f6ae-inner-blocks\">\n<div class=\"wp-block-stackable-spacer stk-block-spacer stk--no-padding stk-block stk-c341def\" data-block-id=\"c341def\"><\/div>\n\n\n\n<div class=\"wp-block-stackable-heading stk-block-heading stk-block-heading--v2 stk-block stk-e530e19\" id=\"impressum\" data-block-id=\"e530e19\"><style>.stk-e530e19 {padding-bottom:0px !important;margin-bottom:0px !important;}<\/style><h2 class=\"stk-block-heading__text\">Impressum<\/h2><\/div>\n\n\n\n<h4 class=\"wp-block-heading\" id=\"impressum\"><strong>Angaben gem\u00e4\u00df \u00a75 Digitale-Dienste-Gesetz (DDG)<\/strong><\/h4>\n\n\n\n<div class=\"wp-block-stackable-spacer stk-block-spacer stk--no-padding stk-block stk-5f6fcd0\" data-block-id=\"5f6fcd0\"><\/div>\n\n\n\n<h3 class=\"wp-block-heading\" id=\"impressum-1\"><strong>IMPRESSUM<\/strong><\/h3>\n\n\n\n<p>Unter das Telemediengesetz fallen alle Unternehmen, die gesch\u00e4ftsm\u00e4\u00dfig Onlinedienste anbieten.Nachfolgend sind f\u00fcr Sie als Nutzer und\/oder Vertragspartner die relevanten Daten unseres Unternehmens aufgef\u00fchrt.<\/p>\n\n\n\n<div class=\"wp-block-stackable-spacer stk-block-spacer stk--no-padding stk-block stk-b7058fe\" data-block-id=\"b7058fe\"><\/div>\n\n\n\n<h3 class=\"wp-block-heading\" id=\"verantwortlichkeit\"><strong><strong>Verantwortlichkeit<\/strong><\/strong><\/h3>\n\n\n\n<p><strong>Seitenbetreiber i.S.d \u00a7 18 Medienstaatsvertrag (MStV)<\/strong><br>MP Filtri Germany GmbH&nbsp; &nbsp; &nbsp;Tel.: <a href=\"tel:004906894\">+49 (0) 6894\/95652-0<\/a>&nbsp; &nbsp; &nbsp;E-Mail: <a href=\"mailto:service@mpfiltri.de\">service@mpfiltri.de<\/a><br>Hans-Wilhelmi-Stra\u00dfe 2&nbsp; &nbsp; &nbsp; &nbsp;Fax: +49 (0) 6894\/95652-20&nbsp;<br>Web:&nbsp;<a href=\"https:\/\/www.mpfiltri.com\/de\/\">https:\/\/www.mpfiltri.com\/de<\/a><\/p>\n\n\n\n<p><strong>Vertretungsberechtigter Gesch\u00e4ftsf\u00fchrer<\/strong><br>Sascha Zimmermann<\/p>\n\n\n\n<p><strong>Verantwortlich f\u00fcr Inhalte gem\u00e4\u00df \u00a7 55 Abs. 2 RStV<\/strong><br>Sascha Zimmermann<\/p>\n\n\n\n<p><strong>Registergericht<\/strong><br>Amtsgericht Saarbr\u00fccken, HRB 11558<\/p>\n\n\n\n<p><strong>Umsatzsteuer-ID.-Nummer gem. \u00a7 27a Umsatzsteuergesetz<\/strong><br>DE 146148799<br><\/p>\n\n\n\n<div class=\"wp-block-stackable-spacer stk-block-spacer stk--no-padding stk-block stk-63c925c\" data-block-id=\"63c925c\"><\/div>\n\n\n\n<h3 class=\"wp-block-heading\" id=\"agb\"><strong>AGB<\/strong><\/h3>\n\n\n\n<p><strong>Allgemeine Gesch\u00e4ftsbedingungen<\/strong><br>Die AGB der MP Filtri Germany GmbH sind auf der Seite &#8220;<a href=\"http:\/\/www.mpfiltri.de\/agb.html\" target=\"_blank\" rel=\"noreferrer noopener\">AGB<\/a>&#8221; hinterlegt und werden als PDF-Datei zum Download bereitgestellt. Den Link zur kostenfreien PDF-Lesesoftware Adobe\u00ae Acrobat Reader finden Sie auf der Seite &#8220;<a href=\"https:\/\/www.mpfiltri.de\/tools\/sizing-software\/\">Software<\/a>&#8220;.<\/p>\n\n\n\n<div class=\"wp-block-stackable-spacer stk-block-spacer stk--no-padding stk-block stk-783cfb0\" data-block-id=\"783cfb0\"><\/div>\n\n\n\n<h3 class=\"wp-block-heading\" id=\"agb\"><strong>Online-Streitbeilegung<\/strong><\/h3>\n\n\n\n<p><strong>Hinweis zur EU-Schlichtungsplattform<\/strong><br>Online- Streitbeilegung gem\u00e4\u00df Art. 14 Abs. 1 ODR VO: Die Europ\u00e4ische Kommission stellt eine Plattform zur Online-Streitbeilegung (OS) bereit. Diese finden Sie unter&nbsp;<a href=\"https:\/\/ec.europa.eu\/consumers\/odr\/main\/index.cfm?event=main.home2.show&amp;lng=DE\">https:\/\/ec.europa.eu\/consumers\/odr<\/a>. Wir sind weder bereit noch verpflichtet, an einem Streitbeilegungsverfahren vor einer Verbraucherschlichtungsstelle teilzunehmen.<\/p>\n\n\n\n<div class=\"wp-block-stackable-spacer stk-block-spacer stk--no-padding stk-block stk-8fabd11\" data-block-id=\"8fabd11\"><\/div>\n\n\n\n<h3 class=\"wp-block-heading\" id=\"agb\"><strong><strong>Haftung<\/strong><\/strong><\/h3>\n\n\n\n<p><strong>Haftung f\u00fcr Inhalte und Links<\/strong><br>Die MP Filtri Germany GmbH ist als Inhaltsanbieter nach \u00a7 7 Telemediengesetz f\u00fcr die eigenen Inhalte verantwortlich. Alle Inhalte werden regelm\u00e4\u00dfig sorgf\u00e4ltig gepr\u00fcft und aktualisiert. Dennoch kann keine Garantie f\u00fcr die Vollst\u00e4ndigkeit, Richtigkeit und letzte Aktualit\u00e4t \u00fcbernommen werden. Die MP Filtri Germany GmbH haftet nicht f\u00fcr Sch\u00e4den, die in Zusammenhang mit der Verwendung dieser Inhalte stehen.<\/p>\n\n\n\n<p>Unser Angebot enth\u00e4lt Links zu externen Webseiten, auf deren Inhalte die MP Filtri Germany GmbH keinen Einfluss hat. Deshalb k\u00f6nnen wir f\u00fcr diese Inhalte keine Gew\u00e4hr \u00fcbernehmen. F\u00fcr die Inhalte der verlinkten Seiten ist stets der jeweilige Anbieter oder Betreiber der Seiten verantwortlich. Bei Bekanntwerden von Rechtsverletzungen werden wir derartige Links umgehend entfernen.<\/p>\n\n\n\n<p>Die MP Filtri Germany GmbH beh\u00e4lt es sich vor, Teile der Webseiteninhalte ohne gesonderte Ank\u00fcndigung zu ver\u00e4ndern, zu erg\u00e4nzen, zu l\u00f6schen oder die Ver\u00f6ffentlichung zeitweise oder endg\u00fcltig einzustellen.<\/p>\n\n\n\n<div class=\"wp-block-stackable-spacer stk-block-spacer stk--no-padding stk-block stk-2a55550\" data-block-id=\"2a55550\"><\/div>\n\n\n\n<h3 class=\"wp-block-heading\" id=\"agb\"><strong><strong><strong>Urheberrecht<\/strong><\/strong><\/strong><\/h3>\n\n\n\n<p><strong>Copyright des Eigent\u00fcmers<\/strong><br>S\u00e4mtliche durch den Seitenbetreiber erstellten Inhalte auf der Website www.mpfiltri.com\/de unterliegen dem deutschen Urheberrecht. Die Vervielf\u00e4ltigung, Bearbeitung, Verbreitung und jede Art der Verwertung au\u00dferhalb der Grenzen des Urheberrechtes bed\u00fcrfen der schriftlichen Zustimmung des Eigent\u00fcmers der MP Filtri Germany GmbH bzw. des Autors \/ Erstellers. F\u00fcr die Verwendung und Verbreitung s\u00e4mtlicher Inhalte, auch auszugsweise, f\u00fcr Print- und Digitalmedien und im Speziellen in sozialen Medien, z.B. Facebook oder Instagram, bedarf es ausschlie\u00dflich der schriftlichen vorherigen Genehmigung der MP Filtri Germany GmbH. Jede Zuwiderhandlung wird rechtlich verfolgt.<\/p>\n\n\n\n<p>Sofern die Inhalte auf dieser Seite nicht vom Betreiber erstellt wurden, werden die Urheberrechte Dritter beachtet. Sollten Sie trotzdem auf eine Urheberrechtsverletzung aufmerksam werden, bitten wir um einen entsprechenden Hinweis. Bei Bekanntwerden von Rechtsverletzungen werden wir derartige Inhalte umgehend entfernen.<\/p>\n\n\n\n<div class=\"wp-block-stackable-spacer stk-block-spacer stk--no-padding stk-block stk-09e1ef6\" data-block-id=\"09e1ef6\"><\/div>\n\n\n\n<h3 class=\"wp-block-heading\" id=\"agb\"><strong><strong><strong><strong>Datenschutz<\/strong><\/strong><\/strong><\/strong><\/h3>\n\n\n\n<p><strong>Hinweise zur Daten\u00fcbertragung<\/strong><br>Als Seitenbetreiber weisen wir ausdr\u00fccklich darauf hin, dass die Daten\u00fcbertragung im Internet, z.B. bei der Kommunikation per E-Mail, Sicherheitsl\u00fccken aufweiset und nicht vollst\u00e4ndig vor dem Zugriff durch Dritte gesch\u00fctzt werden kann.<\/p>\n\n\n\n<p>Die Verwendung der Kontaktdaten des Impressums sowie auf der Kontaktseite zu gewerblichen Zwecken ist ausdr\u00fccklich nicht erw\u00fcnscht, es sei denn, der Anbieter hat zuvor seine schriftliche Einwilligung erteilt oder es besteht bereits eine Gesch\u00e4ftsbeziehung. Der Anbieter und alle auf dieser Website genannten Personen widersprechen hiermit jeder kommerziellen Verwendung und Weitergabe ihrer Daten.<\/p>\n\n\n\n<div class=\"wp-block-stackable-spacer stk-block-spacer stk--no-padding stk-block stk-7f7c9ee\" data-block-id=\"7f7c9ee\"><\/div>\n\n\n\n<h3 class=\"wp-block-heading\" id=\"agb\"><strong><strong><strong><strong><strong>Datenschutzerkl\u00e4rung<\/strong><\/strong><\/strong><\/strong><\/strong><\/h3>\n\n\n\n<p><strong>Informationen \u00fcber die Verarbeitung personenbezogener Daten<\/strong><br>Personenbezogene Daten sind Einzelangaben \u00fcber pers\u00f6nliche oder sachliche Verh\u00e4ltnisse einer bestimmten oder bestimmbaren nat\u00fcrlichen Person. Darunter fallen Informationen wie der b\u00fcrgerliche Name, die Anschrift, die Telefonnummer oder das Geburtsdatum.<\/p>\n\n\n\n<p>Diese Daten werden nur im technisch erforderlichen Umfang erhoben. Eine Auflistung, welche Informationen w\u00e4hrend Ihres Besuches auf unserer Internetseite https:\/\/www.mpfiltri.comde erfasst und wie diese genutzt werden, ist ausf\u00fchrlich auf der Seite &#8220;Datenschutzerkl\u00e4rung&#8221; dargelegt.<\/p>\n<\/div><\/div><\/div>\n<\/div><\/div>\n\n\n\n<div class=\"wp-block-stackable-columns stk-block-columns stk-block stk-cb27d40 body-lines height-100\" data-block-id=\"cb27d40\"><style>.stk-cb27d40 {margin-top:0px !important;margin-right:0px !important;margin-bottom:0px !important;margin-left:0px !important;}.stk-cb27d40-column{--stk-columns-spacing:0px !important;}<\/style><div class=\"stk-row stk-inner-blocks stk-block-content stk-content-align stk-cb27d40-column\">\n<div class=\"wp-block-stackable-column stk-block-column stk-column stk-block stk-118f174\" data-v=\"4\" data-block-id=\"118f174\"><div class=\"stk-column-wrapper stk-block-column__content stk-container stk-118f174-container stk--no-background stk--no-padding\"><div class=\"stk-block-content stk-inner-blocks stk-118f174-inner-blocks\"><\/div><\/div><\/div>\n<\/div><\/div>\n","protected":false},"excerpt":{"rendered":"<p>Impressum Angaben gem\u00e4\u00df \u00a75 Digitale-Dienste-Gesetz (DDG) IMPRESSUM Unter das Telemediengesetz fallen alle Unternehmen, die gesch\u00e4ftsm\u00e4\u00dfig Onlinedienste anbieten.Nachfolgend sind f\u00fcr Sie [&#8230;]<\/p>\n","protected":false},"author":4,"featured_media":0,"parent":0,"menu_order":10,"comment_status":"closed","ping_status":"closed","template":"","meta":{"_acf_changed":false,"_gspb_post_css":"","inline_featured_image":false,"_genesis_hide_title":false,"_genesis_hide_breadcrumbs":false,"_genesis_hide_singular_image":false,"_genesis_hide_footer_widgets":false,"_genesis_custom_body_class":"","_genesis_custom_post_class":"","_genesis_layout":"","footnotes":"","_links_to":"","_links_to_target":""},"class_list":{"0":"post-36440","1":"page","2":"type-page","3":"status-publish","5":"entry"},"acf":[],"yoast_head":"<!-- This site is optimized with the Yoast SEO plugin v26.9 - https:\/\/yoast.com\/product\/yoast-seo-wordpress\/ -->\n<title>Impressum - MP Filtri<\/title>\n<meta name=\"robots\" content=\"noindex, follow, max-snippet:-1, max-image-preview:large, max-video-preview:-1\" \/>\n<meta property=\"og:locale\" content=\"de_DE\" \/>\n<meta property=\"og:type\" content=\"article\" \/>\n<meta property=\"og:title\" content=\"Impressum - MP Filtri\" \/>\n<meta property=\"og:description\" content=\"Impressum Angaben gem\u00e4\u00df \u00a75 Digitale-Dienste-Gesetz (DDG) IMPRESSUM Unter das Telemediengesetz fallen alle Unternehmen, die gesch\u00e4ftsm\u00e4\u00dfig Onlinedienste anbieten.Nachfolgend sind f\u00fcr Sie [...]\" \/>\n<meta property=\"og:url\" content=\"https:\/\/mpfiltri3.addictionlab.it\/de\/impressum\/\" \/>\n<meta property=\"og:site_name\" content=\"MP Filtri\" \/>\n<meta property=\"article:publisher\" content=\"https:\/\/www.facebook.com\/MPFiltriITA\" \/>\n<meta property=\"article:modified_time\" content=\"2025-09-26T07:20:31+00:00\" \/>\n<meta name=\"twitter:card\" content=\"summary_large_image\" \/>\n<meta name=\"twitter:label1\" content=\"Gesch\u00e4tzte Lesezeit\" \/>\n\t<meta name=\"twitter:data1\" content=\"3\u00a0Minuten\" \/>\n<script type=\"application\/ld+json\" class=\"yoast-schema-graph\">{\"@context\":\"https:\/\/schema.org\",\"@graph\":[{\"@type\":\"WebPage\",\"@id\":\"https:\/\/mpfiltri3.addictionlab.it\/de\/impressum\/\",\"url\":\"https:\/\/mpfiltri3.addictionlab.it\/de\/impressum\/\",\"name\":\"Impressum - MP Filtri\",\"isPartOf\":{\"@id\":\"https:\/\/mpfiltri3.addictionlab.it\/de\/#website\"},\"datePublished\":\"2025-09-26T06:58:15+00:00\",\"dateModified\":\"2025-09-26T07:20:31+00:00\",\"breadcrumb\":{\"@id\":\"https:\/\/mpfiltri3.addictionlab.it\/de\/impressum\/#breadcrumb\"},\"inLanguage\":\"de\",\"potentialAction\":[{\"@type\":\"ReadAction\",\"target\":[\"https:\/\/mpfiltri3.addictionlab.it\/de\/impressum\/\"]}]},{\"@type\":\"BreadcrumbList\",\"@id\":\"https:\/\/mpfiltri3.addictionlab.it\/de\/impressum\/#breadcrumb\",\"itemListElement\":[{\"@type\":\"ListItem\",\"position\":1,\"name\":\"Start\",\"item\":\"https:\/\/mpfiltri3.addictionlab.it\/de\/\"},{\"@type\":\"ListItem\",\"position\":2,\"name\":\"Impressum\"}]},{\"@type\":\"WebSite\",\"@id\":\"https:\/\/mpfiltri3.addictionlab.it\/de\/#website\",\"url\":\"https:\/\/mpfiltri3.addictionlab.it\/de\/\",\"name\":\"MP Filtri\",\"description\":\"\",\"publisher\":{\"@id\":\"https:\/\/mpfiltri3.addictionlab.it\/de\/#organization\"},\"potentialAction\":[{\"@type\":\"SearchAction\",\"target\":{\"@type\":\"EntryPoint\",\"urlTemplate\":\"https:\/\/mpfiltri3.addictionlab.it\/de\/?s={search_term_string}\"},\"query-input\":{\"@type\":\"PropertyValueSpecification\",\"valueRequired\":true,\"valueName\":\"search_term_string\"}}],\"inLanguage\":\"de\"},{\"@type\":\"Organization\",\"@id\":\"https:\/\/mpfiltri3.addictionlab.it\/de\/#organization\",\"name\":\"MP Filtri\",\"url\":\"https:\/\/mpfiltri3.addictionlab.it\/de\/\",\"logo\":{\"@type\":\"ImageObject\",\"inLanguage\":\"de\",\"@id\":\"https:\/\/mpfiltri3.addictionlab.it\/de\/#\/schema\/logo\/image\/\",\"url\":\"https:\/\/mpfiltri3.addictionlab.it\/wp-content\/uploads\/2025\/09\/mpfiltri-logo.png\",\"contentUrl\":\"https:\/\/mpfiltri3.addictionlab.it\/wp-content\/uploads\/2025\/09\/mpfiltri-logo.png\",\"width\":263,\"height\":80,\"caption\":\"MP Filtri\"},\"image\":{\"@id\":\"https:\/\/mpfiltri3.addictionlab.it\/de\/#\/schema\/logo\/image\/\"},\"sameAs\":[\"https:\/\/www.facebook.com\/MPFiltriITA\",\"https:\/\/www.instagram.com\/mpfiltri\/\",\"https:\/\/www.youtube.com\/channel\/UCCzNMySYc1c4M-2B4v0K_QA?view_as=subscriber\",\"https:\/\/www.linkedin.com\/company\/mp-filtri-spa\/\"]}]}<\/script>\n<!-- \/ Yoast SEO plugin. -->","yoast_head_json":{"title":"Impressum - MP Filtri","robots":{"index":"noindex","follow":"follow","max-snippet":"max-snippet:-1","max-image-preview":"max-image-preview:large","max-video-preview":"max-video-preview:-1"},"og_locale":"de_DE","og_type":"article","og_title":"Impressum - MP Filtri","og_description":"Impressum Angaben gem\u00e4\u00df \u00a75 Digitale-Dienste-Gesetz (DDG) IMPRESSUM Unter das Telemediengesetz fallen alle Unternehmen, die gesch\u00e4ftsm\u00e4\u00dfig Onlinedienste anbieten.Nachfolgend sind f\u00fcr Sie [...]","og_url":"https:\/\/mpfiltri3.addictionlab.it\/de\/impressum\/","og_site_name":"MP Filtri","article_publisher":"https:\/\/www.facebook.com\/MPFiltriITA","article_modified_time":"2025-09-26T07:20:31+00:00","twitter_card":"summary_large_image","twitter_misc":{"Gesch\u00e4tzte Lesezeit":"3\u00a0Minuten"},"schema":{"@context":"https:\/\/schema.org","@graph":[{"@type":"WebPage","@id":"https:\/\/mpfiltri3.addictionlab.it\/de\/impressum\/","url":"https:\/\/mpfiltri3.addictionlab.it\/de\/impressum\/","name":"Impressum - MP Filtri","isPartOf":{"@id":"https:\/\/mpfiltri3.addictionlab.it\/de\/#website"},"datePublished":"2025-09-26T06:58:15+00:00","dateModified":"2025-09-26T07:20:31+00:00","breadcrumb":{"@id":"https:\/\/mpfiltri3.addictionlab.it\/de\/impressum\/#breadcrumb"},"inLanguage":"de","potentialAction":[{"@type":"ReadAction","target":["https:\/\/mpfiltri3.addictionlab.it\/de\/impressum\/"]}]},{"@type":"BreadcrumbList","@id":"https:\/\/mpfiltri3.addictionlab.it\/de\/impressum\/#breadcrumb","itemListElement":[{"@type":"ListItem","position":1,"name":"Start","item":"https:\/\/mpfiltri3.addictionlab.it\/de\/"},{"@type":"ListItem","position":2,"name":"Impressum"}]},{"@type":"WebSite","@id":"https:\/\/mpfiltri3.addictionlab.it\/de\/#website","url":"https:\/\/mpfiltri3.addictionlab.it\/de\/","name":"MP Filtri","description":"","publisher":{"@id":"https:\/\/mpfiltri3.addictionlab.it\/de\/#organization"},"potentialAction":[{"@type":"SearchAction","target":{"@type":"EntryPoint","urlTemplate":"https:\/\/mpfiltri3.addictionlab.it\/de\/?s={search_term_string}"},"query-input":{"@type":"PropertyValueSpecification","valueRequired":true,"valueName":"search_term_string"}}],"inLanguage":"de"},{"@type":"Organization","@id":"https:\/\/mpfiltri3.addictionlab.it\/de\/#organization","name":"MP Filtri","url":"https:\/\/mpfiltri3.addictionlab.it\/de\/","logo":{"@type":"ImageObject","inLanguage":"de","@id":"https:\/\/mpfiltri3.addictionlab.it\/de\/#\/schema\/logo\/image\/","url":"https:\/\/mpfiltri3.addictionlab.it\/wp-content\/uploads\/2025\/09\/mpfiltri-logo.png","contentUrl":"https:\/\/mpfiltri3.addictionlab.it\/wp-content\/uploads\/2025\/09\/mpfiltri-logo.png","width":263,"height":80,"caption":"MP Filtri"},"image":{"@id":"https:\/\/mpfiltri3.addictionlab.it\/de\/#\/schema\/logo\/image\/"},"sameAs":["https:\/\/www.facebook.com\/MPFiltriITA","https:\/\/www.instagram.com\/mpfiltri\/","https:\/\/www.youtube.com\/channel\/UCCzNMySYc1c4M-2B4v0K_QA?view_as=subscriber","https:\/\/www.linkedin.com\/company\/mp-filtri-spa\/"]}]}},"featured_image_src":null,"featured_image_src_square":null,"_links":{"self":[{"href":"https:\/\/mpfiltri3.addictionlab.it\/de\/wp-json\/wp\/v2\/pages\/36440","targetHints":{"allow":["GET"]}}],"collection":[{"href":"https:\/\/mpfiltri3.addictionlab.it\/de\/wp-json\/wp\/v2\/pages"}],"about":[{"href":"https:\/\/mpfiltri3.addictionlab.it\/de\/wp-json\/wp\/v2\/types\/page"}],"author":[{"embeddable":true,"href":"https:\/\/mpfiltri3.addictionlab.it\/de\/wp-json\/wp\/v2\/users\/4"}],"replies":[{"embeddable":true,"href":"https:\/\/mpfiltri3.addictionlab.it\/de\/wp-json\/wp\/v2\/comments?post=36440"}],"version-history":[{"count":5,"href":"https:\/\/mpfiltri3.addictionlab.it\/de\/wp-json\/wp\/v2\/pages\/36440\/revisions"}],"predecessor-version":[{"id":36448,"href":"https:\/\/mpfiltri3.addictionlab.it\/de\/wp-json\/wp\/v2\/pages\/36440\/revisions\/36448"}],"wp:attachment":[{"href":"https:\/\/mpfiltri3.addictionlab.it\/de\/wp-json\/wp\/v2\/media?parent=36440"}],"curies":[{"name":"wp","href":"https:\/\/api.w.org\/{rel}","templated":true}]}}