
{"id":48913,"date":"2026-02-26T12:10:17","date_gmt":"2026-02-26T11:10:17","guid":{"rendered":"https:\/\/mpfiltri3.addictionlab.it\/product\/produkt\/"},"modified":"2026-02-26T18:31:40","modified_gmt":"2026-02-26T17:31:40","slug":"icu","status":"publish","type":"product","link":"https:\/\/mpfiltri3.addictionlab.it\/de\/produkt\/icu\/","title":{"rendered":"ICU"},"content":{"rendered":"<p>Die <strong>Inline-Kontaminationssensoreinheit ICU<\/strong> misst die partikul\u00e4re Feststoffverschmutzung (Fluidreinheit gem\u00e4\u00df ISO 4406) in Standard-Hydraulikfluiden. Sie ist f\u00fcr eine direkte Montage an einem hydraulischen Steuerblock, mit einem auf die ICU abgestimmten Montageflansch konzipiert. Dieses erm\u00f6glicht eine kontinuierliche \u00dcberwachung eingesetzter Fluide in der jeweiligen Anwendung sowie eine einfache Nachr\u00fcstung im Bedarfsfall.<\/p>\n<p>Aufgrund eines integrierten Stromregelventils eignet sie sich vor allem f\u00fcr Hydraulikanwendungen mit zyklischen oder stark schwankenden Systemdr\u00fccken, wie z.B. Mobilmaschinen oder hydraulische Pressen.<\/p>\n<p>Die ICU ist als Sensor f\u00fcr den Einsatz im Umfeld digitaler Bordnetze oder Automatisierungssysteme konzipiert und bedarf einer \u00fcbergeordneten Datenerfassungs- und Auswerteeinheit wie z.B. einer SPS oder einem Fahrzeugcontroller.<\/p>\n<p>\u2022 Kalibriert nach relevanten ISO-Standards<\/p>\n<p>\u2022 Ausgabe der Fluidreinheit gem\u00e4\u00df ISO4406 als 3-stelliger ISO-Code<\/p>\n<p>\u2022 Datenkommunikation wahlweise \u00fcber Analog- (4-20 mA), RS485- (Modbus RTU) oder CANbus-Schnittstelle f\u00fcr mobile Anwendungen<\/p>\n<p>\u2022 Geeignet f\u00fcr Standard-Hydraulikfluide<\/p>\n<p>\u2022 Maximaler Betriebsdruck bis zu 350 bar<\/p>\n<p>\u2022 Integriertes Stromregelventil zur Sicherstellung des optimalen Durchflusses durch die Messzelle und wiederholgenauer Messungen<\/p>\n<p>\u2022 Klein und kompakt f\u00fcr begrenzte Einbaur\u00e4ume<\/p>\n<p>\u2022 Optimiert f\u00fcr die Integration in hydraulische Steuerbl\u00f6cke (Flanschanschluss)<\/p>\n<p>\u2022 Sowohl f\u00fcr die Nachr\u00fcstung als auch f\u00fcr den herstellerseitigen Serieneinsatz neu projektierter Maschinenserien geeignet<\/p>\n<p>\u2022 Robust dank stabilem IP67\/ IP69K Messinggeh\u00e4use in Blockausf\u00fchrung<\/p>\n<p>\u2022 Als spezielle Versionen f\u00fcr station\u00e4re Industrieanwendungen und Mobilmaschinen erh\u00e4ltlich<\/p>\n","protected":false},"excerpt":{"rendered":"<p>Die Inline-Kontaminationssensoreinheit ICU misst die partikul\u00e4re Feststoffverschmutzung (Fluidreinheit gem\u00e4\u00df ISO 4406) in Standard-Hydraulikfluiden. Sie ist f\u00fcr eine direkte Montage an [&#8230;]<\/p>\n","protected":false},"featured_media":0,"comment_status":"open","ping_status":"closed","template":"","meta":{"_acf_changed":false,"_gspb_post_css":"","inline_featured_image":false,"_genesis_hide_title":false,"_genesis_hide_breadcrumbs":false,"_genesis_hide_singular_image":false,"_genesis_hide_footer_widgets":false,"_genesis_custom_body_class":"","_genesis_custom_post_class":"","_genesis_layout":"","_links_to":"","_links_to_target":""},"product-structure":[62],"product_brand":[],"product_cat":[13193,13298,13249],"product_tag":[],"class_list":{"0":"post-48913","1":"product","2":"type-product","3":"status-publish","5":"product-structure-series","6":"product_cat-anwendungen","7":"product_cat-forming-machines-for-ceramics-plastics-rubber-metals","8":"product_cat-industrial-equipment-prova","9":"entry","11":"first","12":"instock","13":"shipping-taxable","14":"product-type-simple"},"acf":[],"yoast_head":"<!-- This site is optimized with the Yoast SEO plugin v26.9 - https:\/\/yoast.com\/product\/yoast-seo-wordpress\/ -->\n<title>ICU - MP Filtri<\/title>\n<meta name=\"robots\" content=\"noindex, follow, max-snippet:-1, max-image-preview:large, max-video-preview:-1\" \/>\n<meta property=\"og:locale\" content=\"de_DE\" \/>\n<meta property=\"og:type\" content=\"article\" \/>\n<meta property=\"og:title\" content=\"ICU - MP Filtri\" \/>\n<meta property=\"og:description\" content=\"Die Inline-Kontaminationssensoreinheit ICU misst die partikul\u00e4re Feststoffverschmutzung (Fluidreinheit gem\u00e4\u00df ISO 4406) in Standard-Hydraulikfluiden. Sie ist f\u00fcr eine direkte Montage an [...]\" \/>\n<meta property=\"og:url\" content=\"https:\/\/mpfiltri3.addictionlab.it\/de\/produkt\/icu\/\" \/>\n<meta property=\"og:site_name\" content=\"MP Filtri\" \/>\n<meta property=\"article:publisher\" content=\"https:\/\/www.facebook.com\/MPFiltriITA\" \/>\n<meta property=\"article:modified_time\" content=\"2026-02-26T17:31:40+00:00\" \/>\n<meta name=\"twitter:card\" content=\"summary_large_image\" \/>\n<meta name=\"twitter:label1\" content=\"Gesch\u00e4tzte Lesezeit\" \/>\n\t<meta name=\"twitter:data1\" content=\"1\u00a0Minute\" \/>\n<script type=\"application\/ld+json\" class=\"yoast-schema-graph\">{\"@context\":\"https:\/\/schema.org\",\"@graph\":[{\"@type\":\"WebPage\",\"@id\":\"https:\/\/mpfiltri3.addictionlab.it\/de\/produkt\/icu\/\",\"url\":\"https:\/\/mpfiltri3.addictionlab.it\/de\/produkt\/icu\/\",\"name\":\"ICU - MP Filtri\",\"isPartOf\":{\"@id\":\"https:\/\/mpfiltri3.addictionlab.it\/de\/#website\"},\"datePublished\":\"2026-02-26T11:10:17+00:00\",\"dateModified\":\"2026-02-26T17:31:40+00:00\",\"breadcrumb\":{\"@id\":\"https:\/\/mpfiltri3.addictionlab.it\/de\/produkt\/icu\/#breadcrumb\"},\"inLanguage\":\"de\",\"potentialAction\":[{\"@type\":\"ReadAction\",\"target\":[\"https:\/\/mpfiltri3.addictionlab.it\/de\/produkt\/icu\/\"]}]},{\"@type\":\"BreadcrumbList\",\"@id\":\"https:\/\/mpfiltri3.addictionlab.it\/de\/produkt\/icu\/#breadcrumb\",\"itemListElement\":[{\"@type\":\"ListItem\",\"position\":1,\"name\":\"Start\",\"item\":\"https:\/\/mpfiltri3.addictionlab.it\/de\/\"},{\"@type\":\"ListItem\",\"position\":2,\"name\":\"Shop\",\"item\":\"https:\/\/mpfiltri3.addictionlab.it\/shop\/\"},{\"@type\":\"ListItem\",\"position\":3,\"name\":\"ICU\"}]},{\"@type\":\"WebSite\",\"@id\":\"https:\/\/mpfiltri3.addictionlab.it\/de\/#website\",\"url\":\"https:\/\/mpfiltri3.addictionlab.it\/de\/\",\"name\":\"MP Filtri\",\"description\":\"\",\"publisher\":{\"@id\":\"https:\/\/mpfiltri3.addictionlab.it\/de\/#organization\"},\"potentialAction\":[{\"@type\":\"SearchAction\",\"target\":{\"@type\":\"EntryPoint\",\"urlTemplate\":\"https:\/\/mpfiltri3.addictionlab.it\/de\/?s={search_term_string}\"},\"query-input\":{\"@type\":\"PropertyValueSpecification\",\"valueRequired\":true,\"valueName\":\"search_term_string\"}}],\"inLanguage\":\"de\"},{\"@type\":\"Organization\",\"@id\":\"https:\/\/mpfiltri3.addictionlab.it\/de\/#organization\",\"name\":\"MP Filtri\",\"url\":\"https:\/\/mpfiltri3.addictionlab.it\/de\/\",\"logo\":{\"@type\":\"ImageObject\",\"inLanguage\":\"de\",\"@id\":\"https:\/\/mpfiltri3.addictionlab.it\/de\/#\/schema\/logo\/image\/\",\"url\":\"https:\/\/mpfiltri3.addictionlab.it\/wp-content\/uploads\/2025\/09\/mpfiltri-logo.png\",\"contentUrl\":\"https:\/\/mpfiltri3.addictionlab.it\/wp-content\/uploads\/2025\/09\/mpfiltri-logo.png\",\"width\":263,\"height\":80,\"caption\":\"MP Filtri\"},\"image\":{\"@id\":\"https:\/\/mpfiltri3.addictionlab.it\/de\/#\/schema\/logo\/image\/\"},\"sameAs\":[\"https:\/\/www.facebook.com\/MPFiltriITA\",\"https:\/\/www.instagram.com\/mpfiltri\/\",\"https:\/\/www.youtube.com\/channel\/UCCzNMySYc1c4M-2B4v0K_QA?view_as=subscriber\",\"https:\/\/www.linkedin.com\/company\/mp-filtri-spa\/\"]}]}<\/script>\n<!-- \/ Yoast SEO plugin. -->","yoast_head_json":{"title":"ICU - MP Filtri","robots":{"index":"noindex","follow":"follow","max-snippet":"max-snippet:-1","max-image-preview":"max-image-preview:large","max-video-preview":"max-video-preview:-1"},"og_locale":"de_DE","og_type":"article","og_title":"ICU - MP Filtri","og_description":"Die Inline-Kontaminationssensoreinheit ICU misst die partikul\u00e4re Feststoffverschmutzung (Fluidreinheit gem\u00e4\u00df ISO 4406) in Standard-Hydraulikfluiden. Sie ist f\u00fcr eine direkte Montage an [...]","og_url":"https:\/\/mpfiltri3.addictionlab.it\/de\/produkt\/icu\/","og_site_name":"MP Filtri","article_publisher":"https:\/\/www.facebook.com\/MPFiltriITA","article_modified_time":"2026-02-26T17:31:40+00:00","twitter_card":"summary_large_image","twitter_misc":{"Gesch\u00e4tzte Lesezeit":"1\u00a0Minute"},"schema":{"@context":"https:\/\/schema.org","@graph":[{"@type":"WebPage","@id":"https:\/\/mpfiltri3.addictionlab.it\/de\/produkt\/icu\/","url":"https:\/\/mpfiltri3.addictionlab.it\/de\/produkt\/icu\/","name":"ICU - MP Filtri","isPartOf":{"@id":"https:\/\/mpfiltri3.addictionlab.it\/de\/#website"},"datePublished":"2026-02-26T11:10:17+00:00","dateModified":"2026-02-26T17:31:40+00:00","breadcrumb":{"@id":"https:\/\/mpfiltri3.addictionlab.it\/de\/produkt\/icu\/#breadcrumb"},"inLanguage":"de","potentialAction":[{"@type":"ReadAction","target":["https:\/\/mpfiltri3.addictionlab.it\/de\/produkt\/icu\/"]}]},{"@type":"BreadcrumbList","@id":"https:\/\/mpfiltri3.addictionlab.it\/de\/produkt\/icu\/#breadcrumb","itemListElement":[{"@type":"ListItem","position":1,"name":"Start","item":"https:\/\/mpfiltri3.addictionlab.it\/de\/"},{"@type":"ListItem","position":2,"name":"Shop","item":"https:\/\/mpfiltri3.addictionlab.it\/shop\/"},{"@type":"ListItem","position":3,"name":"ICU"}]},{"@type":"WebSite","@id":"https:\/\/mpfiltri3.addictionlab.it\/de\/#website","url":"https:\/\/mpfiltri3.addictionlab.it\/de\/","name":"MP Filtri","description":"","publisher":{"@id":"https:\/\/mpfiltri3.addictionlab.it\/de\/#organization"},"potentialAction":[{"@type":"SearchAction","target":{"@type":"EntryPoint","urlTemplate":"https:\/\/mpfiltri3.addictionlab.it\/de\/?s={search_term_string}"},"query-input":{"@type":"PropertyValueSpecification","valueRequired":true,"valueName":"search_term_string"}}],"inLanguage":"de"},{"@type":"Organization","@id":"https:\/\/mpfiltri3.addictionlab.it\/de\/#organization","name":"MP Filtri","url":"https:\/\/mpfiltri3.addictionlab.it\/de\/","logo":{"@type":"ImageObject","inLanguage":"de","@id":"https:\/\/mpfiltri3.addictionlab.it\/de\/#\/schema\/logo\/image\/","url":"https:\/\/mpfiltri3.addictionlab.it\/wp-content\/uploads\/2025\/09\/mpfiltri-logo.png","contentUrl":"https:\/\/mpfiltri3.addictionlab.it\/wp-content\/uploads\/2025\/09\/mpfiltri-logo.png","width":263,"height":80,"caption":"MP Filtri"},"image":{"@id":"https:\/\/mpfiltri3.addictionlab.it\/de\/#\/schema\/logo\/image\/"},"sameAs":["https:\/\/www.facebook.com\/MPFiltriITA","https:\/\/www.instagram.com\/mpfiltri\/","https:\/\/www.youtube.com\/channel\/UCCzNMySYc1c4M-2B4v0K_QA?view_as=subscriber","https:\/\/www.linkedin.com\/company\/mp-filtri-spa\/"]}]}},"_links":{"self":[{"href":"https:\/\/mpfiltri3.addictionlab.it\/de\/wp-json\/wp\/v2\/product\/48913","targetHints":{"allow":["GET"]}}],"collection":[{"href":"https:\/\/mpfiltri3.addictionlab.it\/de\/wp-json\/wp\/v2\/product"}],"about":[{"href":"https:\/\/mpfiltri3.addictionlab.it\/de\/wp-json\/wp\/v2\/types\/product"}],"replies":[{"embeddable":true,"href":"https:\/\/mpfiltri3.addictionlab.it\/de\/wp-json\/wp\/v2\/comments?post=48913"}],"wp:attachment":[{"href":"https:\/\/mpfiltri3.addictionlab.it\/de\/wp-json\/wp\/v2\/media?parent=48913"}],"wp:term":[{"taxonomy":"product-structure","embeddable":true,"href":"https:\/\/mpfiltri3.addictionlab.it\/de\/wp-json\/wp\/v2\/product-structure?post=48913"},{"taxonomy":"product_brand","embeddable":true,"href":"https:\/\/mpfiltri3.addictionlab.it\/de\/wp-json\/wp\/v2\/product_brand?post=48913"},{"taxonomy":"product_cat","embeddable":true,"href":"https:\/\/mpfiltri3.addictionlab.it\/de\/wp-json\/wp\/v2\/product_cat?post=48913"},{"taxonomy":"product_tag","embeddable":true,"href":"https:\/\/mpfiltri3.addictionlab.it\/de\/wp-json\/wp\/v2\/product_tag?post=48913"}],"curies":[{"name":"wp","href":"https:\/\/api.w.org\/{rel}","templated":true}]}}