
{"id":48934,"date":"2026-02-26T12:13:15","date_gmt":"2026-02-26T11:13:15","guid":{"rendered":"https:\/\/mpfiltri3.addictionlab.it\/product\/produkt\/"},"modified":"2026-02-26T18:31:22","modified_gmt":"2026-02-26T17:31:22","slug":"ics","status":"publish","type":"product","link":"https:\/\/mpfiltri3.addictionlab.it\/de\/produkt\/ics\/","title":{"rendered":"ICS"},"content":{"rendered":"<p>Der <strong>Inline-Kontaminationssensor ICS<\/strong> misst die partikul\u00e4re Feststoffverschmutzung (Fluidreinheit gem\u00e4\u00df ISO 4406) in Standard-Hydraulik- und Schmierfluiden. Er ist f\u00fcr eine direkte Montage an der Maschine konzipiert und wird in deren Fluidkreislauf als Bypass integriert. Dieses erm\u00f6glicht eine kontinuierliche \u00dcberwachung eingesetzter Fluide. Er eignet sich vor allem f\u00fcr die Flotten\u00fcberwachung mobiler Arbeitsmaschinen sowie gro\u00dfer Maschinenparks im industriellen Umfeld.<\/p>\n<p>Der ICS ist als Sensor f\u00fcr den Einsatz im Umfeld digitaler Bordnetze oder Automatisierungssysteme konzipiert und bedarf einer \u00fcbergeordneten Datenerfassungs- und Auswerteeinheit wie z.B. einer SPS oder einem Fahrzeugcontroller.<\/p>\n<p>\u2022 Kalibriert nach relevanten ISO-Standards<\/p>\n<p>\u2022 Ausgabe der Fluidreinheit gem\u00e4\u00df ISO4406 als 3-stelliger ISO-Code<\/p>\n<p>\u2022 Datenkommunikation wahlweise \u00fcber Analog- (4-20 mA), RS485- (Modbus RTU) oder CANbus-Schnittstelle f\u00fcr mobile Anwendungen<\/p>\n<p>\u2022 Geeignet f\u00fcr Standard Hydraulik- und Schmierfluide<\/p>\n<p>\u2022 Maximaler Betriebsdruck bis zu 420 bar<\/p>\n<p>\u2022 Klein und kompakt f\u00fcr begrenzte Einbaur\u00e4ume<\/p>\n<p>\u2022 Sowohl f\u00fcr die Nachr\u00fcstung als auch f\u00fcr den herstellerseitigen Serieneinsatz in bestehenden Maschinenserien geeignet<\/p>\n<p>\u2022 Robust dank stabilem IP67\/ IP69K Edelstahlgeh\u00e4use in Blockausf\u00fchrung<\/p>\n<p>\u2022 Als spezielle Versionen f\u00fcr station\u00e4re Industrieanwendungen und Mobilmaschinen erh\u00e4ltlich<\/p>\n<p>Empfohlenes CMP-Zubeh\u00f6r: ICM-FC1 (bei Bedarf)<\/p>\n","protected":false},"excerpt":{"rendered":"<p>Der Inline-Kontaminationssensor ICS misst die partikul\u00e4re Feststoffverschmutzung (Fluidreinheit gem\u00e4\u00df ISO 4406) in Standard-Hydraulik- und Schmierfluiden. Er ist f\u00fcr eine direkte [&#8230;]<\/p>\n","protected":false},"featured_media":0,"comment_status":"open","ping_status":"closed","template":"","meta":{"_acf_changed":false,"_gspb_post_css":"","inline_featured_image":false,"_genesis_hide_title":false,"_genesis_hide_breadcrumbs":false,"_genesis_hide_singular_image":false,"_genesis_hide_footer_widgets":false,"_genesis_custom_body_class":"","_genesis_custom_post_class":"","_genesis_layout":"","_links_to":"","_links_to_target":""},"product-structure":[62],"product_brand":[],"product_cat":[13207,13193,13242,13214,13298,13249,13221,13200,13277,13284,13291],"product_tag":[],"class_list":{"0":"post-48934","1":"product","2":"type-product","3":"status-publish","5":"product-structure-series","6":"product_cat-agriculture-forestry","7":"product_cat-anwendungen","8":"product_cat-commercial-utility-vehicles","9":"product_cat-construction","10":"product_cat-forming-machines-for-ceramics-plastics-rubber-metals","11":"product_cat-industrial-equipment-prova","12":"product_cat-materials-handling","13":"product_cat-mobile-equipment","14":"product_cat-packaging-foodbeverage","15":"product_cat-textile-wood-pulppaper","16":"product_cat-waste-treatment","17":"entry","19":"first","20":"instock","21":"shipping-taxable","22":"product-type-simple"},"acf":[],"yoast_head":"<!-- This site is optimized with the Yoast SEO plugin v26.9 - https:\/\/yoast.com\/product\/yoast-seo-wordpress\/ -->\n<title>ICS - MP Filtri<\/title>\n<meta name=\"robots\" content=\"noindex, follow, max-snippet:-1, max-image-preview:large, max-video-preview:-1\" \/>\n<meta property=\"og:locale\" content=\"de_DE\" \/>\n<meta property=\"og:type\" content=\"article\" \/>\n<meta property=\"og:title\" content=\"ICS - MP Filtri\" \/>\n<meta property=\"og:description\" content=\"Der Inline-Kontaminationssensor ICS misst die partikul\u00e4re Feststoffverschmutzung (Fluidreinheit gem\u00e4\u00df ISO 4406) in Standard-Hydraulik- und Schmierfluiden. Er ist f\u00fcr eine direkte [...]\" \/>\n<meta property=\"og:url\" content=\"https:\/\/mpfiltri3.addictionlab.it\/de\/produkt\/ics\/\" \/>\n<meta property=\"og:site_name\" content=\"MP Filtri\" \/>\n<meta property=\"article:publisher\" content=\"https:\/\/www.facebook.com\/MPFiltriITA\" \/>\n<meta property=\"article:modified_time\" content=\"2026-02-26T17:31:22+00:00\" \/>\n<meta name=\"twitter:card\" content=\"summary_large_image\" \/>\n<meta name=\"twitter:label1\" content=\"Gesch\u00e4tzte Lesezeit\" \/>\n\t<meta name=\"twitter:data1\" content=\"1\u00a0Minute\" \/>\n<script type=\"application\/ld+json\" class=\"yoast-schema-graph\">{\"@context\":\"https:\/\/schema.org\",\"@graph\":[{\"@type\":\"WebPage\",\"@id\":\"https:\/\/mpfiltri3.addictionlab.it\/de\/produkt\/ics\/\",\"url\":\"https:\/\/mpfiltri3.addictionlab.it\/de\/produkt\/ics\/\",\"name\":\"ICS - MP Filtri\",\"isPartOf\":{\"@id\":\"https:\/\/mpfiltri3.addictionlab.it\/de\/#website\"},\"datePublished\":\"2026-02-26T11:13:15+00:00\",\"dateModified\":\"2026-02-26T17:31:22+00:00\",\"breadcrumb\":{\"@id\":\"https:\/\/mpfiltri3.addictionlab.it\/de\/produkt\/ics\/#breadcrumb\"},\"inLanguage\":\"de\",\"potentialAction\":[{\"@type\":\"ReadAction\",\"target\":[\"https:\/\/mpfiltri3.addictionlab.it\/de\/produkt\/ics\/\"]}]},{\"@type\":\"BreadcrumbList\",\"@id\":\"https:\/\/mpfiltri3.addictionlab.it\/de\/produkt\/ics\/#breadcrumb\",\"itemListElement\":[{\"@type\":\"ListItem\",\"position\":1,\"name\":\"Start\",\"item\":\"https:\/\/mpfiltri3.addictionlab.it\/de\/\"},{\"@type\":\"ListItem\",\"position\":2,\"name\":\"Shop\",\"item\":\"https:\/\/mpfiltri3.addictionlab.it\/shop\/\"},{\"@type\":\"ListItem\",\"position\":3,\"name\":\"ICS\"}]},{\"@type\":\"WebSite\",\"@id\":\"https:\/\/mpfiltri3.addictionlab.it\/de\/#website\",\"url\":\"https:\/\/mpfiltri3.addictionlab.it\/de\/\",\"name\":\"MP Filtri\",\"description\":\"\",\"publisher\":{\"@id\":\"https:\/\/mpfiltri3.addictionlab.it\/de\/#organization\"},\"potentialAction\":[{\"@type\":\"SearchAction\",\"target\":{\"@type\":\"EntryPoint\",\"urlTemplate\":\"https:\/\/mpfiltri3.addictionlab.it\/de\/?s={search_term_string}\"},\"query-input\":{\"@type\":\"PropertyValueSpecification\",\"valueRequired\":true,\"valueName\":\"search_term_string\"}}],\"inLanguage\":\"de\"},{\"@type\":\"Organization\",\"@id\":\"https:\/\/mpfiltri3.addictionlab.it\/de\/#organization\",\"name\":\"MP Filtri\",\"url\":\"https:\/\/mpfiltri3.addictionlab.it\/de\/\",\"logo\":{\"@type\":\"ImageObject\",\"inLanguage\":\"de\",\"@id\":\"https:\/\/mpfiltri3.addictionlab.it\/de\/#\/schema\/logo\/image\/\",\"url\":\"https:\/\/mpfiltri3.addictionlab.it\/wp-content\/uploads\/2025\/09\/mpfiltri-logo.png\",\"contentUrl\":\"https:\/\/mpfiltri3.addictionlab.it\/wp-content\/uploads\/2025\/09\/mpfiltri-logo.png\",\"width\":263,\"height\":80,\"caption\":\"MP Filtri\"},\"image\":{\"@id\":\"https:\/\/mpfiltri3.addictionlab.it\/de\/#\/schema\/logo\/image\/\"},\"sameAs\":[\"https:\/\/www.facebook.com\/MPFiltriITA\",\"https:\/\/www.instagram.com\/mpfiltri\/\",\"https:\/\/www.youtube.com\/channel\/UCCzNMySYc1c4M-2B4v0K_QA?view_as=subscriber\",\"https:\/\/www.linkedin.com\/company\/mp-filtri-spa\/\"]}]}<\/script>\n<!-- \/ Yoast SEO plugin. -->","yoast_head_json":{"title":"ICS - MP Filtri","robots":{"index":"noindex","follow":"follow","max-snippet":"max-snippet:-1","max-image-preview":"max-image-preview:large","max-video-preview":"max-video-preview:-1"},"og_locale":"de_DE","og_type":"article","og_title":"ICS - MP Filtri","og_description":"Der Inline-Kontaminationssensor ICS misst die partikul\u00e4re Feststoffverschmutzung (Fluidreinheit gem\u00e4\u00df ISO 4406) in Standard-Hydraulik- und Schmierfluiden. Er ist f\u00fcr eine direkte [...]","og_url":"https:\/\/mpfiltri3.addictionlab.it\/de\/produkt\/ics\/","og_site_name":"MP Filtri","article_publisher":"https:\/\/www.facebook.com\/MPFiltriITA","article_modified_time":"2026-02-26T17:31:22+00:00","twitter_card":"summary_large_image","twitter_misc":{"Gesch\u00e4tzte Lesezeit":"1\u00a0Minute"},"schema":{"@context":"https:\/\/schema.org","@graph":[{"@type":"WebPage","@id":"https:\/\/mpfiltri3.addictionlab.it\/de\/produkt\/ics\/","url":"https:\/\/mpfiltri3.addictionlab.it\/de\/produkt\/ics\/","name":"ICS - MP Filtri","isPartOf":{"@id":"https:\/\/mpfiltri3.addictionlab.it\/de\/#website"},"datePublished":"2026-02-26T11:13:15+00:00","dateModified":"2026-02-26T17:31:22+00:00","breadcrumb":{"@id":"https:\/\/mpfiltri3.addictionlab.it\/de\/produkt\/ics\/#breadcrumb"},"inLanguage":"de","potentialAction":[{"@type":"ReadAction","target":["https:\/\/mpfiltri3.addictionlab.it\/de\/produkt\/ics\/"]}]},{"@type":"BreadcrumbList","@id":"https:\/\/mpfiltri3.addictionlab.it\/de\/produkt\/ics\/#breadcrumb","itemListElement":[{"@type":"ListItem","position":1,"name":"Start","item":"https:\/\/mpfiltri3.addictionlab.it\/de\/"},{"@type":"ListItem","position":2,"name":"Shop","item":"https:\/\/mpfiltri3.addictionlab.it\/shop\/"},{"@type":"ListItem","position":3,"name":"ICS"}]},{"@type":"WebSite","@id":"https:\/\/mpfiltri3.addictionlab.it\/de\/#website","url":"https:\/\/mpfiltri3.addictionlab.it\/de\/","name":"MP Filtri","description":"","publisher":{"@id":"https:\/\/mpfiltri3.addictionlab.it\/de\/#organization"},"potentialAction":[{"@type":"SearchAction","target":{"@type":"EntryPoint","urlTemplate":"https:\/\/mpfiltri3.addictionlab.it\/de\/?s={search_term_string}"},"query-input":{"@type":"PropertyValueSpecification","valueRequired":true,"valueName":"search_term_string"}}],"inLanguage":"de"},{"@type":"Organization","@id":"https:\/\/mpfiltri3.addictionlab.it\/de\/#organization","name":"MP Filtri","url":"https:\/\/mpfiltri3.addictionlab.it\/de\/","logo":{"@type":"ImageObject","inLanguage":"de","@id":"https:\/\/mpfiltri3.addictionlab.it\/de\/#\/schema\/logo\/image\/","url":"https:\/\/mpfiltri3.addictionlab.it\/wp-content\/uploads\/2025\/09\/mpfiltri-logo.png","contentUrl":"https:\/\/mpfiltri3.addictionlab.it\/wp-content\/uploads\/2025\/09\/mpfiltri-logo.png","width":263,"height":80,"caption":"MP Filtri"},"image":{"@id":"https:\/\/mpfiltri3.addictionlab.it\/de\/#\/schema\/logo\/image\/"},"sameAs":["https:\/\/www.facebook.com\/MPFiltriITA","https:\/\/www.instagram.com\/mpfiltri\/","https:\/\/www.youtube.com\/channel\/UCCzNMySYc1c4M-2B4v0K_QA?view_as=subscriber","https:\/\/www.linkedin.com\/company\/mp-filtri-spa\/"]}]}},"_links":{"self":[{"href":"https:\/\/mpfiltri3.addictionlab.it\/de\/wp-json\/wp\/v2\/product\/48934","targetHints":{"allow":["GET"]}}],"collection":[{"href":"https:\/\/mpfiltri3.addictionlab.it\/de\/wp-json\/wp\/v2\/product"}],"about":[{"href":"https:\/\/mpfiltri3.addictionlab.it\/de\/wp-json\/wp\/v2\/types\/product"}],"replies":[{"embeddable":true,"href":"https:\/\/mpfiltri3.addictionlab.it\/de\/wp-json\/wp\/v2\/comments?post=48934"}],"wp:attachment":[{"href":"https:\/\/mpfiltri3.addictionlab.it\/de\/wp-json\/wp\/v2\/media?parent=48934"}],"wp:term":[{"taxonomy":"product-structure","embeddable":true,"href":"https:\/\/mpfiltri3.addictionlab.it\/de\/wp-json\/wp\/v2\/product-structure?post=48934"},{"taxonomy":"product_brand","embeddable":true,"href":"https:\/\/mpfiltri3.addictionlab.it\/de\/wp-json\/wp\/v2\/product_brand?post=48934"},{"taxonomy":"product_cat","embeddable":true,"href":"https:\/\/mpfiltri3.addictionlab.it\/de\/wp-json\/wp\/v2\/product_cat?post=48934"},{"taxonomy":"product_tag","embeddable":true,"href":"https:\/\/mpfiltri3.addictionlab.it\/de\/wp-json\/wp\/v2\/product_tag?post=48934"}],"curies":[{"name":"wp","href":"https:\/\/api.w.org\/{rel}","templated":true}]}}