
{"id":48988,"date":"2026-01-29T16:14:11","date_gmt":"2026-01-29T15:14:11","guid":{"rendered":"https:\/\/mpfiltri3.addictionlab.it\/product\/produkt-3\/"},"modified":"2026-02-26T18:32:55","modified_gmt":"2026-02-26T17:32:55","slug":"acmu","status":"publish","type":"product","link":"https:\/\/mpfiltri3.addictionlab.it\/de\/produkt\/acmu\/","title":{"rendered":"ACMU"},"content":{"rendered":"<p>Die <strong>ACMU<\/strong> ist eine<strong> autarke Zustands\u00fcberwachungseinheit<\/strong> mit integrierter Motor-Pumpen-Gruppe und MP Filtri\u2018s Inline Contamination Sensor ICM 2.0. Messaufgabe ist die Bestimmung der partikul\u00e4ren Feststoffverschmutzung (Fluidreinheit) sowie die relative Feuchte und Temperatur (optional) in Standard-Hydraulik- und Schmierfluiden.<\/p>\n<p>Sie ist f\u00fcr eine direkte Montage an der Maschine konzipiert und wird als Bypass an deren Fluidkreislauf oder Tank angeschlossen. Dank der integrierten Pumpe wird eine Fluidentnahme auch in drucklosen Systemen erm\u00f6glicht. Besonderes Merkmal der ACMU ist ihre integrierte Luftl\u00f6sestrecke, die eine zuverl\u00e4ssige Bestimmung der Fluidreinheit auch in Fluidsystemen mit erh\u00f6htem Luftanteil erm\u00f6glicht. Die ACMU ist somit die ideale Zustands\u00fcberwachungsl\u00f6sung f\u00fcr Umlaufschmiersysteme, Pumpstationen und Industriegetriebe, deren ungeplanter Ausfall in der Regel hohe Stillstandkosten nach sich zieht.<\/p>\n<p>Die ACMU ist neben der Standardausf\u00fchrung f\u00fcr drucklose Tanksysteme auch als Variante mit vordruckstabiler Pumpe f\u00fcr Anwendungen mit einem maximalen Druck von bis zu 50 bar am Pumpeneingang erh\u00e4ltlich. Letztere eignet sich vor allem zur Leitungsintegration in Fluidkreisl\u00e4ufe mit hohen Volumenstr\u00f6men.<\/p>\n<p>\u2022 Zuverl\u00e4ssige Bestimmung der Fluidkontamination durch Inline Contamination Monitor ICM als zentraler Produktbestandteil<\/p>\n<p>\u2022 Autarker Betrieb dank integrierter Motor-Pumpengruppe<\/p>\n<p>\u2022 Ideal f\u00fcr drucklose Systeme wie z.B. \u00d6lreservoirs geeignet<\/p>\n<p>\u2022 Dank integrierter Luftl\u00f6sestrecke auch in luftbehafteten Schmiersystemen einsetzbar, z.B. Industriegetriebe<\/p>\n<p>\u2022 Vordruckstabile Pumpe als Option (z.B. f\u00fcr Umlaufschmiersysteme und Pumpstationen)<\/p>\n<p>\u2022 Geeignet f\u00fcr Standard Hydraulik- und Schmierfluide auf Mineral\u00f6l-, PAO-, oder Esterbasis (Bio\u00f6le)<\/p>\n<p>\u2022 Breite Palette an Antriebsmotoren f\u00fcr einen weltweiten Einsatz<\/p>\n<p>\u2022 Spezielle Variante mit Schutzgeh\u00e4use und Transportlaschen f\u00fcr den mobilen Fluidservice, z.B. an Windkraftanlagen<\/p>\n<p>\u2022 Zus\u00e4tzlicher 16&#215;2 Messanschluss zur Entnahme von Fluidproben<\/p>\n<p>Empfohlenes CMP-Zubeh\u00f6r: PC-Interface ICM-USBi (bei Bedarf)<\/p>\n","protected":false},"excerpt":{"rendered":"<p>Die ACMU ist eine autarke Zustands\u00fcberwachungseinheit mit integrierter Motor-Pumpen-Gruppe und MP Filtri\u2018s Inline Contamination Sensor ICM 2.0. Messaufgabe ist die [&#8230;]<\/p>\n","protected":false},"featured_media":0,"comment_status":"open","ping_status":"closed","template":"","meta":{"_acf_changed":false,"_gspb_post_css":"","inline_featured_image":false,"_genesis_hide_title":false,"_genesis_hide_breadcrumbs":false,"_genesis_hide_singular_image":false,"_genesis_hide_footer_widgets":false,"_genesis_custom_body_class":"","_genesis_custom_post_class":"","_genesis_layout":"","_links_to":"","_links_to_target":""},"product-structure":[62],"product_brand":[],"product_cat":[13193,13256,13249,13270],"product_tag":[],"class_list":{"0":"post-48988","1":"product","2":"type-product","3":"status-publish","5":"product-structure-series","6":"product_cat-anwendungen","7":"product_cat-chemical-oil-gas","8":"product_cat-industrial-equipment-prova","9":"product_cat-power-generation","10":"entry","12":"first","13":"instock","14":"shipping-taxable","15":"product-type-simple"},"acf":[],"yoast_head":"<!-- This site is optimized with the Yoast SEO plugin v26.9 - https:\/\/yoast.com\/product\/yoast-seo-wordpress\/ -->\n<title>ACMU - MP Filtri<\/title>\n<meta name=\"robots\" content=\"noindex, follow, max-snippet:-1, max-image-preview:large, max-video-preview:-1\" \/>\n<meta property=\"og:locale\" content=\"de_DE\" \/>\n<meta property=\"og:type\" content=\"article\" \/>\n<meta property=\"og:title\" content=\"ACMU - MP Filtri\" \/>\n<meta property=\"og:description\" content=\"Die ACMU ist eine autarke Zustands\u00fcberwachungseinheit mit integrierter Motor-Pumpen-Gruppe und MP Filtri\u2018s Inline Contamination Sensor ICM 2.0. Messaufgabe ist die [...]\" \/>\n<meta property=\"og:url\" content=\"https:\/\/mpfiltri3.addictionlab.it\/de\/produkt\/acmu\/\" \/>\n<meta property=\"og:site_name\" content=\"MP Filtri\" \/>\n<meta property=\"article:publisher\" content=\"https:\/\/www.facebook.com\/MPFiltriITA\" \/>\n<meta property=\"article:modified_time\" content=\"2026-02-26T17:32:55+00:00\" \/>\n<meta name=\"twitter:card\" content=\"summary_large_image\" \/>\n<meta name=\"twitter:label1\" content=\"Gesch\u00e4tzte Lesezeit\" \/>\n\t<meta name=\"twitter:data1\" content=\"1\u00a0Minute\" \/>\n<script type=\"application\/ld+json\" class=\"yoast-schema-graph\">{\"@context\":\"https:\/\/schema.org\",\"@graph\":[{\"@type\":\"WebPage\",\"@id\":\"https:\/\/mpfiltri3.addictionlab.it\/de\/produkt\/acmu\/\",\"url\":\"https:\/\/mpfiltri3.addictionlab.it\/de\/produkt\/acmu\/\",\"name\":\"ACMU - MP Filtri\",\"isPartOf\":{\"@id\":\"https:\/\/mpfiltri3.addictionlab.it\/de\/#website\"},\"datePublished\":\"2026-01-29T15:14:11+00:00\",\"dateModified\":\"2026-02-26T17:32:55+00:00\",\"breadcrumb\":{\"@id\":\"https:\/\/mpfiltri3.addictionlab.it\/de\/produkt\/acmu\/#breadcrumb\"},\"inLanguage\":\"de\",\"potentialAction\":[{\"@type\":\"ReadAction\",\"target\":[\"https:\/\/mpfiltri3.addictionlab.it\/de\/produkt\/acmu\/\"]}]},{\"@type\":\"BreadcrumbList\",\"@id\":\"https:\/\/mpfiltri3.addictionlab.it\/de\/produkt\/acmu\/#breadcrumb\",\"itemListElement\":[{\"@type\":\"ListItem\",\"position\":1,\"name\":\"Start\",\"item\":\"https:\/\/mpfiltri3.addictionlab.it\/de\/\"},{\"@type\":\"ListItem\",\"position\":2,\"name\":\"Shop\",\"item\":\"https:\/\/mpfiltri3.addictionlab.it\/shop\/\"},{\"@type\":\"ListItem\",\"position\":3,\"name\":\"ACMU\"}]},{\"@type\":\"WebSite\",\"@id\":\"https:\/\/mpfiltri3.addictionlab.it\/de\/#website\",\"url\":\"https:\/\/mpfiltri3.addictionlab.it\/de\/\",\"name\":\"MP Filtri\",\"description\":\"\",\"publisher\":{\"@id\":\"https:\/\/mpfiltri3.addictionlab.it\/de\/#organization\"},\"potentialAction\":[{\"@type\":\"SearchAction\",\"target\":{\"@type\":\"EntryPoint\",\"urlTemplate\":\"https:\/\/mpfiltri3.addictionlab.it\/de\/?s={search_term_string}\"},\"query-input\":{\"@type\":\"PropertyValueSpecification\",\"valueRequired\":true,\"valueName\":\"search_term_string\"}}],\"inLanguage\":\"de\"},{\"@type\":\"Organization\",\"@id\":\"https:\/\/mpfiltri3.addictionlab.it\/de\/#organization\",\"name\":\"MP Filtri\",\"url\":\"https:\/\/mpfiltri3.addictionlab.it\/de\/\",\"logo\":{\"@type\":\"ImageObject\",\"inLanguage\":\"de\",\"@id\":\"https:\/\/mpfiltri3.addictionlab.it\/de\/#\/schema\/logo\/image\/\",\"url\":\"https:\/\/mpfiltri3.addictionlab.it\/wp-content\/uploads\/2025\/09\/mpfiltri-logo.png\",\"contentUrl\":\"https:\/\/mpfiltri3.addictionlab.it\/wp-content\/uploads\/2025\/09\/mpfiltri-logo.png\",\"width\":263,\"height\":80,\"caption\":\"MP Filtri\"},\"image\":{\"@id\":\"https:\/\/mpfiltri3.addictionlab.it\/de\/#\/schema\/logo\/image\/\"},\"sameAs\":[\"https:\/\/www.facebook.com\/MPFiltriITA\",\"https:\/\/www.instagram.com\/mpfiltri\/\",\"https:\/\/www.youtube.com\/channel\/UCCzNMySYc1c4M-2B4v0K_QA?view_as=subscriber\",\"https:\/\/www.linkedin.com\/company\/mp-filtri-spa\/\"]}]}<\/script>\n<!-- \/ Yoast SEO plugin. -->","yoast_head_json":{"title":"ACMU - MP Filtri","robots":{"index":"noindex","follow":"follow","max-snippet":"max-snippet:-1","max-image-preview":"max-image-preview:large","max-video-preview":"max-video-preview:-1"},"og_locale":"de_DE","og_type":"article","og_title":"ACMU - MP Filtri","og_description":"Die ACMU ist eine autarke Zustands\u00fcberwachungseinheit mit integrierter Motor-Pumpen-Gruppe und MP Filtri\u2018s Inline Contamination Sensor ICM 2.0. Messaufgabe ist die [...]","og_url":"https:\/\/mpfiltri3.addictionlab.it\/de\/produkt\/acmu\/","og_site_name":"MP Filtri","article_publisher":"https:\/\/www.facebook.com\/MPFiltriITA","article_modified_time":"2026-02-26T17:32:55+00:00","twitter_card":"summary_large_image","twitter_misc":{"Gesch\u00e4tzte Lesezeit":"1\u00a0Minute"},"schema":{"@context":"https:\/\/schema.org","@graph":[{"@type":"WebPage","@id":"https:\/\/mpfiltri3.addictionlab.it\/de\/produkt\/acmu\/","url":"https:\/\/mpfiltri3.addictionlab.it\/de\/produkt\/acmu\/","name":"ACMU - MP Filtri","isPartOf":{"@id":"https:\/\/mpfiltri3.addictionlab.it\/de\/#website"},"datePublished":"2026-01-29T15:14:11+00:00","dateModified":"2026-02-26T17:32:55+00:00","breadcrumb":{"@id":"https:\/\/mpfiltri3.addictionlab.it\/de\/produkt\/acmu\/#breadcrumb"},"inLanguage":"de","potentialAction":[{"@type":"ReadAction","target":["https:\/\/mpfiltri3.addictionlab.it\/de\/produkt\/acmu\/"]}]},{"@type":"BreadcrumbList","@id":"https:\/\/mpfiltri3.addictionlab.it\/de\/produkt\/acmu\/#breadcrumb","itemListElement":[{"@type":"ListItem","position":1,"name":"Start","item":"https:\/\/mpfiltri3.addictionlab.it\/de\/"},{"@type":"ListItem","position":2,"name":"Shop","item":"https:\/\/mpfiltri3.addictionlab.it\/shop\/"},{"@type":"ListItem","position":3,"name":"ACMU"}]},{"@type":"WebSite","@id":"https:\/\/mpfiltri3.addictionlab.it\/de\/#website","url":"https:\/\/mpfiltri3.addictionlab.it\/de\/","name":"MP Filtri","description":"","publisher":{"@id":"https:\/\/mpfiltri3.addictionlab.it\/de\/#organization"},"potentialAction":[{"@type":"SearchAction","target":{"@type":"EntryPoint","urlTemplate":"https:\/\/mpfiltri3.addictionlab.it\/de\/?s={search_term_string}"},"query-input":{"@type":"PropertyValueSpecification","valueRequired":true,"valueName":"search_term_string"}}],"inLanguage":"de"},{"@type":"Organization","@id":"https:\/\/mpfiltri3.addictionlab.it\/de\/#organization","name":"MP Filtri","url":"https:\/\/mpfiltri3.addictionlab.it\/de\/","logo":{"@type":"ImageObject","inLanguage":"de","@id":"https:\/\/mpfiltri3.addictionlab.it\/de\/#\/schema\/logo\/image\/","url":"https:\/\/mpfiltri3.addictionlab.it\/wp-content\/uploads\/2025\/09\/mpfiltri-logo.png","contentUrl":"https:\/\/mpfiltri3.addictionlab.it\/wp-content\/uploads\/2025\/09\/mpfiltri-logo.png","width":263,"height":80,"caption":"MP Filtri"},"image":{"@id":"https:\/\/mpfiltri3.addictionlab.it\/de\/#\/schema\/logo\/image\/"},"sameAs":["https:\/\/www.facebook.com\/MPFiltriITA","https:\/\/www.instagram.com\/mpfiltri\/","https:\/\/www.youtube.com\/channel\/UCCzNMySYc1c4M-2B4v0K_QA?view_as=subscriber","https:\/\/www.linkedin.com\/company\/mp-filtri-spa\/"]}]}},"_links":{"self":[{"href":"https:\/\/mpfiltri3.addictionlab.it\/de\/wp-json\/wp\/v2\/product\/48988","targetHints":{"allow":["GET"]}}],"collection":[{"href":"https:\/\/mpfiltri3.addictionlab.it\/de\/wp-json\/wp\/v2\/product"}],"about":[{"href":"https:\/\/mpfiltri3.addictionlab.it\/de\/wp-json\/wp\/v2\/types\/product"}],"replies":[{"embeddable":true,"href":"https:\/\/mpfiltri3.addictionlab.it\/de\/wp-json\/wp\/v2\/comments?post=48988"}],"wp:attachment":[{"href":"https:\/\/mpfiltri3.addictionlab.it\/de\/wp-json\/wp\/v2\/media?parent=48988"}],"wp:term":[{"taxonomy":"product-structure","embeddable":true,"href":"https:\/\/mpfiltri3.addictionlab.it\/de\/wp-json\/wp\/v2\/product-structure?post=48988"},{"taxonomy":"product_brand","embeddable":true,"href":"https:\/\/mpfiltri3.addictionlab.it\/de\/wp-json\/wp\/v2\/product_brand?post=48988"},{"taxonomy":"product_cat","embeddable":true,"href":"https:\/\/mpfiltri3.addictionlab.it\/de\/wp-json\/wp\/v2\/product_cat?post=48988"},{"taxonomy":"product_tag","embeddable":true,"href":"https:\/\/mpfiltri3.addictionlab.it\/de\/wp-json\/wp\/v2\/product_tag?post=48988"}],"curies":[{"name":"wp","href":"https:\/\/api.w.org\/{rel}","templated":true}]}}