
{"id":49060,"date":"2026-02-26T12:08:34","date_gmt":"2026-02-26T11:08:34","guid":{"rendered":"https:\/\/mpfiltri3.addictionlab.it\/product\/produkt-6\/"},"modified":"2026-02-26T18:31:51","modified_gmt":"2026-02-26T17:31:51","slug":"bs110-bs500","status":"publish","type":"product","link":"https:\/\/mpfiltri3.addictionlab.it\/de\/produkt\/bs110-bs500\/","title":{"rendered":"BS110 &amp; BS500"},"content":{"rendered":"<p>Die <strong>110 ml- und 500 ml Flaschenprobenehmer<\/strong> eignen sich f\u00fcr Offline- und Laboranwendungen, bei denen die Entnahme von Fl\u00fcssigkeitsproben an der Entnahmestelle unzug\u00e4nglich oder unpraktisch ist. Eine Fl\u00fcssigkeitsentl\u00fcftung geh\u00f6rt zur Standardausstattung.<\/p>\n<p>\u2022 Fl\u00fcssigkeitsentl\u00fcftungsfunktion<\/p>\n<p>\u2022 Kompatibel mit allen tragbaren MP Filtri Kontaminations\u00fcberwachungsprodukten<\/p>\n<p>\u2022 Transparente Flaschenkammer f\u00fcr visuelle Anzeige<\/p>\n<\/p>\n<p><strong>BS110<\/strong><\/p>\n<p>\u2022 Speziell f\u00fcr tragbare Vor-Ort-Tests entwickelt<\/p>\n<p>\u2022 Wird mit Handpumpe f\u00fcr die Entnahme aus dem Reservoir geliefert<\/p>\n<p>\u2022 Inklusive Tragetasche<\/p>\n<\/p>\n<p><strong>BS500<\/strong><\/p>\n<p>\u2022 F\u00fcr Laboranwendungen entwickelt<\/p>\n<p>\u2022 Kann gro\u00dfe Volumina und\/oder niedrigviskose Fl\u00fcssigkeiten, einschlie\u00dflich Dieselkraftstoff, entnehmen<\/p>\n<p>\u2022 Komplettes Zubeh\u00f6rset enthalten<\/p>\n<p>\u2022 Inklusive Transportkoffer<\/p>\n<p><span>Zum Produktangebot von MP Filtri geh\u00f6ren u.a. auch zertifiziert-gereinigte <\/span><a target=\"_blank\" rel=\"noopener noreferrer nofollow\" href=\"https:\/\/www.mpfiltri.com\/de\/produkt\/fluid-sampling-bottles\/\"><span><u>Probengef\u00e4\u00dfe<\/u><\/span><\/a><span> zur professionellen Herstellung repr\u00e4sentativer Fluidproben.<\/span><\/p>\n<p><span>Das Standardangebot umfasst Probenflaschen in Ultra-Clean-Ausf\u00fchrung mit einem Fassungsverm\u00f6gen von 100 ml und 250 ml. Diese sind auf die Verwendung mit den MP Filtri Proben-Samplern BS110 und BS500 sowie der Weiterverarbeitung im MP Filtri Fluidanalyselabor abgestimmt.<\/span><\/p>\n","protected":false},"excerpt":{"rendered":"<p>Die 110 ml- und 500 ml Flaschenprobenehmer eignen sich f\u00fcr Offline- und Laboranwendungen, bei denen die Entnahme von Fl\u00fcssigkeitsproben an [&#8230;]<\/p>\n","protected":false},"featured_media":0,"comment_status":"open","ping_status":"closed","template":"","meta":{"_acf_changed":false,"_gspb_post_css":"","inline_featured_image":false,"_genesis_hide_title":false,"_genesis_hide_breadcrumbs":false,"_genesis_hide_singular_image":false,"_genesis_hide_footer_widgets":false,"_genesis_custom_body_class":"","_genesis_custom_post_class":"","_genesis_layout":"","_links_to":"","_links_to_target":""},"product-structure":[62],"product_brand":[],"product_cat":[13207,13235,13193,13256,13242,13214,13298,13312,13249,13305,13221,13228,13200,13277,13270,13263,13284,13291],"product_tag":[],"class_list":{"0":"post-49060","1":"product","2":"type-product","3":"status-publish","5":"product-structure-series","6":"product_cat-agriculture-forestry","7":"product_cat-aircraft-marine-vehicles","8":"product_cat-anwendungen","9":"product_cat-chemical-oil-gas","10":"product_cat-commercial-utility-vehicles","11":"product_cat-construction","12":"product_cat-forming-machines-for-ceramics-plastics-rubber-metals","13":"product_cat-hydraulic-systems-power-pack-machinery","14":"product_cat-industrial-equipment-prova","15":"product_cat-lubrication-machines-offline-flushing","16":"product_cat-materials-handling","17":"product_cat-mining","18":"product_cat-mobile-equipment","19":"product_cat-packaging-foodbeverage","20":"product_cat-power-generation","21":"product_cat-steel-metal-processing","22":"product_cat-textile-wood-pulppaper","23":"product_cat-waste-treatment","24":"entry","26":"first","27":"instock","28":"shipping-taxable","29":"product-type-simple"},"acf":[],"yoast_head":"<!-- This site is optimized with the Yoast SEO plugin v26.9 - https:\/\/yoast.com\/product\/yoast-seo-wordpress\/ -->\n<title>BS110 &amp; BS500 - MP Filtri<\/title>\n<meta name=\"robots\" content=\"noindex, follow, max-snippet:-1, max-image-preview:large, max-video-preview:-1\" \/>\n<meta property=\"og:locale\" content=\"de_DE\" \/>\n<meta property=\"og:type\" content=\"article\" \/>\n<meta property=\"og:title\" content=\"BS110 &amp; BS500 - MP Filtri\" \/>\n<meta property=\"og:description\" content=\"Die 110 ml- und 500 ml Flaschenprobenehmer eignen sich f\u00fcr Offline- und Laboranwendungen, bei denen die Entnahme von Fl\u00fcssigkeitsproben an [...]\" \/>\n<meta property=\"og:url\" content=\"https:\/\/mpfiltri3.addictionlab.it\/de\/produkt\/bs110-bs500\/\" \/>\n<meta property=\"og:site_name\" content=\"MP Filtri\" \/>\n<meta property=\"article:publisher\" content=\"https:\/\/www.facebook.com\/MPFiltriITA\" \/>\n<meta property=\"article:modified_time\" content=\"2026-02-26T17:31:51+00:00\" \/>\n<meta name=\"twitter:card\" content=\"summary_large_image\" \/>\n<meta name=\"twitter:label1\" content=\"Gesch\u00e4tzte Lesezeit\" \/>\n\t<meta name=\"twitter:data1\" content=\"1\u00a0Minute\" \/>\n<script type=\"application\/ld+json\" class=\"yoast-schema-graph\">{\"@context\":\"https:\/\/schema.org\",\"@graph\":[{\"@type\":\"WebPage\",\"@id\":\"https:\/\/mpfiltri3.addictionlab.it\/de\/produkt\/bs110-bs500\/\",\"url\":\"https:\/\/mpfiltri3.addictionlab.it\/de\/produkt\/bs110-bs500\/\",\"name\":\"BS110 &amp; BS500 - MP Filtri\",\"isPartOf\":{\"@id\":\"https:\/\/mpfiltri3.addictionlab.it\/de\/#website\"},\"datePublished\":\"2026-02-26T11:08:34+00:00\",\"dateModified\":\"2026-02-26T17:31:51+00:00\",\"breadcrumb\":{\"@id\":\"https:\/\/mpfiltri3.addictionlab.it\/de\/produkt\/bs110-bs500\/#breadcrumb\"},\"inLanguage\":\"de\",\"potentialAction\":[{\"@type\":\"ReadAction\",\"target\":[\"https:\/\/mpfiltri3.addictionlab.it\/de\/produkt\/bs110-bs500\/\"]}]},{\"@type\":\"BreadcrumbList\",\"@id\":\"https:\/\/mpfiltri3.addictionlab.it\/de\/produkt\/bs110-bs500\/#breadcrumb\",\"itemListElement\":[{\"@type\":\"ListItem\",\"position\":1,\"name\":\"Start\",\"item\":\"https:\/\/mpfiltri3.addictionlab.it\/de\/\"},{\"@type\":\"ListItem\",\"position\":2,\"name\":\"Shop\",\"item\":\"https:\/\/mpfiltri3.addictionlab.it\/shop\/\"},{\"@type\":\"ListItem\",\"position\":3,\"name\":\"BS110 &amp; BS500\"}]},{\"@type\":\"WebSite\",\"@id\":\"https:\/\/mpfiltri3.addictionlab.it\/de\/#website\",\"url\":\"https:\/\/mpfiltri3.addictionlab.it\/de\/\",\"name\":\"MP Filtri\",\"description\":\"\",\"publisher\":{\"@id\":\"https:\/\/mpfiltri3.addictionlab.it\/de\/#organization\"},\"potentialAction\":[{\"@type\":\"SearchAction\",\"target\":{\"@type\":\"EntryPoint\",\"urlTemplate\":\"https:\/\/mpfiltri3.addictionlab.it\/de\/?s={search_term_string}\"},\"query-input\":{\"@type\":\"PropertyValueSpecification\",\"valueRequired\":true,\"valueName\":\"search_term_string\"}}],\"inLanguage\":\"de\"},{\"@type\":\"Organization\",\"@id\":\"https:\/\/mpfiltri3.addictionlab.it\/de\/#organization\",\"name\":\"MP Filtri\",\"url\":\"https:\/\/mpfiltri3.addictionlab.it\/de\/\",\"logo\":{\"@type\":\"ImageObject\",\"inLanguage\":\"de\",\"@id\":\"https:\/\/mpfiltri3.addictionlab.it\/de\/#\/schema\/logo\/image\/\",\"url\":\"https:\/\/mpfiltri3.addictionlab.it\/wp-content\/uploads\/2025\/09\/mpfiltri-logo.png\",\"contentUrl\":\"https:\/\/mpfiltri3.addictionlab.it\/wp-content\/uploads\/2025\/09\/mpfiltri-logo.png\",\"width\":263,\"height\":80,\"caption\":\"MP Filtri\"},\"image\":{\"@id\":\"https:\/\/mpfiltri3.addictionlab.it\/de\/#\/schema\/logo\/image\/\"},\"sameAs\":[\"https:\/\/www.facebook.com\/MPFiltriITA\",\"https:\/\/www.instagram.com\/mpfiltri\/\",\"https:\/\/www.youtube.com\/channel\/UCCzNMySYc1c4M-2B4v0K_QA?view_as=subscriber\",\"https:\/\/www.linkedin.com\/company\/mp-filtri-spa\/\"]}]}<\/script>\n<!-- \/ Yoast SEO plugin. -->","yoast_head_json":{"title":"BS110 &amp; BS500 - MP Filtri","robots":{"index":"noindex","follow":"follow","max-snippet":"max-snippet:-1","max-image-preview":"max-image-preview:large","max-video-preview":"max-video-preview:-1"},"og_locale":"de_DE","og_type":"article","og_title":"BS110 &amp; BS500 - MP Filtri","og_description":"Die 110 ml- und 500 ml Flaschenprobenehmer eignen sich f\u00fcr Offline- und Laboranwendungen, bei denen die Entnahme von Fl\u00fcssigkeitsproben an [...]","og_url":"https:\/\/mpfiltri3.addictionlab.it\/de\/produkt\/bs110-bs500\/","og_site_name":"MP Filtri","article_publisher":"https:\/\/www.facebook.com\/MPFiltriITA","article_modified_time":"2026-02-26T17:31:51+00:00","twitter_card":"summary_large_image","twitter_misc":{"Gesch\u00e4tzte Lesezeit":"1\u00a0Minute"},"schema":{"@context":"https:\/\/schema.org","@graph":[{"@type":"WebPage","@id":"https:\/\/mpfiltri3.addictionlab.it\/de\/produkt\/bs110-bs500\/","url":"https:\/\/mpfiltri3.addictionlab.it\/de\/produkt\/bs110-bs500\/","name":"BS110 &amp; BS500 - MP Filtri","isPartOf":{"@id":"https:\/\/mpfiltri3.addictionlab.it\/de\/#website"},"datePublished":"2026-02-26T11:08:34+00:00","dateModified":"2026-02-26T17:31:51+00:00","breadcrumb":{"@id":"https:\/\/mpfiltri3.addictionlab.it\/de\/produkt\/bs110-bs500\/#breadcrumb"},"inLanguage":"de","potentialAction":[{"@type":"ReadAction","target":["https:\/\/mpfiltri3.addictionlab.it\/de\/produkt\/bs110-bs500\/"]}]},{"@type":"BreadcrumbList","@id":"https:\/\/mpfiltri3.addictionlab.it\/de\/produkt\/bs110-bs500\/#breadcrumb","itemListElement":[{"@type":"ListItem","position":1,"name":"Start","item":"https:\/\/mpfiltri3.addictionlab.it\/de\/"},{"@type":"ListItem","position":2,"name":"Shop","item":"https:\/\/mpfiltri3.addictionlab.it\/shop\/"},{"@type":"ListItem","position":3,"name":"BS110 &amp; BS500"}]},{"@type":"WebSite","@id":"https:\/\/mpfiltri3.addictionlab.it\/de\/#website","url":"https:\/\/mpfiltri3.addictionlab.it\/de\/","name":"MP Filtri","description":"","publisher":{"@id":"https:\/\/mpfiltri3.addictionlab.it\/de\/#organization"},"potentialAction":[{"@type":"SearchAction","target":{"@type":"EntryPoint","urlTemplate":"https:\/\/mpfiltri3.addictionlab.it\/de\/?s={search_term_string}"},"query-input":{"@type":"PropertyValueSpecification","valueRequired":true,"valueName":"search_term_string"}}],"inLanguage":"de"},{"@type":"Organization","@id":"https:\/\/mpfiltri3.addictionlab.it\/de\/#organization","name":"MP Filtri","url":"https:\/\/mpfiltri3.addictionlab.it\/de\/","logo":{"@type":"ImageObject","inLanguage":"de","@id":"https:\/\/mpfiltri3.addictionlab.it\/de\/#\/schema\/logo\/image\/","url":"https:\/\/mpfiltri3.addictionlab.it\/wp-content\/uploads\/2025\/09\/mpfiltri-logo.png","contentUrl":"https:\/\/mpfiltri3.addictionlab.it\/wp-content\/uploads\/2025\/09\/mpfiltri-logo.png","width":263,"height":80,"caption":"MP Filtri"},"image":{"@id":"https:\/\/mpfiltri3.addictionlab.it\/de\/#\/schema\/logo\/image\/"},"sameAs":["https:\/\/www.facebook.com\/MPFiltriITA","https:\/\/www.instagram.com\/mpfiltri\/","https:\/\/www.youtube.com\/channel\/UCCzNMySYc1c4M-2B4v0K_QA?view_as=subscriber","https:\/\/www.linkedin.com\/company\/mp-filtri-spa\/"]}]}},"_links":{"self":[{"href":"https:\/\/mpfiltri3.addictionlab.it\/de\/wp-json\/wp\/v2\/product\/49060","targetHints":{"allow":["GET"]}}],"collection":[{"href":"https:\/\/mpfiltri3.addictionlab.it\/de\/wp-json\/wp\/v2\/product"}],"about":[{"href":"https:\/\/mpfiltri3.addictionlab.it\/de\/wp-json\/wp\/v2\/types\/product"}],"replies":[{"embeddable":true,"href":"https:\/\/mpfiltri3.addictionlab.it\/de\/wp-json\/wp\/v2\/comments?post=49060"}],"wp:attachment":[{"href":"https:\/\/mpfiltri3.addictionlab.it\/de\/wp-json\/wp\/v2\/media?parent=49060"}],"wp:term":[{"taxonomy":"product-structure","embeddable":true,"href":"https:\/\/mpfiltri3.addictionlab.it\/de\/wp-json\/wp\/v2\/product-structure?post=49060"},{"taxonomy":"product_brand","embeddable":true,"href":"https:\/\/mpfiltri3.addictionlab.it\/de\/wp-json\/wp\/v2\/product_brand?post=49060"},{"taxonomy":"product_cat","embeddable":true,"href":"https:\/\/mpfiltri3.addictionlab.it\/de\/wp-json\/wp\/v2\/product_cat?post=49060"},{"taxonomy":"product_tag","embeddable":true,"href":"https:\/\/mpfiltri3.addictionlab.it\/de\/wp-json\/wp\/v2\/product_tag?post=49060"}],"curies":[{"name":"wp","href":"https:\/\/api.w.org\/{rel}","templated":true}]}}