
{"id":14983,"date":"2025-03-16T22:38:47","date_gmt":"2025-03-16T21:38:47","guid":{"rendered":"https:\/\/www.mpfiltri2.addictionlab.it\/hydraulic-filtration\/"},"modified":"2025-05-19T10:24:11","modified_gmt":"2025-05-19T08:24:11","slug":"filtration-hydraulique","status":"publish","type":"page","link":"https:\/\/mpfiltri3.addictionlab.it\/fr\/filtration-hydraulique\/","title":{"rendered":"Filtration hydraulique"},"content":{"rendered":"\n<div class=\"wp-block-stackable-columns alignwide stk-block-columns stk-block stk-ae71cbb\" data-block-id=\"ae71cbb\"><style>.stk-ae71cbb {border-color:#E6E6E6 !important;border-top-width:1px !important;border-right-width:1px !important;border-bottom-width:1px !important;border-left-width:1px !important;margin-top:0px !important;margin-right:0px !important;margin-bottom:0px !important;margin-left:0px !important;}.stk-ae71cbb-column{max-width:1440px !important;min-width:auto !important;--stk-columns-spacing:0px !important;}<\/style><div class=\"stk-row stk-inner-blocks stk-block-content stk-content-align stk-ae71cbb-column alignwide\">\n<div class=\"wp-block-stackable-column stk-block-column stk-column stk-block stk-3e3cef7\" data-v=\"4\" data-block-id=\"3e3cef7\"><style>.stk-3e3cef7-container{margin-top:0px !important;margin-right:0px !important;margin-bottom:0px !important;margin-left:0px !important;}.stk-3e3cef7 {border-style:solid !important;border-color:#E6E6E6 !important;border-top-width:1px !important;border-right-width:1px !important;border-bottom-width:1px !important;border-left-width:1px !important;padding-top:30px !important;padding-right:30px !important;padding-bottom:30px !important;padding-left:30px !important;margin-top:0px !important;margin-right:0px !important;margin-bottom:0px !important;margin-left:0px !important;}@media screen and (max-width: 1023px){.stk-3e3cef7 {border-bottom-width:1px !important;}}<\/style><div class=\"stk-column-wrapper stk-block-column__content stk-container stk-3e3cef7-container stk--no-background stk--no-padding\"><div class=\"stk-block-content stk-inner-blocks stk-3e3cef7-inner-blocks\">\n<h3 class=\"wp-block-heading has-light-blue-1-color has-text-color has-link-color wp-elements-bac95d0bdd42233add6e6c68348ecba0\" id=\"hydraulic-filtration\">PRODUITS<\/h3>\n\n\n\n<h2 class=\"wp-block-heading\" id=\"hydraulic-filtration\">Filtration hydraulique<\/h2>\n<\/div><\/div><\/div>\n\n\n\n<div class=\"wp-block-stackable-column stk-block-column stk-column stk-block stk-9a918c9\" data-v=\"4\" data-block-id=\"9a918c9\"><style>.stk-9a918c9 {border-style:solid !important;border-color:#E6E6E6 !important;border-top-width:1px !important;border-right-width:1px !important;border-bottom-width:1px !important;border-left-width:0px !important;padding-top:30px !important;padding-right:30px !important;padding-bottom:30px !important;padding-left:30px !important;}<\/style><div class=\"stk-column-wrapper stk-block-column__content stk-container stk-9a918c9-container stk--no-background stk--no-padding\"><div class=\"stk-block-content stk-inner-blocks stk-9a918c9-inner-blocks\">\n<p>L`\u00e9tude de syst\u00e8mes de filtration ad\u00e9quats devient une condition n\u00e9cessaire pour une conception correcte des machines et des syst\u00e8mes hydrauliques, de plus en plus \u00e9quip\u00e9s de composants de haute qualit\u00e9 et dimensionn\u00e9s pour des performances \u00e9lev\u00e9es. Concevoir un syst\u00e8me de filtration signifie \u00e9valuer le type et l`emplacement des filtres dans un syst\u00e8me hydraulique sp\u00e9cifique en fonction de: la sensibilit\u00e9 des diff\u00e9rents composants, la quantit\u00e9 et le type de polluants, la pression et le d\u00e9bit du circuit, les conditions environnementales, le fluide utilis\u00e9 et les cycles d`intervention, la garantie d`une dur\u00e9e de vie des machines plus longue que pr\u00e9vu.<\/p>\n\n\n\n<p>Veuillez \u00e9galement vous reporter aux informations sur la technologie des \u00e9l\u00e9ments filtrants dans la section\u00a0<a href=\"https:\/\/mpfiltri3.addictionlab.it\/fr\/knowledge-center\/\">Knowledge Centre<\/a>.<\/p>\n\n\n\n<hr class=\"wp-block-separator has-alpha-channel-opacity\"\/>\n\n\n\n<div id=\"file-downloadblock_d9182dcdb7c8c2d92cecbfd9c2ee3f11\" class=\"file-download\">\n            <div class=\"presentation-text\">Download<\/div>\n    \n    <div class=\"files\">\n                        <div class=\"single-file\">\n                    <a href=\"https:\/\/mpfiltri3.addictionlab.it\/wp-content\/uploads\/2025\/03\/eCk2WG_Cat_HF_EN_compressed.pdf\" class=\"file-url\" data-file-type=\"PDF\"\n                        aria-label=\"Filtration hydraulique, CATALOGUE, PDF, 23 MB. T\u00e9l\u00e9charger le fichier\"\n                        target=\"_blank\" rel=\"noopener noreferrer\">\n                        <div class=\"download-img\" aria-hidden=\"true\">\n                                                            <img decoding=\"async\" alt=\"Filtration hydraulique - MP Filtri\"  src=\"https:\/\/mpfiltri3.addictionlab.it\/wp-content\/uploads\/2025\/03\/eCk2WG_Cat_HF_EN_compressed.pdf.jpg\" alt=\"\"\/>\n                                                    <\/div>\n                        <div class=\"file-info\">\n                            <p class=\"file-name\">Filtration hydraulique<\/p>\n                                                        <p class=\"file-subtitle\">CATALOGUE<\/p>\n                                                        <div class=\"tech-info\">\n                                <p class=\"file-type\">PDF<\/p> |\n                                <p class=\"file-size\">23 MB<\/p>\n                            <\/div>\n                        <\/div>\n                    <\/a>\n                <\/div>\n                <\/div>\n<\/div>\n\n\n\n<div class=\"wp-block-stackable-spacer stk-block-spacer stk--no-padding stk-block stk-0cd8f71\" data-block-id=\"0cd8f71\"><style>.stk-0cd8f71 {height:60px !important;}<\/style><\/div>\n<\/div><\/div><\/div>\n<\/div><\/div>\n\n\n\n\n\n<div class=\"wp-block-stackable-columns stk-block-columns stk-block stk-820bb05 body-lines height-250 cols-3\" data-block-id=\"820bb05\"><style>.stk-820bb05 {margin-top:-195px !important;margin-right:0px !important;margin-bottom:0px !important;margin-left:0px !important;}.stk-820bb05-column{--stk-columns-spacing:0px !important;}<\/style><div class=\"stk-row stk-inner-blocks stk-block-content stk-content-align stk-820bb05-column\">\n<div class=\"wp-block-stackable-column stk-block-column stk-column stk-block stk-745f29b\" data-v=\"4\" data-block-id=\"745f29b\"><div class=\"stk-column-wrapper stk-block-column__content stk-container stk-745f29b-container stk--no-background stk--no-padding\"><div class=\"stk-block-content stk-inner-blocks stk-745f29b-inner-blocks\"><\/div><\/div><\/div>\n\n\n\n<div class=\"wp-block-stackable-column stk-block-column stk-column stk-block stk-65bd6bf\" data-v=\"4\" data-block-id=\"65bd6bf\"><div class=\"stk-column-wrapper stk-block-column__content stk-container stk-65bd6bf-container stk--no-background stk--no-padding\"><div class=\"stk-block-content stk-inner-blocks stk-65bd6bf-inner-blocks\"><\/div><\/div><\/div>\n\n\n\n<div class=\"wp-block-stackable-column stk-block-column stk-column stk-block stk-4c6fff8\" data-v=\"4\" data-block-id=\"4c6fff8\"><div class=\"stk-column-wrapper stk-block-column__content stk-container stk-4c6fff8-container stk--no-background stk--no-padding\"><div class=\"stk-block-content stk-inner-blocks stk-4c6fff8-inner-blocks\"><\/div><\/div><\/div>\n<\/div><\/div>\n","protected":false},"excerpt":{"rendered":"<p>PRODUITS Filtration hydraulique L`\u00e9tude de syst\u00e8mes de filtration ad\u00e9quats devient une condition n\u00e9cessaire pour une conception correcte des machines et [&#8230;]<\/p>\n","protected":false},"author":3,"featured_media":0,"parent":0,"menu_order":92,"comment_status":"closed","ping_status":"closed","template":"","meta":{"_acf_changed":false,"_gspb_post_css":"","inline_featured_image":false,"_genesis_hide_title":false,"_genesis_hide_breadcrumbs":false,"_genesis_hide_singular_image":false,"_genesis_hide_footer_widgets":false,"_genesis_custom_body_class":"","_genesis_custom_post_class":"","_genesis_layout":"","footnotes":"","_links_to":"","_links_to_target":""},"class_list":{"0":"post-14983","1":"page","2":"type-page","3":"status-publish","5":"entry"},"acf":[],"yoast_head":"<!-- This site is optimized with the Yoast SEO plugin v26.9 - https:\/\/yoast.com\/product\/yoast-seo-wordpress\/ -->\n<title>Filtration hydraulique - MP Filtri<\/title>\n<meta name=\"robots\" content=\"noindex, follow, max-snippet:-1, max-image-preview:large, max-video-preview:-1\" \/>\n<meta property=\"og:locale\" content=\"fr_FR\" \/>\n<meta property=\"og:type\" content=\"article\" \/>\n<meta property=\"og:title\" content=\"Filtration hydraulique - MP Filtri\" \/>\n<meta property=\"og:description\" content=\"PRODUITS Filtration hydraulique L`\u00e9tude de syst\u00e8mes de filtration ad\u00e9quats devient une condition n\u00e9cessaire pour une conception correcte des machines et [...]\" \/>\n<meta property=\"og:url\" content=\"https:\/\/mpfiltri3.addictionlab.it\/fr\/filtration-hydraulique\/\" \/>\n<meta property=\"og:site_name\" content=\"MP Filtri\" \/>\n<meta property=\"article:publisher\" content=\"https:\/\/www.facebook.com\/MPFiltriITA\" \/>\n<meta property=\"article:modified_time\" content=\"2025-05-19T08:24:11+00:00\" \/>\n<meta name=\"twitter:card\" content=\"summary_large_image\" \/>\n<meta name=\"twitter:label1\" content=\"Dur\u00e9e de lecture estim\u00e9e\" \/>\n\t<meta name=\"twitter:data1\" content=\"5 minutes\" \/>\n<script type=\"application\/ld+json\" class=\"yoast-schema-graph\">{\"@context\":\"https:\/\/schema.org\",\"@graph\":[{\"@type\":\"WebPage\",\"@id\":\"https:\/\/mpfiltri3.addictionlab.it\/fr\/filtration-hydraulique\/\",\"url\":\"https:\/\/mpfiltri3.addictionlab.it\/fr\/filtration-hydraulique\/\",\"name\":\"Filtration hydraulique - MP Filtri\",\"isPartOf\":{\"@id\":\"https:\/\/mpfiltri3.addictionlab.it\/fr\/#website\"},\"datePublished\":\"2025-03-16T21:38:47+00:00\",\"dateModified\":\"2025-05-19T08:24:11+00:00\",\"breadcrumb\":{\"@id\":\"https:\/\/mpfiltri3.addictionlab.it\/fr\/filtration-hydraulique\/#breadcrumb\"},\"inLanguage\":\"fr-FR\",\"potentialAction\":[{\"@type\":\"ReadAction\",\"target\":[\"https:\/\/mpfiltri3.addictionlab.it\/fr\/filtration-hydraulique\/\"]}]},{\"@type\":\"BreadcrumbList\",\"@id\":\"https:\/\/mpfiltri3.addictionlab.it\/fr\/filtration-hydraulique\/#breadcrumb\",\"itemListElement\":[{\"@type\":\"ListItem\",\"position\":1,\"name\":\"Accueil\",\"item\":\"https:\/\/mpfiltri3.addictionlab.it\/fr\/\"},{\"@type\":\"ListItem\",\"position\":2,\"name\":\"Filtration hydraulique\"}]},{\"@type\":\"WebSite\",\"@id\":\"https:\/\/mpfiltri3.addictionlab.it\/fr\/#website\",\"url\":\"https:\/\/mpfiltri3.addictionlab.it\/fr\/\",\"name\":\"MP Filtri\",\"description\":\"\",\"publisher\":{\"@id\":\"https:\/\/mpfiltri3.addictionlab.it\/fr\/#organization\"},\"potentialAction\":[{\"@type\":\"SearchAction\",\"target\":{\"@type\":\"EntryPoint\",\"urlTemplate\":\"https:\/\/mpfiltri3.addictionlab.it\/fr\/?s={search_term_string}\"},\"query-input\":{\"@type\":\"PropertyValueSpecification\",\"valueRequired\":true,\"valueName\":\"search_term_string\"}}],\"inLanguage\":\"fr-FR\"},{\"@type\":\"Organization\",\"@id\":\"https:\/\/mpfiltri3.addictionlab.it\/fr\/#organization\",\"name\":\"MP Filtri\",\"url\":\"https:\/\/mpfiltri3.addictionlab.it\/fr\/\",\"logo\":{\"@type\":\"ImageObject\",\"inLanguage\":\"fr-FR\",\"@id\":\"https:\/\/mpfiltri3.addictionlab.it\/fr\/#\/schema\/logo\/image\/\",\"url\":\"https:\/\/mpfiltri3.addictionlab.it\/wp-content\/uploads\/2025\/09\/mpfiltri-logo.png\",\"contentUrl\":\"https:\/\/mpfiltri3.addictionlab.it\/wp-content\/uploads\/2025\/09\/mpfiltri-logo.png\",\"width\":263,\"height\":80,\"caption\":\"MP Filtri\"},\"image\":{\"@id\":\"https:\/\/mpfiltri3.addictionlab.it\/fr\/#\/schema\/logo\/image\/\"},\"sameAs\":[\"https:\/\/www.facebook.com\/MPFiltriITA\",\"https:\/\/www.instagram.com\/mpfiltri\/\",\"https:\/\/www.youtube.com\/channel\/UCCzNMySYc1c4M-2B4v0K_QA?view_as=subscriber\",\"https:\/\/www.linkedin.com\/company\/mp-filtri-spa\/\"]}]}<\/script>\n<!-- \/ Yoast SEO plugin. -->","yoast_head_json":{"title":"Filtration hydraulique - MP Filtri","robots":{"index":"noindex","follow":"follow","max-snippet":"max-snippet:-1","max-image-preview":"max-image-preview:large","max-video-preview":"max-video-preview:-1"},"og_locale":"fr_FR","og_type":"article","og_title":"Filtration hydraulique - MP Filtri","og_description":"PRODUITS Filtration hydraulique L`\u00e9tude de syst\u00e8mes de filtration ad\u00e9quats devient une condition n\u00e9cessaire pour une conception correcte des machines et [...]","og_url":"https:\/\/mpfiltri3.addictionlab.it\/fr\/filtration-hydraulique\/","og_site_name":"MP Filtri","article_publisher":"https:\/\/www.facebook.com\/MPFiltriITA","article_modified_time":"2025-05-19T08:24:11+00:00","twitter_card":"summary_large_image","twitter_misc":{"Dur\u00e9e de lecture estim\u00e9e":"5 minutes"},"schema":{"@context":"https:\/\/schema.org","@graph":[{"@type":"WebPage","@id":"https:\/\/mpfiltri3.addictionlab.it\/fr\/filtration-hydraulique\/","url":"https:\/\/mpfiltri3.addictionlab.it\/fr\/filtration-hydraulique\/","name":"Filtration hydraulique - MP Filtri","isPartOf":{"@id":"https:\/\/mpfiltri3.addictionlab.it\/fr\/#website"},"datePublished":"2025-03-16T21:38:47+00:00","dateModified":"2025-05-19T08:24:11+00:00","breadcrumb":{"@id":"https:\/\/mpfiltri3.addictionlab.it\/fr\/filtration-hydraulique\/#breadcrumb"},"inLanguage":"fr-FR","potentialAction":[{"@type":"ReadAction","target":["https:\/\/mpfiltri3.addictionlab.it\/fr\/filtration-hydraulique\/"]}]},{"@type":"BreadcrumbList","@id":"https:\/\/mpfiltri3.addictionlab.it\/fr\/filtration-hydraulique\/#breadcrumb","itemListElement":[{"@type":"ListItem","position":1,"name":"Accueil","item":"https:\/\/mpfiltri3.addictionlab.it\/fr\/"},{"@type":"ListItem","position":2,"name":"Filtration hydraulique"}]},{"@type":"WebSite","@id":"https:\/\/mpfiltri3.addictionlab.it\/fr\/#website","url":"https:\/\/mpfiltri3.addictionlab.it\/fr\/","name":"MP Filtri","description":"","publisher":{"@id":"https:\/\/mpfiltri3.addictionlab.it\/fr\/#organization"},"potentialAction":[{"@type":"SearchAction","target":{"@type":"EntryPoint","urlTemplate":"https:\/\/mpfiltri3.addictionlab.it\/fr\/?s={search_term_string}"},"query-input":{"@type":"PropertyValueSpecification","valueRequired":true,"valueName":"search_term_string"}}],"inLanguage":"fr-FR"},{"@type":"Organization","@id":"https:\/\/mpfiltri3.addictionlab.it\/fr\/#organization","name":"MP Filtri","url":"https:\/\/mpfiltri3.addictionlab.it\/fr\/","logo":{"@type":"ImageObject","inLanguage":"fr-FR","@id":"https:\/\/mpfiltri3.addictionlab.it\/fr\/#\/schema\/logo\/image\/","url":"https:\/\/mpfiltri3.addictionlab.it\/wp-content\/uploads\/2025\/09\/mpfiltri-logo.png","contentUrl":"https:\/\/mpfiltri3.addictionlab.it\/wp-content\/uploads\/2025\/09\/mpfiltri-logo.png","width":263,"height":80,"caption":"MP Filtri"},"image":{"@id":"https:\/\/mpfiltri3.addictionlab.it\/fr\/#\/schema\/logo\/image\/"},"sameAs":["https:\/\/www.facebook.com\/MPFiltriITA","https:\/\/www.instagram.com\/mpfiltri\/","https:\/\/www.youtube.com\/channel\/UCCzNMySYc1c4M-2B4v0K_QA?view_as=subscriber","https:\/\/www.linkedin.com\/company\/mp-filtri-spa\/"]}]}},"featured_image_src":null,"featured_image_src_square":null,"_links":{"self":[{"href":"https:\/\/mpfiltri3.addictionlab.it\/fr\/wp-json\/wp\/v2\/pages\/14983","targetHints":{"allow":["GET"]}}],"collection":[{"href":"https:\/\/mpfiltri3.addictionlab.it\/fr\/wp-json\/wp\/v2\/pages"}],"about":[{"href":"https:\/\/mpfiltri3.addictionlab.it\/fr\/wp-json\/wp\/v2\/types\/page"}],"author":[{"embeddable":true,"href":"https:\/\/mpfiltri3.addictionlab.it\/fr\/wp-json\/wp\/v2\/users\/3"}],"replies":[{"embeddable":true,"href":"https:\/\/mpfiltri3.addictionlab.it\/fr\/wp-json\/wp\/v2\/comments?post=14983"}],"version-history":[{"count":1,"href":"https:\/\/mpfiltri3.addictionlab.it\/fr\/wp-json\/wp\/v2\/pages\/14983\/revisions"}],"predecessor-version":[{"id":15000,"href":"https:\/\/mpfiltri3.addictionlab.it\/fr\/wp-json\/wp\/v2\/pages\/14983\/revisions\/15000"}],"wp:attachment":[{"href":"https:\/\/mpfiltri3.addictionlab.it\/fr\/wp-json\/wp\/v2\/media?parent=14983"}],"curies":[{"name":"wp","href":"https:\/\/api.w.org\/{rel}","templated":true}]}}