
{"id":48686,"date":"2026-02-26T12:10:02","date_gmt":"2026-02-26T11:10:02","guid":{"rendered":"https:\/\/mpfiltri3.addictionlab.it\/product\/produit\/"},"modified":"2026-02-26T18:31:47","modified_gmt":"2026-02-26T17:31:47","slug":"atex-filters","status":"publish","type":"product","link":"https:\/\/mpfiltri3.addictionlab.it\/fr\/product\/atex-filters\/","title":{"rendered":"ATEX FILTERS"},"content":{"rendered":"<p>MP Filtri sait comment g\u00e9rer cela gr\u00e2ce \u00e0 nos<\/p>\n<p>PRODUITS CERTIFI\u00c9S ATEX<\/p>\n<p>Directive ATEX standard 2014\/34\/EU et r\u00e8glement britannique S.I. 2016 No. 1107 (tel que modifi\u00e9)<\/p>\n<p>La construction en acier inoxydable garantit une protection optimale lors de l\u2019utilisation dans des environnements potentiellement explosifs avec des fluides agressifs.<\/p>\n<p>Les filtres ATEX sont utilis\u00e9s pour prot\u00e9ger des vannes individuelles ou l\u2019ensemble du circuit oleodynamique contre la contamination.<\/p>\n<p>La s\u00e9rie de filtres en ligne ATEX est sp\u00e9cialement con\u00e7ue pour des applications en zones dangereuses dans les domaines suivants :<\/p>\n<ul>\n<li>\n<p>G\u00e9nie des proc\u00e9d\u00e9s<\/p>\n<\/li>\n<li>\n<p>Oleodynamique offshore \/ maritime<\/p>\n<\/li>\n<li>\n<p>Oleodynamique haute pression<\/p>\n<\/li>\n<li>\n<p>Applications en environnements s\u00e9v\u00e8res ou agressifs<\/p>\n<\/li>\n<li>\n<p>P\u00e9trole et gaz<\/p>\n<\/li>\n<\/ul>\n<p>L\u2019\u00e9l\u00e9ment filtrant zerospark est le concept standard pour tous les filtres ATEX de MP Filtri.<\/p>\n","protected":false},"excerpt":{"rendered":"<p>MP Filtri sait comment g\u00e9rer cela gr\u00e2ce \u00e0 nosPRODUITS CERTIFI\u00c9S ATEXDirective ATEX standard 2014\/34\/EU et r\u00e8glement britannique S.I. 2016 No. [&#8230;]<\/p>\n","protected":false},"featured_media":37878,"comment_status":"open","ping_status":"closed","template":"","meta":{"_acf_changed":false,"_gspb_post_css":"","inline_featured_image":false,"_genesis_hide_title":false,"_genesis_hide_breadcrumbs":false,"_genesis_hide_singular_image":false,"_genesis_hide_footer_widgets":false,"_genesis_custom_body_class":"","_genesis_custom_post_class":"","_genesis_layout":"","_links_to":"","_links_to_target":""},"product-structure":[61],"product_brand":[],"product_cat":[13028],"product_tag":[],"class_list":{"0":"post-48686","1":"product","2":"type-product","3":"status-publish","4":"has-post-thumbnail","6":"product-structure-family","7":"product_cat-uncategorized","8":"entry","10":"first","11":"instock","12":"shipping-taxable","13":"product-type-simple"},"acf":[],"yoast_head":"<!-- This site is optimized with the Yoast SEO plugin v26.9 - https:\/\/yoast.com\/product\/yoast-seo-wordpress\/ -->\n<title>ATEX FILTERS - MP Filtri<\/title>\n<meta name=\"robots\" content=\"noindex, follow, max-snippet:-1, max-image-preview:large, max-video-preview:-1\" \/>\n<meta property=\"og:locale\" content=\"fr_FR\" \/>\n<meta property=\"og:type\" content=\"article\" \/>\n<meta property=\"og:title\" content=\"ATEX FILTERS - MP Filtri\" \/>\n<meta property=\"og:description\" content=\"MP Filtri sait comment g\u00e9rer cela gr\u00e2ce \u00e0 nosPRODUITS CERTIFI\u00c9S ATEXDirective ATEX standard 2014\/34\/EU et r\u00e8glement britannique S.I. 2016 No. [...]\" \/>\n<meta property=\"og:url\" content=\"https:\/\/mpfiltri3.addictionlab.it\/fr\/product\/atex-filters\/\" \/>\n<meta property=\"og:site_name\" content=\"MP Filtri\" \/>\n<meta property=\"article:publisher\" content=\"https:\/\/www.facebook.com\/MPFiltriITA\" \/>\n<meta property=\"article:modified_time\" content=\"2026-02-26T17:31:47+00:00\" \/>\n<meta property=\"og:image\" content=\"https:\/\/mpfiltri3.addictionlab.it\/wp-content\/uploads\/2025\/10\/hf-atex.png\" \/>\n\t<meta property=\"og:image:width\" content=\"700\" \/>\n\t<meta property=\"og:image:height\" content=\"700\" \/>\n\t<meta property=\"og:image:type\" content=\"image\/png\" \/>\n<meta name=\"twitter:card\" content=\"summary_large_image\" \/>\n<meta name=\"twitter:label1\" content=\"Dur\u00e9e de lecture estim\u00e9e\" \/>\n\t<meta name=\"twitter:data1\" content=\"1 minute\" \/>\n<script type=\"application\/ld+json\" class=\"yoast-schema-graph\">{\"@context\":\"https:\/\/schema.org\",\"@graph\":[{\"@type\":\"WebPage\",\"@id\":\"https:\/\/mpfiltri3.addictionlab.it\/fr\/product\/atex-filters\/\",\"url\":\"https:\/\/mpfiltri3.addictionlab.it\/fr\/product\/atex-filters\/\",\"name\":\"ATEX FILTERS - MP Filtri\",\"isPartOf\":{\"@id\":\"https:\/\/mpfiltri3.addictionlab.it\/fr\/#website\"},\"primaryImageOfPage\":{\"@id\":\"https:\/\/mpfiltri3.addictionlab.it\/fr\/product\/atex-filters\/#primaryimage\"},\"image\":{\"@id\":\"https:\/\/mpfiltri3.addictionlab.it\/fr\/product\/atex-filters\/#primaryimage\"},\"thumbnailUrl\":\"https:\/\/mpfiltri3.addictionlab.it\/wp-content\/uploads\/2025\/10\/hf-atex.png\",\"datePublished\":\"2026-02-26T11:10:02+00:00\",\"dateModified\":\"2026-02-26T17:31:47+00:00\",\"breadcrumb\":{\"@id\":\"https:\/\/mpfiltri3.addictionlab.it\/fr\/product\/atex-filters\/#breadcrumb\"},\"inLanguage\":\"fr-FR\",\"potentialAction\":[{\"@type\":\"ReadAction\",\"target\":[\"https:\/\/mpfiltri3.addictionlab.it\/fr\/product\/atex-filters\/\"]}]},{\"@type\":\"ImageObject\",\"inLanguage\":\"fr-FR\",\"@id\":\"https:\/\/mpfiltri3.addictionlab.it\/fr\/product\/atex-filters\/#primaryimage\",\"url\":\"https:\/\/mpfiltri3.addictionlab.it\/wp-content\/uploads\/2025\/10\/hf-atex.png\",\"contentUrl\":\"https:\/\/mpfiltri3.addictionlab.it\/wp-content\/uploads\/2025\/10\/hf-atex.png\",\"width\":700,\"height\":700},{\"@type\":\"BreadcrumbList\",\"@id\":\"https:\/\/mpfiltri3.addictionlab.it\/fr\/product\/atex-filters\/#breadcrumb\",\"itemListElement\":[{\"@type\":\"ListItem\",\"position\":1,\"name\":\"Accueil\",\"item\":\"https:\/\/mpfiltri3.addictionlab.it\/fr\/\"},{\"@type\":\"ListItem\",\"position\":2,\"name\":\"Boutique\",\"item\":\"https:\/\/mpfiltri3.addictionlab.it\/shop\/\"},{\"@type\":\"ListItem\",\"position\":3,\"name\":\"ATEX FILTERS\"}]},{\"@type\":\"WebSite\",\"@id\":\"https:\/\/mpfiltri3.addictionlab.it\/fr\/#website\",\"url\":\"https:\/\/mpfiltri3.addictionlab.it\/fr\/\",\"name\":\"MP Filtri\",\"description\":\"\",\"publisher\":{\"@id\":\"https:\/\/mpfiltri3.addictionlab.it\/fr\/#organization\"},\"potentialAction\":[{\"@type\":\"SearchAction\",\"target\":{\"@type\":\"EntryPoint\",\"urlTemplate\":\"https:\/\/mpfiltri3.addictionlab.it\/fr\/?s={search_term_string}\"},\"query-input\":{\"@type\":\"PropertyValueSpecification\",\"valueRequired\":true,\"valueName\":\"search_term_string\"}}],\"inLanguage\":\"fr-FR\"},{\"@type\":\"Organization\",\"@id\":\"https:\/\/mpfiltri3.addictionlab.it\/fr\/#organization\",\"name\":\"MP Filtri\",\"url\":\"https:\/\/mpfiltri3.addictionlab.it\/fr\/\",\"logo\":{\"@type\":\"ImageObject\",\"inLanguage\":\"fr-FR\",\"@id\":\"https:\/\/mpfiltri3.addictionlab.it\/fr\/#\/schema\/logo\/image\/\",\"url\":\"https:\/\/mpfiltri3.addictionlab.it\/wp-content\/uploads\/2025\/09\/mpfiltri-logo.png\",\"contentUrl\":\"https:\/\/mpfiltri3.addictionlab.it\/wp-content\/uploads\/2025\/09\/mpfiltri-logo.png\",\"width\":263,\"height\":80,\"caption\":\"MP Filtri\"},\"image\":{\"@id\":\"https:\/\/mpfiltri3.addictionlab.it\/fr\/#\/schema\/logo\/image\/\"},\"sameAs\":[\"https:\/\/www.facebook.com\/MPFiltriITA\",\"https:\/\/www.instagram.com\/mpfiltri\/\",\"https:\/\/www.youtube.com\/channel\/UCCzNMySYc1c4M-2B4v0K_QA?view_as=subscriber\",\"https:\/\/www.linkedin.com\/company\/mp-filtri-spa\/\"]}]}<\/script>\n<!-- \/ Yoast SEO plugin. -->","yoast_head_json":{"title":"ATEX FILTERS - MP Filtri","robots":{"index":"noindex","follow":"follow","max-snippet":"max-snippet:-1","max-image-preview":"max-image-preview:large","max-video-preview":"max-video-preview:-1"},"og_locale":"fr_FR","og_type":"article","og_title":"ATEX FILTERS - MP Filtri","og_description":"MP Filtri sait comment g\u00e9rer cela gr\u00e2ce \u00e0 nosPRODUITS CERTIFI\u00c9S ATEXDirective ATEX standard 2014\/34\/EU et r\u00e8glement britannique S.I. 2016 No. [...]","og_url":"https:\/\/mpfiltri3.addictionlab.it\/fr\/product\/atex-filters\/","og_site_name":"MP Filtri","article_publisher":"https:\/\/www.facebook.com\/MPFiltriITA","article_modified_time":"2026-02-26T17:31:47+00:00","og_image":[{"width":700,"height":700,"url":"https:\/\/mpfiltri3.addictionlab.it\/wp-content\/uploads\/2025\/10\/hf-atex.png","type":"image\/png"}],"twitter_card":"summary_large_image","twitter_misc":{"Dur\u00e9e de lecture estim\u00e9e":"1 minute"},"schema":{"@context":"https:\/\/schema.org","@graph":[{"@type":"WebPage","@id":"https:\/\/mpfiltri3.addictionlab.it\/fr\/product\/atex-filters\/","url":"https:\/\/mpfiltri3.addictionlab.it\/fr\/product\/atex-filters\/","name":"ATEX FILTERS - MP Filtri","isPartOf":{"@id":"https:\/\/mpfiltri3.addictionlab.it\/fr\/#website"},"primaryImageOfPage":{"@id":"https:\/\/mpfiltri3.addictionlab.it\/fr\/product\/atex-filters\/#primaryimage"},"image":{"@id":"https:\/\/mpfiltri3.addictionlab.it\/fr\/product\/atex-filters\/#primaryimage"},"thumbnailUrl":"https:\/\/mpfiltri3.addictionlab.it\/wp-content\/uploads\/2025\/10\/hf-atex.png","datePublished":"2026-02-26T11:10:02+00:00","dateModified":"2026-02-26T17:31:47+00:00","breadcrumb":{"@id":"https:\/\/mpfiltri3.addictionlab.it\/fr\/product\/atex-filters\/#breadcrumb"},"inLanguage":"fr-FR","potentialAction":[{"@type":"ReadAction","target":["https:\/\/mpfiltri3.addictionlab.it\/fr\/product\/atex-filters\/"]}]},{"@type":"ImageObject","inLanguage":"fr-FR","@id":"https:\/\/mpfiltri3.addictionlab.it\/fr\/product\/atex-filters\/#primaryimage","url":"https:\/\/mpfiltri3.addictionlab.it\/wp-content\/uploads\/2025\/10\/hf-atex.png","contentUrl":"https:\/\/mpfiltri3.addictionlab.it\/wp-content\/uploads\/2025\/10\/hf-atex.png","width":700,"height":700},{"@type":"BreadcrumbList","@id":"https:\/\/mpfiltri3.addictionlab.it\/fr\/product\/atex-filters\/#breadcrumb","itemListElement":[{"@type":"ListItem","position":1,"name":"Accueil","item":"https:\/\/mpfiltri3.addictionlab.it\/fr\/"},{"@type":"ListItem","position":2,"name":"Boutique","item":"https:\/\/mpfiltri3.addictionlab.it\/shop\/"},{"@type":"ListItem","position":3,"name":"ATEX FILTERS"}]},{"@type":"WebSite","@id":"https:\/\/mpfiltri3.addictionlab.it\/fr\/#website","url":"https:\/\/mpfiltri3.addictionlab.it\/fr\/","name":"MP Filtri","description":"","publisher":{"@id":"https:\/\/mpfiltri3.addictionlab.it\/fr\/#organization"},"potentialAction":[{"@type":"SearchAction","target":{"@type":"EntryPoint","urlTemplate":"https:\/\/mpfiltri3.addictionlab.it\/fr\/?s={search_term_string}"},"query-input":{"@type":"PropertyValueSpecification","valueRequired":true,"valueName":"search_term_string"}}],"inLanguage":"fr-FR"},{"@type":"Organization","@id":"https:\/\/mpfiltri3.addictionlab.it\/fr\/#organization","name":"MP Filtri","url":"https:\/\/mpfiltri3.addictionlab.it\/fr\/","logo":{"@type":"ImageObject","inLanguage":"fr-FR","@id":"https:\/\/mpfiltri3.addictionlab.it\/fr\/#\/schema\/logo\/image\/","url":"https:\/\/mpfiltri3.addictionlab.it\/wp-content\/uploads\/2025\/09\/mpfiltri-logo.png","contentUrl":"https:\/\/mpfiltri3.addictionlab.it\/wp-content\/uploads\/2025\/09\/mpfiltri-logo.png","width":263,"height":80,"caption":"MP Filtri"},"image":{"@id":"https:\/\/mpfiltri3.addictionlab.it\/fr\/#\/schema\/logo\/image\/"},"sameAs":["https:\/\/www.facebook.com\/MPFiltriITA","https:\/\/www.instagram.com\/mpfiltri\/","https:\/\/www.youtube.com\/channel\/UCCzNMySYc1c4M-2B4v0K_QA?view_as=subscriber","https:\/\/www.linkedin.com\/company\/mp-filtri-spa\/"]}]}},"_links":{"self":[{"href":"https:\/\/mpfiltri3.addictionlab.it\/fr\/wp-json\/wp\/v2\/product\/48686","targetHints":{"allow":["GET"]}}],"collection":[{"href":"https:\/\/mpfiltri3.addictionlab.it\/fr\/wp-json\/wp\/v2\/product"}],"about":[{"href":"https:\/\/mpfiltri3.addictionlab.it\/fr\/wp-json\/wp\/v2\/types\/product"}],"replies":[{"embeddable":true,"href":"https:\/\/mpfiltri3.addictionlab.it\/fr\/wp-json\/wp\/v2\/comments?post=48686"}],"wp:featuredmedia":[{"embeddable":true,"href":"https:\/\/mpfiltri3.addictionlab.it\/fr\/wp-json\/wp\/v2\/media\/37878"}],"wp:attachment":[{"href":"https:\/\/mpfiltri3.addictionlab.it\/fr\/wp-json\/wp\/v2\/media?parent=48686"}],"wp:term":[{"taxonomy":"product-structure","embeddable":true,"href":"https:\/\/mpfiltri3.addictionlab.it\/fr\/wp-json\/wp\/v2\/product-structure?post=48686"},{"taxonomy":"product_brand","embeddable":true,"href":"https:\/\/mpfiltri3.addictionlab.it\/fr\/wp-json\/wp\/v2\/product_brand?post=48686"},{"taxonomy":"product_cat","embeddable":true,"href":"https:\/\/mpfiltri3.addictionlab.it\/fr\/wp-json\/wp\/v2\/product_cat?post=48686"},{"taxonomy":"product_tag","embeddable":true,"href":"https:\/\/mpfiltri3.addictionlab.it\/fr\/wp-json\/wp\/v2\/product_tag?post=48686"}],"curies":[{"name":"wp","href":"https:\/\/api.w.org\/{rel}","templated":true}]}}