
{"id":48745,"date":"2026-01-29T16:13:33","date_gmt":"2026-01-29T15:13:33","guid":{"rendered":"https:\/\/mpfiltri3.addictionlab.it\/product\/produit-3\/"},"modified":"2026-02-26T18:33:05","modified_gmt":"2026-02-26T17:33:05","slug":"se10lt","status":"publish","type":"product","link":"https:\/\/mpfiltri3.addictionlab.it\/fr\/product\/se10lt\/","title":{"rendered":"SE10LT"},"content":{"rendered":"<p>R\u00e9servoirs aluminium d\u00e9di\u00e9s aux centrales hydrauliques compactes<\/p>\n<p>Plus l\u00e9ger et plus \u00e9conomique qu`un r\u00e9servoir aluminium classique<\/p>\n","protected":false},"excerpt":{"rendered":"<p>R\u00e9servoirs aluminium d\u00e9di\u00e9s aux centrales hydrauliques compactesPlus l\u00e9ger et plus \u00e9conomique qu`un r\u00e9servoir aluminium classique<\/p>\n","protected":false},"featured_media":0,"comment_status":"open","ping_status":"closed","template":"","meta":{"_acf_changed":false,"_gspb_post_css":"","inline_featured_image":false,"_genesis_hide_title":false,"_genesis_hide_breadcrumbs":false,"_genesis_hide_singular_image":false,"_genesis_hide_footer_widgets":false,"_genesis_custom_body_class":"","_genesis_custom_post_class":"","_genesis_layout":"","_links_to":"","_links_to_target":""},"product-structure":[62],"product_brand":[],"product_cat":[13206,13192,13311,13248,13199,13269],"product_tag":[],"class_list":{"0":"post-48745","1":"product","2":"type-product","3":"status-publish","5":"product-structure-series","6":"product_cat-agriculture-forestry","7":"product_cat-applications","8":"product_cat-hydraulic-systems-power-pack-machinery","9":"product_cat-industrial-equipment-prova","10":"product_cat-mobile-equipment","11":"product_cat-power-generation","12":"entry","14":"first","15":"instock","16":"shipping-taxable","17":"product-type-simple"},"acf":[],"yoast_head":"<!-- This site is optimized with the Yoast SEO plugin v26.9 - https:\/\/yoast.com\/product\/yoast-seo-wordpress\/ -->\n<title>SE10LT - MP Filtri<\/title>\n<meta name=\"robots\" content=\"noindex, follow, max-snippet:-1, max-image-preview:large, max-video-preview:-1\" \/>\n<meta property=\"og:locale\" content=\"fr_FR\" \/>\n<meta property=\"og:type\" content=\"article\" \/>\n<meta property=\"og:title\" content=\"SE10LT - MP Filtri\" \/>\n<meta property=\"og:description\" content=\"R\u00e9servoirs aluminium d\u00e9di\u00e9s aux centrales hydrauliques compactesPlus l\u00e9ger et plus \u00e9conomique qu`un r\u00e9servoir aluminium classique\" \/>\n<meta property=\"og:url\" content=\"https:\/\/mpfiltri3.addictionlab.it\/fr\/product\/se10lt\/\" \/>\n<meta property=\"og:site_name\" content=\"MP Filtri\" \/>\n<meta property=\"article:publisher\" content=\"https:\/\/www.facebook.com\/MPFiltriITA\" \/>\n<meta property=\"article:modified_time\" content=\"2026-02-26T17:33:05+00:00\" \/>\n<meta name=\"twitter:card\" content=\"summary_large_image\" \/>\n<script type=\"application\/ld+json\" class=\"yoast-schema-graph\">{\"@context\":\"https:\/\/schema.org\",\"@graph\":[{\"@type\":\"WebPage\",\"@id\":\"https:\/\/mpfiltri3.addictionlab.it\/fr\/product\/se10lt\/\",\"url\":\"https:\/\/mpfiltri3.addictionlab.it\/fr\/product\/se10lt\/\",\"name\":\"SE10LT - MP Filtri\",\"isPartOf\":{\"@id\":\"https:\/\/mpfiltri3.addictionlab.it\/fr\/#website\"},\"datePublished\":\"2026-01-29T15:13:33+00:00\",\"dateModified\":\"2026-02-26T17:33:05+00:00\",\"breadcrumb\":{\"@id\":\"https:\/\/mpfiltri3.addictionlab.it\/fr\/product\/se10lt\/#breadcrumb\"},\"inLanguage\":\"fr-FR\",\"potentialAction\":[{\"@type\":\"ReadAction\",\"target\":[\"https:\/\/mpfiltri3.addictionlab.it\/fr\/product\/se10lt\/\"]}]},{\"@type\":\"BreadcrumbList\",\"@id\":\"https:\/\/mpfiltri3.addictionlab.it\/fr\/product\/se10lt\/#breadcrumb\",\"itemListElement\":[{\"@type\":\"ListItem\",\"position\":1,\"name\":\"Accueil\",\"item\":\"https:\/\/mpfiltri3.addictionlab.it\/fr\/\"},{\"@type\":\"ListItem\",\"position\":2,\"name\":\"Boutique\",\"item\":\"https:\/\/mpfiltri3.addictionlab.it\/shop\/\"},{\"@type\":\"ListItem\",\"position\":3,\"name\":\"SE10LT\"}]},{\"@type\":\"WebSite\",\"@id\":\"https:\/\/mpfiltri3.addictionlab.it\/fr\/#website\",\"url\":\"https:\/\/mpfiltri3.addictionlab.it\/fr\/\",\"name\":\"MP Filtri\",\"description\":\"\",\"publisher\":{\"@id\":\"https:\/\/mpfiltri3.addictionlab.it\/fr\/#organization\"},\"potentialAction\":[{\"@type\":\"SearchAction\",\"target\":{\"@type\":\"EntryPoint\",\"urlTemplate\":\"https:\/\/mpfiltri3.addictionlab.it\/fr\/?s={search_term_string}\"},\"query-input\":{\"@type\":\"PropertyValueSpecification\",\"valueRequired\":true,\"valueName\":\"search_term_string\"}}],\"inLanguage\":\"fr-FR\"},{\"@type\":\"Organization\",\"@id\":\"https:\/\/mpfiltri3.addictionlab.it\/fr\/#organization\",\"name\":\"MP Filtri\",\"url\":\"https:\/\/mpfiltri3.addictionlab.it\/fr\/\",\"logo\":{\"@type\":\"ImageObject\",\"inLanguage\":\"fr-FR\",\"@id\":\"https:\/\/mpfiltri3.addictionlab.it\/fr\/#\/schema\/logo\/image\/\",\"url\":\"https:\/\/mpfiltri3.addictionlab.it\/wp-content\/uploads\/2025\/09\/mpfiltri-logo.png\",\"contentUrl\":\"https:\/\/mpfiltri3.addictionlab.it\/wp-content\/uploads\/2025\/09\/mpfiltri-logo.png\",\"width\":263,\"height\":80,\"caption\":\"MP Filtri\"},\"image\":{\"@id\":\"https:\/\/mpfiltri3.addictionlab.it\/fr\/#\/schema\/logo\/image\/\"},\"sameAs\":[\"https:\/\/www.facebook.com\/MPFiltriITA\",\"https:\/\/www.instagram.com\/mpfiltri\/\",\"https:\/\/www.youtube.com\/channel\/UCCzNMySYc1c4M-2B4v0K_QA?view_as=subscriber\",\"https:\/\/www.linkedin.com\/company\/mp-filtri-spa\/\"]}]}<\/script>\n<!-- \/ Yoast SEO plugin. -->","yoast_head_json":{"title":"SE10LT - MP Filtri","robots":{"index":"noindex","follow":"follow","max-snippet":"max-snippet:-1","max-image-preview":"max-image-preview:large","max-video-preview":"max-video-preview:-1"},"og_locale":"fr_FR","og_type":"article","og_title":"SE10LT - MP Filtri","og_description":"R\u00e9servoirs aluminium d\u00e9di\u00e9s aux centrales hydrauliques compactesPlus l\u00e9ger et plus \u00e9conomique qu`un r\u00e9servoir aluminium classique","og_url":"https:\/\/mpfiltri3.addictionlab.it\/fr\/product\/se10lt\/","og_site_name":"MP Filtri","article_publisher":"https:\/\/www.facebook.com\/MPFiltriITA","article_modified_time":"2026-02-26T17:33:05+00:00","twitter_card":"summary_large_image","schema":{"@context":"https:\/\/schema.org","@graph":[{"@type":"WebPage","@id":"https:\/\/mpfiltri3.addictionlab.it\/fr\/product\/se10lt\/","url":"https:\/\/mpfiltri3.addictionlab.it\/fr\/product\/se10lt\/","name":"SE10LT - MP Filtri","isPartOf":{"@id":"https:\/\/mpfiltri3.addictionlab.it\/fr\/#website"},"datePublished":"2026-01-29T15:13:33+00:00","dateModified":"2026-02-26T17:33:05+00:00","breadcrumb":{"@id":"https:\/\/mpfiltri3.addictionlab.it\/fr\/product\/se10lt\/#breadcrumb"},"inLanguage":"fr-FR","potentialAction":[{"@type":"ReadAction","target":["https:\/\/mpfiltri3.addictionlab.it\/fr\/product\/se10lt\/"]}]},{"@type":"BreadcrumbList","@id":"https:\/\/mpfiltri3.addictionlab.it\/fr\/product\/se10lt\/#breadcrumb","itemListElement":[{"@type":"ListItem","position":1,"name":"Accueil","item":"https:\/\/mpfiltri3.addictionlab.it\/fr\/"},{"@type":"ListItem","position":2,"name":"Boutique","item":"https:\/\/mpfiltri3.addictionlab.it\/shop\/"},{"@type":"ListItem","position":3,"name":"SE10LT"}]},{"@type":"WebSite","@id":"https:\/\/mpfiltri3.addictionlab.it\/fr\/#website","url":"https:\/\/mpfiltri3.addictionlab.it\/fr\/","name":"MP Filtri","description":"","publisher":{"@id":"https:\/\/mpfiltri3.addictionlab.it\/fr\/#organization"},"potentialAction":[{"@type":"SearchAction","target":{"@type":"EntryPoint","urlTemplate":"https:\/\/mpfiltri3.addictionlab.it\/fr\/?s={search_term_string}"},"query-input":{"@type":"PropertyValueSpecification","valueRequired":true,"valueName":"search_term_string"}}],"inLanguage":"fr-FR"},{"@type":"Organization","@id":"https:\/\/mpfiltri3.addictionlab.it\/fr\/#organization","name":"MP Filtri","url":"https:\/\/mpfiltri3.addictionlab.it\/fr\/","logo":{"@type":"ImageObject","inLanguage":"fr-FR","@id":"https:\/\/mpfiltri3.addictionlab.it\/fr\/#\/schema\/logo\/image\/","url":"https:\/\/mpfiltri3.addictionlab.it\/wp-content\/uploads\/2025\/09\/mpfiltri-logo.png","contentUrl":"https:\/\/mpfiltri3.addictionlab.it\/wp-content\/uploads\/2025\/09\/mpfiltri-logo.png","width":263,"height":80,"caption":"MP Filtri"},"image":{"@id":"https:\/\/mpfiltri3.addictionlab.it\/fr\/#\/schema\/logo\/image\/"},"sameAs":["https:\/\/www.facebook.com\/MPFiltriITA","https:\/\/www.instagram.com\/mpfiltri\/","https:\/\/www.youtube.com\/channel\/UCCzNMySYc1c4M-2B4v0K_QA?view_as=subscriber","https:\/\/www.linkedin.com\/company\/mp-filtri-spa\/"]}]}},"_links":{"self":[{"href":"https:\/\/mpfiltri3.addictionlab.it\/fr\/wp-json\/wp\/v2\/product\/48745","targetHints":{"allow":["GET"]}}],"collection":[{"href":"https:\/\/mpfiltri3.addictionlab.it\/fr\/wp-json\/wp\/v2\/product"}],"about":[{"href":"https:\/\/mpfiltri3.addictionlab.it\/fr\/wp-json\/wp\/v2\/types\/product"}],"replies":[{"embeddable":true,"href":"https:\/\/mpfiltri3.addictionlab.it\/fr\/wp-json\/wp\/v2\/comments?post=48745"}],"wp:attachment":[{"href":"https:\/\/mpfiltri3.addictionlab.it\/fr\/wp-json\/wp\/v2\/media?parent=48745"}],"wp:term":[{"taxonomy":"product-structure","embeddable":true,"href":"https:\/\/mpfiltri3.addictionlab.it\/fr\/wp-json\/wp\/v2\/product-structure?post=48745"},{"taxonomy":"product_brand","embeddable":true,"href":"https:\/\/mpfiltri3.addictionlab.it\/fr\/wp-json\/wp\/v2\/product_brand?post=48745"},{"taxonomy":"product_cat","embeddable":true,"href":"https:\/\/mpfiltri3.addictionlab.it\/fr\/wp-json\/wp\/v2\/product_cat?post=48745"},{"taxonomy":"product_tag","embeddable":true,"href":"https:\/\/mpfiltri3.addictionlab.it\/fr\/wp-json\/wp\/v2\/product_tag?post=48745"}],"curies":[{"name":"wp","href":"https:\/\/api.w.org\/{rel}","templated":true}]}}