
{"id":48826,"date":"2026-01-29T16:12:05","date_gmt":"2026-01-29T15:12:05","guid":{"rendered":"https:\/\/mpfiltri3.addictionlab.it\/product\/produit-6\/"},"modified":"2026-02-26T18:33:29","modified_gmt":"2026-02-26T17:33:29","slug":"mpf","status":"publish","type":"product","link":"https:\/\/mpfiltri3.addictionlab.it\/fr\/product\/mpf\/","title":{"rendered":"MPF"},"content":{"rendered":"<p>Filtre retour sommet de r\u00e9servoir, filtration de l`exterieur vers l`int\u00e9rieur. Pression de service jusqu`\u00e0 8 bar (116 psi), d\u00e9bit d`huile jusqu`\u00e0 750 l\/min (198 gpm), raccordements taraud\u00e9s de G 1\/2&#8220; jusqu`\u00e0 2&#8243; BSP\/NPT\/SAE et raccordements \u00e0 brides SAE jusqu`\u00e0 2&#8243;.<\/p>\n<p>Disponible en configurations simple ou multi-connexions avec en options, tube plongeur \u00e0 clipser, diffuseur de d\u00e9bit en sortie et jauge de niveau d\u2019huile avec une fixation de montage incorpor\u00e9e pour une installation facile, le pot de filtre et l\u2019\u00e9l\u00e9ment peuvent \u00eatre extraits de la t\u00eate de filtre \u00e9vitant ainsi \u00e0 la contamination de revenir dans le r\u00e9servoir pendant le changement d\u2019\u00e9l\u00e9ment.<\/p>\n<p>Voir le <a href=\"https:\/\/www.mpfiltri.com\/fr\/resources\/knowledge-center\/hydraulic-filtration-knowledge\/fluid-compatibility-table\/\" title=\"https:\/\/www.mpfiltri.com\/fr\/resources\/knowledge-center\/hydraulic-filtration-knowledge\/fluid-compatibility-table\/\" target=\"_blank\">tableau<\/a> correspondant pour la compatibilit\u00e9 des fluides.<\/p>\n","protected":false},"excerpt":{"rendered":"<p>Filtre retour sommet de r\u00e9servoir, filtration de l`exterieur vers l`int\u00e9rieur. Pression de service jusqu`\u00e0 8 bar (116 psi), d\u00e9bit d`huile [&#8230;]<\/p>\n","protected":false},"featured_media":0,"comment_status":"open","ping_status":"closed","template":"","meta":{"_acf_changed":false,"_gspb_post_css":"","inline_featured_image":false,"_genesis_hide_title":false,"_genesis_hide_breadcrumbs":false,"_genesis_hide_singular_image":false,"_genesis_hide_footer_widgets":false,"_genesis_custom_body_class":"","_genesis_custom_post_class":"","_genesis_layout":"","_links_to":"","_links_to_target":""},"product-structure":[62],"product_brand":[],"product_cat":[13206,13192,13255,13241,13213,13297,13311,13248,13220,13227,13199,13276,13269,13262,13283,13290],"product_tag":[],"class_list":{"0":"post-48826","1":"product","2":"type-product","3":"status-publish","5":"product-structure-series","6":"product_cat-agriculture-forestry","7":"product_cat-applications","8":"product_cat-chemical-oil-gas","9":"product_cat-commercial-utility-vehicles","10":"product_cat-construction","11":"product_cat-forming-machines-for-ceramics-plastics-rubber-metals","12":"product_cat-hydraulic-systems-power-pack-machinery","13":"product_cat-industrial-equipment-prova","14":"product_cat-materials-handling","15":"product_cat-mining","16":"product_cat-mobile-equipment","17":"product_cat-packaging-foodbeverage","18":"product_cat-power-generation","19":"product_cat-steel-metal-processing","20":"product_cat-textile-wood-pulppaper","21":"product_cat-waste-treatment","22":"entry","24":"first","25":"instock","26":"shipping-taxable","27":"product-type-simple"},"acf":[],"yoast_head":"<!-- This site is optimized with the Yoast SEO plugin v26.9 - https:\/\/yoast.com\/product\/yoast-seo-wordpress\/ -->\n<title>MPF - MP Filtri<\/title>\n<meta name=\"robots\" content=\"noindex, follow, max-snippet:-1, max-image-preview:large, max-video-preview:-1\" \/>\n<meta property=\"og:locale\" content=\"fr_FR\" \/>\n<meta property=\"og:type\" content=\"article\" \/>\n<meta property=\"og:title\" content=\"MPF - MP Filtri\" \/>\n<meta property=\"og:description\" content=\"Filtre retour sommet de r\u00e9servoir, filtration de l`exterieur vers l`int\u00e9rieur. Pression de service jusqu`\u00e0 8 bar (116 psi), d\u00e9bit d`huile [...]\" \/>\n<meta property=\"og:url\" content=\"https:\/\/mpfiltri3.addictionlab.it\/fr\/product\/mpf\/\" \/>\n<meta property=\"og:site_name\" content=\"MP Filtri\" \/>\n<meta property=\"article:publisher\" content=\"https:\/\/www.facebook.com\/MPFiltriITA\" \/>\n<meta property=\"article:modified_time\" content=\"2026-02-26T17:33:29+00:00\" \/>\n<meta name=\"twitter:card\" content=\"summary_large_image\" \/>\n<meta name=\"twitter:label1\" content=\"Dur\u00e9e de lecture estim\u00e9e\" \/>\n\t<meta name=\"twitter:data1\" content=\"1 minute\" \/>\n<script type=\"application\/ld+json\" class=\"yoast-schema-graph\">{\"@context\":\"https:\/\/schema.org\",\"@graph\":[{\"@type\":\"WebPage\",\"@id\":\"https:\/\/mpfiltri3.addictionlab.it\/fr\/product\/mpf\/\",\"url\":\"https:\/\/mpfiltri3.addictionlab.it\/fr\/product\/mpf\/\",\"name\":\"MPF - MP Filtri\",\"isPartOf\":{\"@id\":\"https:\/\/mpfiltri3.addictionlab.it\/fr\/#website\"},\"datePublished\":\"2026-01-29T15:12:05+00:00\",\"dateModified\":\"2026-02-26T17:33:29+00:00\",\"breadcrumb\":{\"@id\":\"https:\/\/mpfiltri3.addictionlab.it\/fr\/product\/mpf\/#breadcrumb\"},\"inLanguage\":\"fr-FR\",\"potentialAction\":[{\"@type\":\"ReadAction\",\"target\":[\"https:\/\/mpfiltri3.addictionlab.it\/fr\/product\/mpf\/\"]}]},{\"@type\":\"BreadcrumbList\",\"@id\":\"https:\/\/mpfiltri3.addictionlab.it\/fr\/product\/mpf\/#breadcrumb\",\"itemListElement\":[{\"@type\":\"ListItem\",\"position\":1,\"name\":\"Accueil\",\"item\":\"https:\/\/mpfiltri3.addictionlab.it\/fr\/\"},{\"@type\":\"ListItem\",\"position\":2,\"name\":\"Boutique\",\"item\":\"https:\/\/mpfiltri3.addictionlab.it\/shop\/\"},{\"@type\":\"ListItem\",\"position\":3,\"name\":\"MPF\"}]},{\"@type\":\"WebSite\",\"@id\":\"https:\/\/mpfiltri3.addictionlab.it\/fr\/#website\",\"url\":\"https:\/\/mpfiltri3.addictionlab.it\/fr\/\",\"name\":\"MP Filtri\",\"description\":\"\",\"publisher\":{\"@id\":\"https:\/\/mpfiltri3.addictionlab.it\/fr\/#organization\"},\"potentialAction\":[{\"@type\":\"SearchAction\",\"target\":{\"@type\":\"EntryPoint\",\"urlTemplate\":\"https:\/\/mpfiltri3.addictionlab.it\/fr\/?s={search_term_string}\"},\"query-input\":{\"@type\":\"PropertyValueSpecification\",\"valueRequired\":true,\"valueName\":\"search_term_string\"}}],\"inLanguage\":\"fr-FR\"},{\"@type\":\"Organization\",\"@id\":\"https:\/\/mpfiltri3.addictionlab.it\/fr\/#organization\",\"name\":\"MP Filtri\",\"url\":\"https:\/\/mpfiltri3.addictionlab.it\/fr\/\",\"logo\":{\"@type\":\"ImageObject\",\"inLanguage\":\"fr-FR\",\"@id\":\"https:\/\/mpfiltri3.addictionlab.it\/fr\/#\/schema\/logo\/image\/\",\"url\":\"https:\/\/mpfiltri3.addictionlab.it\/wp-content\/uploads\/2025\/09\/mpfiltri-logo.png\",\"contentUrl\":\"https:\/\/mpfiltri3.addictionlab.it\/wp-content\/uploads\/2025\/09\/mpfiltri-logo.png\",\"width\":263,\"height\":80,\"caption\":\"MP Filtri\"},\"image\":{\"@id\":\"https:\/\/mpfiltri3.addictionlab.it\/fr\/#\/schema\/logo\/image\/\"},\"sameAs\":[\"https:\/\/www.facebook.com\/MPFiltriITA\",\"https:\/\/www.instagram.com\/mpfiltri\/\",\"https:\/\/www.youtube.com\/channel\/UCCzNMySYc1c4M-2B4v0K_QA?view_as=subscriber\",\"https:\/\/www.linkedin.com\/company\/mp-filtri-spa\/\"]}]}<\/script>\n<!-- \/ Yoast SEO plugin. -->","yoast_head_json":{"title":"MPF - MP Filtri","robots":{"index":"noindex","follow":"follow","max-snippet":"max-snippet:-1","max-image-preview":"max-image-preview:large","max-video-preview":"max-video-preview:-1"},"og_locale":"fr_FR","og_type":"article","og_title":"MPF - MP Filtri","og_description":"Filtre retour sommet de r\u00e9servoir, filtration de l`exterieur vers l`int\u00e9rieur. Pression de service jusqu`\u00e0 8 bar (116 psi), d\u00e9bit d`huile [...]","og_url":"https:\/\/mpfiltri3.addictionlab.it\/fr\/product\/mpf\/","og_site_name":"MP Filtri","article_publisher":"https:\/\/www.facebook.com\/MPFiltriITA","article_modified_time":"2026-02-26T17:33:29+00:00","twitter_card":"summary_large_image","twitter_misc":{"Dur\u00e9e de lecture estim\u00e9e":"1 minute"},"schema":{"@context":"https:\/\/schema.org","@graph":[{"@type":"WebPage","@id":"https:\/\/mpfiltri3.addictionlab.it\/fr\/product\/mpf\/","url":"https:\/\/mpfiltri3.addictionlab.it\/fr\/product\/mpf\/","name":"MPF - MP Filtri","isPartOf":{"@id":"https:\/\/mpfiltri3.addictionlab.it\/fr\/#website"},"datePublished":"2026-01-29T15:12:05+00:00","dateModified":"2026-02-26T17:33:29+00:00","breadcrumb":{"@id":"https:\/\/mpfiltri3.addictionlab.it\/fr\/product\/mpf\/#breadcrumb"},"inLanguage":"fr-FR","potentialAction":[{"@type":"ReadAction","target":["https:\/\/mpfiltri3.addictionlab.it\/fr\/product\/mpf\/"]}]},{"@type":"BreadcrumbList","@id":"https:\/\/mpfiltri3.addictionlab.it\/fr\/product\/mpf\/#breadcrumb","itemListElement":[{"@type":"ListItem","position":1,"name":"Accueil","item":"https:\/\/mpfiltri3.addictionlab.it\/fr\/"},{"@type":"ListItem","position":2,"name":"Boutique","item":"https:\/\/mpfiltri3.addictionlab.it\/shop\/"},{"@type":"ListItem","position":3,"name":"MPF"}]},{"@type":"WebSite","@id":"https:\/\/mpfiltri3.addictionlab.it\/fr\/#website","url":"https:\/\/mpfiltri3.addictionlab.it\/fr\/","name":"MP Filtri","description":"","publisher":{"@id":"https:\/\/mpfiltri3.addictionlab.it\/fr\/#organization"},"potentialAction":[{"@type":"SearchAction","target":{"@type":"EntryPoint","urlTemplate":"https:\/\/mpfiltri3.addictionlab.it\/fr\/?s={search_term_string}"},"query-input":{"@type":"PropertyValueSpecification","valueRequired":true,"valueName":"search_term_string"}}],"inLanguage":"fr-FR"},{"@type":"Organization","@id":"https:\/\/mpfiltri3.addictionlab.it\/fr\/#organization","name":"MP Filtri","url":"https:\/\/mpfiltri3.addictionlab.it\/fr\/","logo":{"@type":"ImageObject","inLanguage":"fr-FR","@id":"https:\/\/mpfiltri3.addictionlab.it\/fr\/#\/schema\/logo\/image\/","url":"https:\/\/mpfiltri3.addictionlab.it\/wp-content\/uploads\/2025\/09\/mpfiltri-logo.png","contentUrl":"https:\/\/mpfiltri3.addictionlab.it\/wp-content\/uploads\/2025\/09\/mpfiltri-logo.png","width":263,"height":80,"caption":"MP Filtri"},"image":{"@id":"https:\/\/mpfiltri3.addictionlab.it\/fr\/#\/schema\/logo\/image\/"},"sameAs":["https:\/\/www.facebook.com\/MPFiltriITA","https:\/\/www.instagram.com\/mpfiltri\/","https:\/\/www.youtube.com\/channel\/UCCzNMySYc1c4M-2B4v0K_QA?view_as=subscriber","https:\/\/www.linkedin.com\/company\/mp-filtri-spa\/"]}]}},"_links":{"self":[{"href":"https:\/\/mpfiltri3.addictionlab.it\/fr\/wp-json\/wp\/v2\/product\/48826","targetHints":{"allow":["GET"]}}],"collection":[{"href":"https:\/\/mpfiltri3.addictionlab.it\/fr\/wp-json\/wp\/v2\/product"}],"about":[{"href":"https:\/\/mpfiltri3.addictionlab.it\/fr\/wp-json\/wp\/v2\/types\/product"}],"replies":[{"embeddable":true,"href":"https:\/\/mpfiltri3.addictionlab.it\/fr\/wp-json\/wp\/v2\/comments?post=48826"}],"wp:attachment":[{"href":"https:\/\/mpfiltri3.addictionlab.it\/fr\/wp-json\/wp\/v2\/media?parent=48826"}],"wp:term":[{"taxonomy":"product-structure","embeddable":true,"href":"https:\/\/mpfiltri3.addictionlab.it\/fr\/wp-json\/wp\/v2\/product-structure?post=48826"},{"taxonomy":"product_brand","embeddable":true,"href":"https:\/\/mpfiltri3.addictionlab.it\/fr\/wp-json\/wp\/v2\/product_brand?post=48826"},{"taxonomy":"product_cat","embeddable":true,"href":"https:\/\/mpfiltri3.addictionlab.it\/fr\/wp-json\/wp\/v2\/product_cat?post=48826"},{"taxonomy":"product_tag","embeddable":true,"href":"https:\/\/mpfiltri3.addictionlab.it\/fr\/wp-json\/wp\/v2\/product_tag?post=48826"}],"curies":[{"name":"wp","href":"https:\/\/api.w.org\/{rel}","templated":true}]}}