
{"id":35460,"date":"2025-09-15T14:19:04","date_gmt":"2025-09-15T12:19:04","guid":{"rendered":"https:\/\/www.mpfiltri2.addictionlab.it\/condizioni-generali-di-acquisto\/"},"modified":"2025-09-15T14:19:04","modified_gmt":"2025-09-15T12:19:04","slug":"condizioni-generali-di-acquisto","status":"publish","type":"page","link":"https:\/\/mpfiltri3.addictionlab.it\/it\/condizioni-generali-di-acquisto\/","title":{"rendered":"Condizioni generali di acquisto"},"content":{"rendered":"\n<div class=\"wp-block-stackable-columns stk-block-columns stk-block stk-820bb05 body-lines height-100\" data-block-id=\"820bb05\"><style>.stk-820bb05 {margin-top:0px !important;margin-right:0px !important;margin-bottom:0px !important;margin-left:0px !important;}.stk-820bb05-column{--stk-columns-spacing:0px !important;}<\/style><div class=\"stk-row stk-inner-blocks stk-block-content stk-content-align stk-820bb05-column\">\n<div class=\"wp-block-stackable-column stk-block-column stk-column stk-block stk-745f29b\" data-v=\"4\" data-block-id=\"745f29b\"><div class=\"stk-column-wrapper stk-block-column__content stk-container stk-745f29b-container stk--no-background stk--no-padding\"><div class=\"stk-block-content stk-inner-blocks stk-745f29b-inner-blocks\"><\/div><\/div><\/div>\n<\/div><\/div>\n\n\n\n<div class=\"wp-block-stackable-columns stk-block-columns stk-block stk-ed0a22b\" data-block-id=\"ed0a22b\"><style>.stk-ed0a22b {border-color:#E6E6E6 !important;border-right-width:1px !important;border-left-width:1px !important;margin-top:0px !important;margin-right:0px !important;margin-bottom:0px !important;margin-left:0px !important;}<\/style><div class=\"stk-row stk-inner-blocks stk-block-content stk-content-align stk-ed0a22b-column\">\n<div class=\"wp-block-stackable-column stk-block-column stk-column stk-block stk-595eec5\" data-v=\"4\" data-block-id=\"595eec5\"><style>.stk-595eec5-inner-blocks{align-items:flex-start !important;}.stk-595eec5 {border-style:solid !important;border-color:#E6E6E6 !important;border-right-width:1px !important;border-left-width:1px !important;padding-right:30px !important;padding-left:30px !important;}<\/style><div class=\"stk-column-wrapper stk-block-column__content stk-container stk-595eec5-container stk--no-background stk--no-padding\"><div class=\"has-text-align-left stk--column-flex stk-block-content stk-inner-blocks stk-595eec5-inner-blocks\">\n<h2 class=\"wp-block-heading\" id=\"condizioni-generali-di-acquisto\">Condizioni generali di acquisto<\/h2>\n\n\n\n<p><strong>1) Definizioni<\/strong><\/p>\n\n\n\n<p>Ai fini delle presenti condizioni generali di acquisto valgono le seguenti definizioni:<\/p>\n\n\n\n<ul class=\"wp-block-list\">\n<li>Acquirente: MP FILTRI S.p.A.<\/li>\n\n\n\n<li>Fornitore: il soggetto obbligato all\u2019esecuzione dell\u2019ordine di acquisto emesso dall\u2019Acquirente (Ordine)<\/li>\n\n\n\n<li>Ordine: proposta di acquisto dell\u2019Acquirente al Fornitore<\/li>\n\n\n\n<li>Unit\u00e0 di Destinazione: luogo dove la merce deve essere consegnata dal Fornitore.<\/li>\n<\/ul>\n\n\n\n<p><strong>2) Conclusione del contratto di compravendita<\/strong><\/p>\n\n\n\n<p>Il contratto di compravendita si intende concluso, vincolante ed efficace tra le parti a condizione e nel momento in cui l\u2019Acquirente riceve l\u2019Ordine e le presenti condizioni generali di acquisto entrambi sottoscritti per accettazione dal Fornitore, senza aver apportato alcuna modifica e\/o integrazione. L\u2019accettazione dell\u2019Ordine deve essere fatta entro 5 (cinque) giorni dalla ricezione dell\u2019Ordine da parte del Fornitore; la mancata ricezione da parte dell\u2019Acquirente della conferma d\u2019Ordine entro il predetto termine pu\u00f2 comportare, ad insindacabile giudizio dell\u2019Acquirente, l\u2019annullamento dell\u2019Ordine stesso. Nell\u2019eventualit\u00e0 che il Fornitore dia esecuzione all\u2019Ordine, senza confermarne l\u2019accettazione, sar\u00e0 facolt\u00e0 dell\u2019Acquirente d\u2019accettare o meno la fornitura oggetto dell\u2019Ordine.<\/p>\n\n\n\n<p><strong>3) Esecuzione con materiale fornito dall\u2019Acquirente<\/strong><\/p>\n\n\n\n<p>L\u2019Acquirente si riserva il diritto di consegnare al Fornitore quanto necessario per l\u2019esecuzione delle forniture oggetto degli Ordini confermati dal Fornitore secondo quanto previsto al punto 2 che precede, sia per quanto riguarda la materia prima che i semilavorati. Il Fornitore \u00e8 tenuto a controllare che la materia prima fornita dall\u2019Acquirente sia conforme per peso, qualit\u00e0 e per qualsiasi altra condizione contenuta nell\u2019Ordine e nel documento di trasporto, e che i semilavorati forniti dall\u2019Acquirente siano quantitativamente quelli indicati nell\u2019Ordine e nel documento di trasporto. Eventuali differenze dovranno essere comunicate all\u2019Acquirente entro 24 ore dal ricevimento della merce, per poter effettuare gli opportuni controlli.<\/p>\n\n\n\n<p><strong>4) Riferimenti<\/strong><\/p>\n\n\n\n<p>Tutte le comunicazioni e i documenti relativi alla fornitura di cui all\u2019Ordine devono indicare espressamente il numero e la data dell\u2019Ordine, il codice del Fornitore, il numero di codice per ogni particolare articolo di merce ordinata.<\/p>\n\n\n\n<p><strong>5) Divieto di subfornitura e controlli presso il Fornitore<\/strong><\/p>\n\n\n\n<p>Il Fornitore non pu\u00f2 affidare in subfornitura la fornitura della merce oggetto dell\u2019Ordine, neanche in parte, salva preventiva autorizzazione scritta dell\u2019Acquirente.<br>Il Fornitore si obbliga per s\u00e9, e per i suoi subfornitori ai sensi dell\u2019art. 1381 c.c. nel caso l\u2019Acquirente abbia rilasciato l\u2019autorizzazione alla subfornitura di cui al comma precedente, a consentire all\u2019Acquirente, con preavviso concordato ma rimossa ogni eccezione, l\u2019accesso presso le sue officine e\/o le officine di ulteriori subfornitori al fine di permettere la verifica sulla regolare esecuzione dell\u2019Ordine.<br>MO-MPF-204 REV.9.15 del 07\/09\/2015 2<\/p>\n\n\n\n<p><strong>6) Consegna della merce<\/strong><\/p>\n\n\n\n<p>Il Fornitore si obbliga ad eseguire la consegna della merce oggetto di ciascun Ordine nell\u2019Unit\u00e0 di Destinazione e nel termine indicati nell\u2019Ordine.<br>I rischi del trasporto e la propriet\u00e0 dei beni oggetto dell\u2019Ordine passano all\u2019Acquirente al momento della consegna presso l\u2019Unit\u00e0 di Destinazione.<br>In caso di ritardo nella consegna il Fornitore \u00e8 obbligato a pagare all\u2019Acquirente una penale pari al 2% del valore della merce indicata nell\u2019Ordine per ogni giorno di ritardo, nel limite massimo complessivo del 20% del valore della merce indicata nell\u2019Ordine e fatto comunque salvo il diritto dell\u2019Acquirente al risarcimento del danno ulteriore.<br>In caso di mancata consegna nel termine indicato nell\u2019Ordine, l\u2019Acquirente ha comunque facolt\u00e0 di non accettare la merce, senza alcun onere e\/o spesa e\/o indennizzo, e di risolvere il contratto ex art. 1456 c.c. mediante semplice comunicazione scritta al Fornitore, fatto salvo il diritto al risarcimento del danno.<\/p>\n\n\n\n<p><strong>7) Documento di trasporto &#8211; Imballi &#8211; Pesi riconosciuti<\/strong><\/p>\n\n\n\n<p>Tutte le merci dovranno essere accompagnate da regolare documento di trasporto. I documenti di trasporto dovranno indicare tutti i riferimenti di cui all\u2019art. 4) nonch\u00e9 i numeri di matricola, le sigle di unificazione e le definizioni merceologiche indicati nell\u2019Ordine.<br>Il Fornitore deve indicare sul documento di trasporto se la consegna \u00e8 parziale e, in tal caso, se in conto o a saldo, fatta comunque salva ed impregiudicata la facolt\u00e0 dell\u2019Acquirente di non accettare la consegna parziale.<br>Il Fornitore deve, inoltre, indicare sul documento di trasporto, unitamente agli estremi dell\u2019Ordine e del documento di trasporto originario dell\u2019Acquirente, l\u2019eventuale sostituzione di scarti, l\u2019eventuale restituzione per eccedenza di materiali ricevuti dal Fornitore.<br>Nel caso in cui il Fornitore non provvedesse ad emettere i documenti sopra indicati completi di tutti i dati e dei riferimenti, le consegne potranno essere rifiutate presso l\u2019Unit\u00e0 di Destinazione.<br>L\u2019imballo della merce da parte del Fornitore deve essere idoneo alla merce fornita ed al mezzo di trasporto utilizzato. Su ogni singolo imballo deve essere indicata l\u2019esatta quantit\u00e0 ed il numero di codice degli articoli in esso contenuti. Tutti gli eventuali danni derivanti da difetti o carenze dell\u2019imballo saranno ad esclusivo carico del Fornitore, anche se la resa della merce fosse convenuta franco partenza.<br>L\u2019Acquirente riconoscer\u00e0 esclusivamente i pesi accertati dai seguenti enti: Ferrovie dello Stato, pesa pubblica e pesa dell\u2019Unit\u00e0 di Destinazione.<\/p>\n\n\n\n<p><strong>8) Garanzie. Accettazione e collaudo delle forniture<\/strong><\/p>\n\n\n\n<p>Il Fornitore dichiara che, indipendentemente da qualsiasi benestare o controllo preliminare da parte dell\u2019Acquirente nel corso della fornitura (anche ai sensi dell\u2019art. 5), la merce consegnata \u00e8 conforme all\u2019Ordine ed \u00e8 esente da vizi palesi e\/o occulti di ogni genere.<br>L\u2019Acquirente ha piena facolt\u00e0 di svolgere tutti i controlli e le verifiche ritenute opportune al fine di accertare la conformit\u00e0 della merce all\u2019Ordine e la qualit\u00e0 della stessa.<br>Nel caso le merce debba essere sottoposta a prove e\/o collaudi, l\u2019accettazione della stessa \u00e8 condizionata all\u2019esito positivo della prova e\/o del collaudo.<br>Il Fornitore, ove il collaudo debba essere da lui eseguito, deve comunicare per iscritto la data del collaudo al quale l\u2019Acquirente ha diritto di assistere. Qualora il collaudo abbia esito negativo, il Fornitore deve immediatamente provvedere ad eliminare tutti i vizi e difetti della merce. I termini di decadenza di cui agli artt. 1495, I comma, c.c. e 1497, II comma, c.c. sono di 8 (otto) giorni dalla scoperta del vizio.<br>MO-MPF-204 REV.9.15 del 07\/09\/2015 3<br>Il Fornitore garantisce inoltre il perfetto funzionamento, l\u2019ottima qualit\u00e0 della merce e il corretto assemblaggio della stessa e garantisce, altres\u00ec, che la merce avr\u00e0 e conserver\u00e0 tutte le caratteristiche tecniche indicate nell\u2019Ordine.<br>La garanzia del Fornitore ha durata di due anni a decorrere dalla consegna della merce all\u2019Acquirente o, nel caso in cui la merce debba essere collaudata e messa in funzione, dalla data del collaudo positivo e della messa in funzione.<br>Il Fornitore \u00e8 responsabile nei confronti dell\u2019Acquirente e di terzi di tutti i danni derivanti dai vizi e difetti della merce, dal suo non corretto funzionamento e dalla mancata produzione causata dai vizi e difetti stessi.<\/p>\n\n\n\n<p><strong>9) Obbligo di riservatezza<\/strong><\/p>\n\n\n\n<p>Il Fornitore si obbliga per s\u00e9 e per i suoi dipendenti e\/o collaboratori e\/o subfornitori ai sensi dell\u2019art. 1381 c.c., a considerare e mantenere strettamente riservati tutti i progetti, le invenzioni industriali, i metodi e processi di lavorazione industriale, i prodotti, le macchine, gli strumenti e in genere qualsiasi diritto industriale coperto da brevetto, nonch\u00e9 i disegni, le specifiche tecniche e il know-how eventualmente comunicatigli o consegnatigli dall\u2019Acquirente, nonch\u00e9 i dati e le caratteristiche dei modelli o prototipi forniti dall\u2019Acquirente stesso (i \u201cDiritti di Propriet\u00e0 Industriale\u201d).<br>I Diritti di Propriet\u00e0 Industriale rimarranno in ogni caso di propriet\u00e0 esclusiva dell\u2019Acquirente.<br>L\u2019Acquirente potr\u00e0 chiederne la restituzione in qualsiasi momento, e tutti gli elaborati dovranno essere resi in originale, entro 48 ore dalla richiesta.<\/p>\n\n\n\n<p><strong>10) Documentazione &#8211; Marcatura CE<\/strong><\/p>\n\n\n\n<p>All\u2019atto della consegna della merce, il Fornitore deve consegnare anche idonea documentazione e fornire tutte le istruzioni utili per consentire l\u2019uso corretto della merce.<br>La merce deve essere dotata a cura e spese del Fornitore di tutte le certificazioni di legge e della marcatura CE.<\/p>\n\n\n\n<p><strong>11) Sostituzioni, modifiche e riparazioni<\/strong><\/p>\n\n\n\n<p>Tutti i materiali e le spese necessari per effettuare sostituzioni, modifiche e\/o riparazioni al fine di garantire l\u2019assenza di vizi e\/o difetti e di consentirne il corretto e regolare funzionamento, anche con particolare riferimento a quanto previsto al precedente art. 8) sono ad esclusivo carico del Fornitore, impregiudicati gli ulteriori rimedi ivi previsti (incluso il diritto di rifiutare la merce difettosa, risolvere l\u2019Ordine e l\u2019eventuale risarcimento dei danni).<br>Non provvedendo il Fornitore alle necessarie sostituzioni, modifiche e\/o riparazioni, l\u2019Acquirente ha facolt\u00e0 di rivolgersi a terzi, fermo restando l\u2019obbligo del Fornitore di rimborsare all\u2019Acquirente tutte le spese sostenute.<br>La garanzia relativa alle parti sostituite, riparate e\/o modificate decorre dal momento del collaudo positivo e della messa in funzione delle parti stesse.<\/p>\n\n\n\n<p><strong>12) Corrispettivi<\/strong><\/p>\n\n\n\n<p>I prezzi indicati nell\u2019Ordine sono fissi ed invariabili, se non altrimenti pattuito per iscritto dalle parti.<\/p>\n\n\n\n<p><strong>13) Fatture e pagamento<\/strong><\/p>\n\n\n\n<p>Le fatture originali devono essere accompagnate da due copie e devono essere intestate e indirizzate come nell\u2019Ordine. Ogni fattura deve essere completata con tutte le indicazioni di cui all\u2019art. 4), fare espresso riferimento ai documenti di trasporto di cui all\u2019art. 6) ed indicare nella stessa successione i materiali ivi elencati.<br>In caso di consegna parziale, nella fattura deve essere indicato se la consegna \u00e8 in conto o a saldo, fatta salva la facolt\u00e0 dell\u2019Acquirente di non accettare consegne parziali.<br>Le fatture non conformi alla presente clausola e alle disposizioni di legge verranno respinte.<br>l modo e i termini di pagamento sono quelli indicati nell\u2019Ordine e in nessun caso saranno accettate tratte o addebiti di interessi non concordati.<br>MO-MPF-204 REV.9.15 del 07\/09\/2015 4<br>L\u2019Acquirente ha facolt\u00e0 di posticipare il pagamento, parziale o totale, qualora il Fornitore non rispetti i termini di consegna.<\/p>\n\n\n\n<p><strong>14) Non cedibilit\u00e0 del credito<\/strong><\/p>\n\n\n\n<p>Il credito derivante dalla fornitura di cui all\u2019Ordine non \u00e8 cedibile ai sensi dell\u2019art. 1260, II comma, c.c..<\/p>\n\n\n\n<p><strong>15) Nullit\u00e0 parziale<\/strong><\/p>\n\n\n\n<p>L\u2019eventuale nullit\u00e0 di una o pi\u00f9 clausole di cui alle presenti condizioni generali non comporta la nullit\u00e0 dell\u2019intero contratto ai sensi dell\u2019art. 1419, I comma, c.c..<\/p>\n\n\n\n<p><strong>16) Esclusione di altre condizioni di fornitura<\/strong><\/p>\n\n\n\n<p>E\u2019 tassativamente esclusa l\u2019applicazione di condizioni di fornitura diverse dalle presenti condizioni.<\/p>\n\n\n\n<p><strong>17) Legge applicabile e autorit\u00e0 giudiziaria competente<\/strong><\/p>\n\n\n\n<p>Il presente contratto \u00e8 disciplinato dalla legge italiana.<br>Tutte le controversie relative e\/o connesse all\u2019Ordine e\/o alle presenti condizioni generali sono di competenza esclusiva del Tribunale di Milano. A tal fine il Fornitore specifica ulteriormente di rinunciare alla competenza del proprio Foro e di assoggettarsi alla competenza esclusiva del Foro di Milano.<br>Ai sensi e per gli effetti degli Artt. 1341 e 1342 C.C. il Fornitore dichiara di approvare specificatamente le presenti Condizioni Generali di Acquisto ed in particolare le seguenti clausole: 2) conclusione del contratto di compravendita (annullamento Ordine); 5) divieto di subfornitura; 7) rifiuto di consegne; 8) termini di decadenza; 9) obbligo di riservatezza; 13) posticipo dei pagamenti; 14) non cedibilit\u00e0 del credito; 17) foro competente.<\/p>\n\n\n\n<div class=\"wp-block-stackable-spacer stk-block-spacer stk--no-padding stk-block stk-395a099\" data-block-id=\"395a099\"><\/div>\n\n\n\n<div class=\"wp-block-buttons is-layout-flex wp-block-buttons-is-layout-flex\">\n<div class=\"wp-block-button\"><a class=\"wp-block-button__link wp-element-button\" href=\"https:\/\/mpfiltri3.addictionlab.it\/wp-content\/uploads\/2025\/09\/CONDIZIONI-GENERALI-DI-ACQUISTO-rev0915.pdf\" target=\"_blank\" rel=\"noreferrer noopener\">Download<\/a><\/div>\n<\/div>\n<\/div><\/div><\/div>\n<\/div><\/div>\n\n\n\n<div class=\"wp-block-stackable-columns stk-block-columns stk-block stk-b4389cd body-lines height-100\" data-block-id=\"b4389cd\"><style>.stk-b4389cd {margin-top:0px !important;margin-right:0px !important;margin-bottom:0px !important;margin-left:0px !important;}.stk-b4389cd-column{--stk-columns-spacing:0px !important;}<\/style><div class=\"stk-row stk-inner-blocks stk-block-content stk-content-align stk-b4389cd-column\">\n<div class=\"wp-block-stackable-column stk-block-column stk-column stk-block stk-1007f7e\" data-v=\"4\" data-block-id=\"1007f7e\"><div class=\"stk-column-wrapper stk-block-column__content stk-container stk-1007f7e-container stk--no-background stk--no-padding\"><div class=\"stk-block-content stk-inner-blocks stk-1007f7e-inner-blocks\"><\/div><\/div><\/div>\n<\/div><\/div>\n\n\n\n<p><\/p>\n","protected":false},"excerpt":{"rendered":"<p>Condizioni generali di acquisto 1) Definizioni Ai fini delle presenti condizioni generali di acquisto valgono le seguenti definizioni: Acquirente: MP [&#8230;]<\/p>\n","protected":false},"author":3,"featured_media":0,"parent":0,"menu_order":390,"comment_status":"closed","ping_status":"closed","template":"","meta":{"_acf_changed":false,"_gspb_post_css":"","inline_featured_image":false,"_genesis_hide_title":false,"_genesis_hide_breadcrumbs":false,"_genesis_hide_singular_image":false,"_genesis_hide_footer_widgets":false,"_genesis_custom_body_class":"","_genesis_custom_post_class":"","_genesis_layout":"","footnotes":"","_links_to":"","_links_to_target":""},"class_list":{"0":"post-35460","1":"page","2":"type-page","3":"status-publish","5":"entry"},"acf":[],"yoast_head":"<!-- This site is optimized with the Yoast SEO plugin v26.9 - https:\/\/yoast.com\/product\/yoast-seo-wordpress\/ -->\n<title>Condizioni generali di acquisto - MP Filtri<\/title>\n<meta name=\"robots\" content=\"noindex, follow, max-snippet:-1, max-image-preview:large, max-video-preview:-1\" \/>\n<meta property=\"og:locale\" content=\"it_IT\" \/>\n<meta property=\"og:type\" content=\"article\" \/>\n<meta property=\"og:title\" content=\"Condizioni generali di acquisto - MP Filtri\" \/>\n<meta property=\"og:description\" content=\"Condizioni generali di acquisto 1) Definizioni Ai fini delle presenti condizioni generali di acquisto valgono le seguenti definizioni: Acquirente: MP [...]\" \/>\n<meta property=\"og:url\" content=\"https:\/\/mpfiltri3.addictionlab.it\/it\/condizioni-generali-di-acquisto\/\" \/>\n<meta property=\"og:site_name\" content=\"MP Filtri\" \/>\n<meta property=\"article:publisher\" content=\"https:\/\/www.facebook.com\/MPFiltriITA\" \/>\n<meta name=\"twitter:card\" content=\"summary_large_image\" \/>\n<meta name=\"twitter:label1\" content=\"Tempo di lettura stimato\" \/>\n\t<meta name=\"twitter:data1\" content=\"8 minuti\" \/>\n<script type=\"application\/ld+json\" class=\"yoast-schema-graph\">{\"@context\":\"https:\/\/schema.org\",\"@graph\":[{\"@type\":\"WebPage\",\"@id\":\"https:\/\/mpfiltri3.addictionlab.it\/it\/condizioni-generali-di-acquisto\/\",\"url\":\"https:\/\/mpfiltri3.addictionlab.it\/it\/condizioni-generali-di-acquisto\/\",\"name\":\"Condizioni generali di acquisto - MP Filtri\",\"isPartOf\":{\"@id\":\"https:\/\/mpfiltri3.addictionlab.it\/it\/#website\"},\"datePublished\":\"2025-09-15T12:19:04+00:00\",\"breadcrumb\":{\"@id\":\"https:\/\/mpfiltri3.addictionlab.it\/it\/condizioni-generali-di-acquisto\/#breadcrumb\"},\"inLanguage\":\"it-IT\",\"potentialAction\":[{\"@type\":\"ReadAction\",\"target\":[\"https:\/\/mpfiltri3.addictionlab.it\/it\/condizioni-generali-di-acquisto\/\"]}]},{\"@type\":\"BreadcrumbList\",\"@id\":\"https:\/\/mpfiltri3.addictionlab.it\/it\/condizioni-generali-di-acquisto\/#breadcrumb\",\"itemListElement\":[{\"@type\":\"ListItem\",\"position\":1,\"name\":\"Home\",\"item\":\"https:\/\/mpfiltri3.addictionlab.it\/it\/\"},{\"@type\":\"ListItem\",\"position\":2,\"name\":\"Condizioni generali di acquisto\"}]},{\"@type\":\"WebSite\",\"@id\":\"https:\/\/mpfiltri3.addictionlab.it\/it\/#website\",\"url\":\"https:\/\/mpfiltri3.addictionlab.it\/it\/\",\"name\":\"MP Filtri\",\"description\":\"\",\"publisher\":{\"@id\":\"https:\/\/mpfiltri3.addictionlab.it\/it\/#organization\"},\"potentialAction\":[{\"@type\":\"SearchAction\",\"target\":{\"@type\":\"EntryPoint\",\"urlTemplate\":\"https:\/\/mpfiltri3.addictionlab.it\/it\/?s={search_term_string}\"},\"query-input\":{\"@type\":\"PropertyValueSpecification\",\"valueRequired\":true,\"valueName\":\"search_term_string\"}}],\"inLanguage\":\"it-IT\"},{\"@type\":\"Organization\",\"@id\":\"https:\/\/mpfiltri3.addictionlab.it\/it\/#organization\",\"name\":\"MP Filtri\",\"url\":\"https:\/\/mpfiltri3.addictionlab.it\/it\/\",\"logo\":{\"@type\":\"ImageObject\",\"inLanguage\":\"it-IT\",\"@id\":\"https:\/\/mpfiltri3.addictionlab.it\/it\/#\/schema\/logo\/image\/\",\"url\":\"https:\/\/mpfiltri3.addictionlab.it\/wp-content\/uploads\/2025\/09\/mpfiltri-logo.png\",\"contentUrl\":\"https:\/\/mpfiltri3.addictionlab.it\/wp-content\/uploads\/2025\/09\/mpfiltri-logo.png\",\"width\":263,\"height\":80,\"caption\":\"MP Filtri\"},\"image\":{\"@id\":\"https:\/\/mpfiltri3.addictionlab.it\/it\/#\/schema\/logo\/image\/\"},\"sameAs\":[\"https:\/\/www.facebook.com\/MPFiltriITA\",\"https:\/\/www.instagram.com\/mpfiltri\/\",\"https:\/\/www.youtube.com\/channel\/UCCzNMySYc1c4M-2B4v0K_QA?view_as=subscriber\",\"https:\/\/www.linkedin.com\/company\/mp-filtri-spa\/\"]}]}<\/script>\n<!-- \/ Yoast SEO plugin. -->","yoast_head_json":{"title":"Condizioni generali di acquisto - MP Filtri","robots":{"index":"noindex","follow":"follow","max-snippet":"max-snippet:-1","max-image-preview":"max-image-preview:large","max-video-preview":"max-video-preview:-1"},"og_locale":"it_IT","og_type":"article","og_title":"Condizioni generali di acquisto - MP Filtri","og_description":"Condizioni generali di acquisto 1) Definizioni Ai fini delle presenti condizioni generali di acquisto valgono le seguenti definizioni: Acquirente: MP [...]","og_url":"https:\/\/mpfiltri3.addictionlab.it\/it\/condizioni-generali-di-acquisto\/","og_site_name":"MP Filtri","article_publisher":"https:\/\/www.facebook.com\/MPFiltriITA","twitter_card":"summary_large_image","twitter_misc":{"Tempo di lettura stimato":"8 minuti"},"schema":{"@context":"https:\/\/schema.org","@graph":[{"@type":"WebPage","@id":"https:\/\/mpfiltri3.addictionlab.it\/it\/condizioni-generali-di-acquisto\/","url":"https:\/\/mpfiltri3.addictionlab.it\/it\/condizioni-generali-di-acquisto\/","name":"Condizioni generali di acquisto - MP Filtri","isPartOf":{"@id":"https:\/\/mpfiltri3.addictionlab.it\/it\/#website"},"datePublished":"2025-09-15T12:19:04+00:00","breadcrumb":{"@id":"https:\/\/mpfiltri3.addictionlab.it\/it\/condizioni-generali-di-acquisto\/#breadcrumb"},"inLanguage":"it-IT","potentialAction":[{"@type":"ReadAction","target":["https:\/\/mpfiltri3.addictionlab.it\/it\/condizioni-generali-di-acquisto\/"]}]},{"@type":"BreadcrumbList","@id":"https:\/\/mpfiltri3.addictionlab.it\/it\/condizioni-generali-di-acquisto\/#breadcrumb","itemListElement":[{"@type":"ListItem","position":1,"name":"Home","item":"https:\/\/mpfiltri3.addictionlab.it\/it\/"},{"@type":"ListItem","position":2,"name":"Condizioni generali di acquisto"}]},{"@type":"WebSite","@id":"https:\/\/mpfiltri3.addictionlab.it\/it\/#website","url":"https:\/\/mpfiltri3.addictionlab.it\/it\/","name":"MP Filtri","description":"","publisher":{"@id":"https:\/\/mpfiltri3.addictionlab.it\/it\/#organization"},"potentialAction":[{"@type":"SearchAction","target":{"@type":"EntryPoint","urlTemplate":"https:\/\/mpfiltri3.addictionlab.it\/it\/?s={search_term_string}"},"query-input":{"@type":"PropertyValueSpecification","valueRequired":true,"valueName":"search_term_string"}}],"inLanguage":"it-IT"},{"@type":"Organization","@id":"https:\/\/mpfiltri3.addictionlab.it\/it\/#organization","name":"MP Filtri","url":"https:\/\/mpfiltri3.addictionlab.it\/it\/","logo":{"@type":"ImageObject","inLanguage":"it-IT","@id":"https:\/\/mpfiltri3.addictionlab.it\/it\/#\/schema\/logo\/image\/","url":"https:\/\/mpfiltri3.addictionlab.it\/wp-content\/uploads\/2025\/09\/mpfiltri-logo.png","contentUrl":"https:\/\/mpfiltri3.addictionlab.it\/wp-content\/uploads\/2025\/09\/mpfiltri-logo.png","width":263,"height":80,"caption":"MP Filtri"},"image":{"@id":"https:\/\/mpfiltri3.addictionlab.it\/it\/#\/schema\/logo\/image\/"},"sameAs":["https:\/\/www.facebook.com\/MPFiltriITA","https:\/\/www.instagram.com\/mpfiltri\/","https:\/\/www.youtube.com\/channel\/UCCzNMySYc1c4M-2B4v0K_QA?view_as=subscriber","https:\/\/www.linkedin.com\/company\/mp-filtri-spa\/"]}]}},"featured_image_src":null,"featured_image_src_square":null,"_links":{"self":[{"href":"https:\/\/mpfiltri3.addictionlab.it\/it\/wp-json\/wp\/v2\/pages\/35460","targetHints":{"allow":["GET"]}}],"collection":[{"href":"https:\/\/mpfiltri3.addictionlab.it\/it\/wp-json\/wp\/v2\/pages"}],"about":[{"href":"https:\/\/mpfiltri3.addictionlab.it\/it\/wp-json\/wp\/v2\/types\/page"}],"author":[{"embeddable":true,"href":"https:\/\/mpfiltri3.addictionlab.it\/it\/wp-json\/wp\/v2\/users\/3"}],"replies":[{"embeddable":true,"href":"https:\/\/mpfiltri3.addictionlab.it\/it\/wp-json\/wp\/v2\/comments?post=35460"}],"version-history":[{"count":0,"href":"https:\/\/mpfiltri3.addictionlab.it\/it\/wp-json\/wp\/v2\/pages\/35460\/revisions"}],"wp:attachment":[{"href":"https:\/\/mpfiltri3.addictionlab.it\/it\/wp-json\/wp\/v2\/media?parent=35460"}],"curies":[{"name":"wp","href":"https:\/\/api.w.org\/{rel}","templated":true}]}}