
{"id":49325,"date":"2026-01-29T16:12:31","date_gmt":"2026-01-29T15:12:31","guid":{"rendered":"https:\/\/mpfiltri3.addictionlab.it\/product\/prodotto-6\/"},"modified":"2026-02-26T18:33:21","modified_gmt":"2026-02-26T17:33:21","slug":"icm-4-0","status":"publish","type":"product","link":"https:\/\/mpfiltri3.addictionlab.it\/it\/prodotto\/icm-4-0\/","title":{"rendered":"ICM 4.0"},"content":{"rendered":"<p>Il Monitor di Contaminazione In-linea ICM 4.0 di MP Filtri aggiunge la connettivit\u00e0 wifi completa al suo set di funzionalit\u00e0 leader del mercato, precisione e ripetibilit\u00e0. Un sistema di monitoraggio in tempo reale 24\/7 e di avviso precoce critico, l&#8217;ICM 4.0 offre il massimo nei controlli della salute idraulica &#8211; con tutti i dati accessibili tramite un sofisticato software e una nuova innovativa app per telefoni cellulari.<\/p>\n<\/p>\n<p>\u2022 Connettivit\u00e0 eccezionale utilizzando l&#8217;ultima tecnologia WiFi<\/p>\n<p>\u2022 Monitoraggio in tempo reale<\/p>\n<p>\u2022 Misurazione e visualizzazione completa su otto canali<\/p>\n<p>\u2022 Tecnologia di manutenzione predittiva<\/p>\n<p>\u2022 Registrazione dei dati e memoria interna per 4000 test<\/p>\n<p>\u2022 Opzione di analisi delle tendenze in tempo reale<\/p>\n<p>\u2022 Ideale per fluidi idraulici, di lubrificazione e sottomarini<\/p>\n<p>\u2022 Misura e visualizza una variet\u00e0 di formati standard internazionali<\/p>\n<p>\u2022 Flessibilit\u00e0 di controllo manuale, automatico e remoto<\/p>\n<p>\u2022 Indicatori multicolori tramite LCD (versioni K) e LED con segnali di allarme in uscita<\/p>\n<p>\u2022 Connessioni non-WiFi disponibili come standard. Modbus, Canbus, segnale 4-20mA e uscite a rel\u00e8 di allarme commutato<\/p>\n","protected":false},"excerpt":{"rendered":"<p>Il Monitor di Contaminazione In-linea ICM 4.0 di MP Filtri aggiunge la connettivit\u00e0 wifi completa al suo set di funzionalit\u00e0 [&#8230;]<\/p>\n","protected":false},"featured_media":0,"comment_status":"open","ping_status":"closed","template":"","meta":{"_acf_changed":false,"_gspb_post_css":"","inline_featured_image":false,"_genesis_hide_title":false,"_genesis_hide_breadcrumbs":false,"_genesis_hide_singular_image":false,"_genesis_hide_footer_widgets":false,"_genesis_custom_body_class":"","_genesis_custom_post_class":"","_genesis_layout":"","_links_to":"","_links_to_target":""},"product-structure":[62],"product_brand":[],"product_cat":[13236,13194,13257,13313,13250,13306,13201,13264],"product_tag":[],"class_list":{"0":"post-49325","1":"product","2":"type-product","3":"status-publish","5":"product-structure-series","6":"product_cat-aircraft-marine-vehicles","7":"product_cat-applicazioni","8":"product_cat-chemical-oil-gas","9":"product_cat-hydraulic-systems-power-pack-machinery","10":"product_cat-industrial-equipment-prova","11":"product_cat-lubrication-machines-offline-flushing","12":"product_cat-mobile-equipment","13":"product_cat-steel-metal-processing","14":"entry","16":"first","17":"instock","18":"shipping-taxable","19":"product-type-simple"},"acf":[],"yoast_head":"<!-- This site is optimized with the Yoast SEO plugin v26.9 - https:\/\/yoast.com\/product\/yoast-seo-wordpress\/ -->\n<title>ICM 4.0 - MP Filtri<\/title>\n<meta name=\"robots\" content=\"noindex, follow, max-snippet:-1, max-image-preview:large, max-video-preview:-1\" \/>\n<meta property=\"og:locale\" content=\"it_IT\" \/>\n<meta property=\"og:type\" content=\"article\" \/>\n<meta property=\"og:title\" content=\"ICM 4.0 - MP Filtri\" \/>\n<meta property=\"og:description\" content=\"Il Monitor di Contaminazione In-linea ICM 4.0 di MP Filtri aggiunge la connettivit\u00e0 wifi completa al suo set di funzionalit\u00e0 [...]\" \/>\n<meta property=\"og:url\" content=\"https:\/\/mpfiltri3.addictionlab.it\/it\/prodotto\/icm-4-0\/\" \/>\n<meta property=\"og:site_name\" content=\"MP Filtri\" \/>\n<meta property=\"article:publisher\" content=\"https:\/\/www.facebook.com\/MPFiltriITA\" \/>\n<meta property=\"article:modified_time\" content=\"2026-02-26T17:33:21+00:00\" \/>\n<meta name=\"twitter:card\" content=\"summary_large_image\" \/>\n<meta name=\"twitter:label1\" content=\"Tempo di lettura stimato\" \/>\n\t<meta name=\"twitter:data1\" content=\"1 minuto\" \/>\n<script type=\"application\/ld+json\" class=\"yoast-schema-graph\">{\"@context\":\"https:\/\/schema.org\",\"@graph\":[{\"@type\":\"WebPage\",\"@id\":\"https:\/\/mpfiltri3.addictionlab.it\/it\/prodotto\/icm-4-0\/\",\"url\":\"https:\/\/mpfiltri3.addictionlab.it\/it\/prodotto\/icm-4-0\/\",\"name\":\"ICM 4.0 - MP Filtri\",\"isPartOf\":{\"@id\":\"https:\/\/mpfiltri3.addictionlab.it\/it\/#website\"},\"datePublished\":\"2026-01-29T15:12:31+00:00\",\"dateModified\":\"2026-02-26T17:33:21+00:00\",\"breadcrumb\":{\"@id\":\"https:\/\/mpfiltri3.addictionlab.it\/it\/prodotto\/icm-4-0\/#breadcrumb\"},\"inLanguage\":\"it-IT\",\"potentialAction\":[{\"@type\":\"ReadAction\",\"target\":[\"https:\/\/mpfiltri3.addictionlab.it\/it\/prodotto\/icm-4-0\/\"]}]},{\"@type\":\"BreadcrumbList\",\"@id\":\"https:\/\/mpfiltri3.addictionlab.it\/it\/prodotto\/icm-4-0\/#breadcrumb\",\"itemListElement\":[{\"@type\":\"ListItem\",\"position\":1,\"name\":\"Home\",\"item\":\"https:\/\/mpfiltri3.addictionlab.it\/it\/\"},{\"@type\":\"ListItem\",\"position\":2,\"name\":\"Negozio\",\"item\":\"https:\/\/mpfiltri3.addictionlab.it\/it\/negozio\/\"},{\"@type\":\"ListItem\",\"position\":3,\"name\":\"ICM 4.0\"}]},{\"@type\":\"WebSite\",\"@id\":\"https:\/\/mpfiltri3.addictionlab.it\/it\/#website\",\"url\":\"https:\/\/mpfiltri3.addictionlab.it\/it\/\",\"name\":\"MP Filtri\",\"description\":\"\",\"publisher\":{\"@id\":\"https:\/\/mpfiltri3.addictionlab.it\/it\/#organization\"},\"potentialAction\":[{\"@type\":\"SearchAction\",\"target\":{\"@type\":\"EntryPoint\",\"urlTemplate\":\"https:\/\/mpfiltri3.addictionlab.it\/it\/?s={search_term_string}\"},\"query-input\":{\"@type\":\"PropertyValueSpecification\",\"valueRequired\":true,\"valueName\":\"search_term_string\"}}],\"inLanguage\":\"it-IT\"},{\"@type\":\"Organization\",\"@id\":\"https:\/\/mpfiltri3.addictionlab.it\/it\/#organization\",\"name\":\"MP Filtri\",\"url\":\"https:\/\/mpfiltri3.addictionlab.it\/it\/\",\"logo\":{\"@type\":\"ImageObject\",\"inLanguage\":\"it-IT\",\"@id\":\"https:\/\/mpfiltri3.addictionlab.it\/it\/#\/schema\/logo\/image\/\",\"url\":\"https:\/\/mpfiltri3.addictionlab.it\/wp-content\/uploads\/2025\/09\/mpfiltri-logo.png\",\"contentUrl\":\"https:\/\/mpfiltri3.addictionlab.it\/wp-content\/uploads\/2025\/09\/mpfiltri-logo.png\",\"width\":263,\"height\":80,\"caption\":\"MP Filtri\"},\"image\":{\"@id\":\"https:\/\/mpfiltri3.addictionlab.it\/it\/#\/schema\/logo\/image\/\"},\"sameAs\":[\"https:\/\/www.facebook.com\/MPFiltriITA\",\"https:\/\/www.instagram.com\/mpfiltri\/\",\"https:\/\/www.youtube.com\/channel\/UCCzNMySYc1c4M-2B4v0K_QA?view_as=subscriber\",\"https:\/\/www.linkedin.com\/company\/mp-filtri-spa\/\"]}]}<\/script>\n<!-- \/ Yoast SEO plugin. -->","yoast_head_json":{"title":"ICM 4.0 - MP Filtri","robots":{"index":"noindex","follow":"follow","max-snippet":"max-snippet:-1","max-image-preview":"max-image-preview:large","max-video-preview":"max-video-preview:-1"},"og_locale":"it_IT","og_type":"article","og_title":"ICM 4.0 - MP Filtri","og_description":"Il Monitor di Contaminazione In-linea ICM 4.0 di MP Filtri aggiunge la connettivit\u00e0 wifi completa al suo set di funzionalit\u00e0 [...]","og_url":"https:\/\/mpfiltri3.addictionlab.it\/it\/prodotto\/icm-4-0\/","og_site_name":"MP Filtri","article_publisher":"https:\/\/www.facebook.com\/MPFiltriITA","article_modified_time":"2026-02-26T17:33:21+00:00","twitter_card":"summary_large_image","twitter_misc":{"Tempo di lettura stimato":"1 minuto"},"schema":{"@context":"https:\/\/schema.org","@graph":[{"@type":"WebPage","@id":"https:\/\/mpfiltri3.addictionlab.it\/it\/prodotto\/icm-4-0\/","url":"https:\/\/mpfiltri3.addictionlab.it\/it\/prodotto\/icm-4-0\/","name":"ICM 4.0 - MP Filtri","isPartOf":{"@id":"https:\/\/mpfiltri3.addictionlab.it\/it\/#website"},"datePublished":"2026-01-29T15:12:31+00:00","dateModified":"2026-02-26T17:33:21+00:00","breadcrumb":{"@id":"https:\/\/mpfiltri3.addictionlab.it\/it\/prodotto\/icm-4-0\/#breadcrumb"},"inLanguage":"it-IT","potentialAction":[{"@type":"ReadAction","target":["https:\/\/mpfiltri3.addictionlab.it\/it\/prodotto\/icm-4-0\/"]}]},{"@type":"BreadcrumbList","@id":"https:\/\/mpfiltri3.addictionlab.it\/it\/prodotto\/icm-4-0\/#breadcrumb","itemListElement":[{"@type":"ListItem","position":1,"name":"Home","item":"https:\/\/mpfiltri3.addictionlab.it\/it\/"},{"@type":"ListItem","position":2,"name":"Negozio","item":"https:\/\/mpfiltri3.addictionlab.it\/it\/negozio\/"},{"@type":"ListItem","position":3,"name":"ICM 4.0"}]},{"@type":"WebSite","@id":"https:\/\/mpfiltri3.addictionlab.it\/it\/#website","url":"https:\/\/mpfiltri3.addictionlab.it\/it\/","name":"MP Filtri","description":"","publisher":{"@id":"https:\/\/mpfiltri3.addictionlab.it\/it\/#organization"},"potentialAction":[{"@type":"SearchAction","target":{"@type":"EntryPoint","urlTemplate":"https:\/\/mpfiltri3.addictionlab.it\/it\/?s={search_term_string}"},"query-input":{"@type":"PropertyValueSpecification","valueRequired":true,"valueName":"search_term_string"}}],"inLanguage":"it-IT"},{"@type":"Organization","@id":"https:\/\/mpfiltri3.addictionlab.it\/it\/#organization","name":"MP Filtri","url":"https:\/\/mpfiltri3.addictionlab.it\/it\/","logo":{"@type":"ImageObject","inLanguage":"it-IT","@id":"https:\/\/mpfiltri3.addictionlab.it\/it\/#\/schema\/logo\/image\/","url":"https:\/\/mpfiltri3.addictionlab.it\/wp-content\/uploads\/2025\/09\/mpfiltri-logo.png","contentUrl":"https:\/\/mpfiltri3.addictionlab.it\/wp-content\/uploads\/2025\/09\/mpfiltri-logo.png","width":263,"height":80,"caption":"MP Filtri"},"image":{"@id":"https:\/\/mpfiltri3.addictionlab.it\/it\/#\/schema\/logo\/image\/"},"sameAs":["https:\/\/www.facebook.com\/MPFiltriITA","https:\/\/www.instagram.com\/mpfiltri\/","https:\/\/www.youtube.com\/channel\/UCCzNMySYc1c4M-2B4v0K_QA?view_as=subscriber","https:\/\/www.linkedin.com\/company\/mp-filtri-spa\/"]}]}},"_links":{"self":[{"href":"https:\/\/mpfiltri3.addictionlab.it\/it\/wp-json\/wp\/v2\/product\/49325","targetHints":{"allow":["GET"]}}],"collection":[{"href":"https:\/\/mpfiltri3.addictionlab.it\/it\/wp-json\/wp\/v2\/product"}],"about":[{"href":"https:\/\/mpfiltri3.addictionlab.it\/it\/wp-json\/wp\/v2\/types\/product"}],"replies":[{"embeddable":true,"href":"https:\/\/mpfiltri3.addictionlab.it\/it\/wp-json\/wp\/v2\/comments?post=49325"}],"wp:attachment":[{"href":"https:\/\/mpfiltri3.addictionlab.it\/it\/wp-json\/wp\/v2\/media?parent=49325"}],"wp:term":[{"taxonomy":"product-structure","embeddable":true,"href":"https:\/\/mpfiltri3.addictionlab.it\/it\/wp-json\/wp\/v2\/product-structure?post=49325"},{"taxonomy":"product_brand","embeddable":true,"href":"https:\/\/mpfiltri3.addictionlab.it\/it\/wp-json\/wp\/v2\/product_brand?post=49325"},{"taxonomy":"product_cat","embeddable":true,"href":"https:\/\/mpfiltri3.addictionlab.it\/it\/wp-json\/wp\/v2\/product_cat?post=49325"},{"taxonomy":"product_tag","embeddable":true,"href":"https:\/\/mpfiltri3.addictionlab.it\/it\/wp-json\/wp\/v2\/product_tag?post=49325"}],"curies":[{"name":"wp","href":"https:\/\/api.w.org\/{rel}","templated":true}]}}