
{"id":49492,"date":"2026-01-29T16:14:57","date_gmt":"2026-01-29T15:14:57","guid":{"rendered":"https:\/\/mpfiltri3.addictionlab.it\/product\/produto-4\/"},"modified":"2026-02-26T18:32:35","modified_gmt":"2026-02-26T17:32:35","slug":"mpfx","status":"publish","type":"product","link":"https:\/\/mpfiltri3.addictionlab.it\/pt-pt\/product\/mpfx\/","title":{"rendered":"MPFX"},"content":{"rendered":"<p>Filtro de retorno montagem sobre o tanque, elemento filtrante fluxo de \u00f3leo de fora para dentro. Press\u00e3o de trabalho de at\u00e9 8 bar (116 psi), vaz\u00e3o at\u00e9 750 l\/min (198 gpm), conex\u00f5es roscadas de 1\/2\u201d at\u00e9 2\u201d BSP\/NPT\/SAE e conex\u00f5es flangeadas SAE at\u00e9 2&#8243; c\u00f3digo 61.<\/p>\n<p>Projeto MYclean (European Patent: n\u00b0 16181725.9) para garantir a confiabilidade da m\u00e1quina, o desempenho, a efici\u00eancia e o retorno do investimento da m\u00e1quina pela garantia dos elementos filtrantes originais durante a vida \u00fatil projetada. Incorporando tecnologia patenteada, a marca pr\u00f3pria do fabricante, v\u00e1rias op\u00e7\u00f5es de p\u00f3rticos para interliga\u00e7\u00f5es e design espec\u00edfico para o fabricante-OEM. Dispon\u00edvel em configura\u00e7\u00f5es simples ou MULTIPORT, com respiro de ar atmosf\u00e9rico ou pressurizado antirrespingo, tubo de extens\u00e3o de encaixe r\u00e1pido, difusor de vaz\u00e3o na sa\u00edda e vareta medidora de n\u00edvel de \u00f3leo com um fixador de montagem incorporado para f\u00e1cil instala\u00e7\u00e3o, o copo com o elemento s\u00e3o facilmente remov\u00edveis para evitar que a contamina\u00e7\u00e3o entre novamente no tanque durante a troca do elemento.<\/p>\n<p>Ver <a href=\"https:\/\/www.mpfiltri.com\/pt-pt\/resources\/knowledge-center\/hydraulic-filtration-knowledge\/fluid-compatibility-table\/\" title=\"https:\/\/www.mpfiltri.com\/pt-pt\/resources\/knowledge-center\/hydraulic-filtration-knowledge\/fluid-compatibility-table\/\" target=\"_blank\">tabela<\/a> apropriada para a compatibilidade de fluidos.<\/p>\n","protected":false},"excerpt":{"rendered":"<p>Filtro de retorno montagem sobre o tanque, elemento filtrante fluxo de \u00f3leo de fora para dentro. Press\u00e3o de trabalho de [&#8230;]<\/p>\n","protected":false},"featured_media":0,"comment_status":"open","ping_status":"closed","template":"","meta":{"_acf_changed":false,"_gspb_post_css":"","inline_featured_image":false,"_genesis_hide_title":false,"_genesis_hide_breadcrumbs":false,"_genesis_hide_singular_image":false,"_genesis_hide_footer_widgets":false,"_genesis_custom_body_class":"","_genesis_custom_post_class":"","_genesis_layout":"","_links_to":"","_links_to_target":""},"product-structure":[62],"product_brand":[],"product_cat":[13209,13195,13258,13216,13300,13314,13251,13223,13230,13202,13279,13272,13265,13286,13293],"product_tag":[],"class_list":{"0":"post-49492","1":"product","2":"type-product","3":"status-publish","5":"product-structure-series","6":"product_cat-agriculture-forestry","7":"product_cat-applications","8":"product_cat-chemical-oil-gas","9":"product_cat-construction","10":"product_cat-forming-machines-for-ceramics-plastics-rubber-metals","11":"product_cat-hydraulic-systems-power-pack-machinery","12":"product_cat-industrial-equipment-prova","13":"product_cat-materials-handling","14":"product_cat-mining","15":"product_cat-mobile-equipment","16":"product_cat-packaging-foodbeverage","17":"product_cat-power-generation","18":"product_cat-steel-metal-processing","19":"product_cat-textile-wood-pulppaper","20":"product_cat-waste-treatment","21":"entry","23":"first","24":"instock","25":"shipping-taxable","26":"product-type-simple"},"acf":[],"yoast_head":"<!-- This site is optimized with the Yoast SEO plugin v26.9 - https:\/\/yoast.com\/product\/yoast-seo-wordpress\/ -->\n<title>MPFX - MP Filtri<\/title>\n<meta name=\"robots\" content=\"noindex, follow, max-snippet:-1, max-image-preview:large, max-video-preview:-1\" \/>\n<meta property=\"og:locale\" content=\"pt_PT\" \/>\n<meta property=\"og:type\" content=\"article\" \/>\n<meta property=\"og:title\" content=\"MPFX - MP Filtri\" \/>\n<meta property=\"og:description\" content=\"Filtro de retorno montagem sobre o tanque, elemento filtrante fluxo de \u00f3leo de fora para dentro. Press\u00e3o de trabalho de [...]\" \/>\n<meta property=\"og:url\" content=\"https:\/\/mpfiltri3.addictionlab.it\/pt-pt\/product\/mpfx\/\" \/>\n<meta property=\"og:site_name\" content=\"MP Filtri\" \/>\n<meta property=\"article:publisher\" content=\"https:\/\/www.facebook.com\/MPFiltriITA\" \/>\n<meta property=\"article:modified_time\" content=\"2026-02-26T17:32:35+00:00\" \/>\n<meta name=\"twitter:card\" content=\"summary_large_image\" \/>\n<meta name=\"twitter:label1\" content=\"Tempo estimado de leitura\" \/>\n\t<meta name=\"twitter:data1\" content=\"1 minuto\" \/>\n<script type=\"application\/ld+json\" class=\"yoast-schema-graph\">{\"@context\":\"https:\/\/schema.org\",\"@graph\":[{\"@type\":\"WebPage\",\"@id\":\"https:\/\/mpfiltri3.addictionlab.it\/pt-pt\/product\/mpfx\/\",\"url\":\"https:\/\/mpfiltri3.addictionlab.it\/pt-pt\/product\/mpfx\/\",\"name\":\"MPFX - MP Filtri\",\"isPartOf\":{\"@id\":\"https:\/\/mpfiltri3.addictionlab.it\/pt-pt\/#website\"},\"datePublished\":\"2026-01-29T15:14:57+00:00\",\"dateModified\":\"2026-02-26T17:32:35+00:00\",\"breadcrumb\":{\"@id\":\"https:\/\/mpfiltri3.addictionlab.it\/pt-pt\/product\/mpfx\/#breadcrumb\"},\"inLanguage\":\"pt-PT\",\"potentialAction\":[{\"@type\":\"ReadAction\",\"target\":[\"https:\/\/mpfiltri3.addictionlab.it\/pt-pt\/product\/mpfx\/\"]}]},{\"@type\":\"BreadcrumbList\",\"@id\":\"https:\/\/mpfiltri3.addictionlab.it\/pt-pt\/product\/mpfx\/#breadcrumb\",\"itemListElement\":[{\"@type\":\"ListItem\",\"position\":1,\"name\":\"In\u00edcio\",\"item\":\"https:\/\/mpfiltri3.addictionlab.it\/pt-pt\/\"},{\"@type\":\"ListItem\",\"position\":2,\"name\":\"Shop\",\"item\":\"https:\/\/mpfiltri3.addictionlab.it\/shop\/\"},{\"@type\":\"ListItem\",\"position\":3,\"name\":\"MPFX\"}]},{\"@type\":\"WebSite\",\"@id\":\"https:\/\/mpfiltri3.addictionlab.it\/pt-pt\/#website\",\"url\":\"https:\/\/mpfiltri3.addictionlab.it\/pt-pt\/\",\"name\":\"MP Filtri\",\"description\":\"\",\"publisher\":{\"@id\":\"https:\/\/mpfiltri3.addictionlab.it\/pt-pt\/#organization\"},\"potentialAction\":[{\"@type\":\"SearchAction\",\"target\":{\"@type\":\"EntryPoint\",\"urlTemplate\":\"https:\/\/mpfiltri3.addictionlab.it\/pt-pt\/?s={search_term_string}\"},\"query-input\":{\"@type\":\"PropertyValueSpecification\",\"valueRequired\":true,\"valueName\":\"search_term_string\"}}],\"inLanguage\":\"pt-PT\"},{\"@type\":\"Organization\",\"@id\":\"https:\/\/mpfiltri3.addictionlab.it\/pt-pt\/#organization\",\"name\":\"MP Filtri\",\"url\":\"https:\/\/mpfiltri3.addictionlab.it\/pt-pt\/\",\"logo\":{\"@type\":\"ImageObject\",\"inLanguage\":\"pt-PT\",\"@id\":\"https:\/\/mpfiltri3.addictionlab.it\/pt-pt\/#\/schema\/logo\/image\/\",\"url\":\"https:\/\/mpfiltri3.addictionlab.it\/wp-content\/uploads\/2025\/09\/mpfiltri-logo.png\",\"contentUrl\":\"https:\/\/mpfiltri3.addictionlab.it\/wp-content\/uploads\/2025\/09\/mpfiltri-logo.png\",\"width\":263,\"height\":80,\"caption\":\"MP Filtri\"},\"image\":{\"@id\":\"https:\/\/mpfiltri3.addictionlab.it\/pt-pt\/#\/schema\/logo\/image\/\"},\"sameAs\":[\"https:\/\/www.facebook.com\/MPFiltriITA\",\"https:\/\/www.instagram.com\/mpfiltri\/\",\"https:\/\/www.youtube.com\/channel\/UCCzNMySYc1c4M-2B4v0K_QA?view_as=subscriber\",\"https:\/\/www.linkedin.com\/company\/mp-filtri-spa\/\"]}]}<\/script>\n<!-- \/ Yoast SEO plugin. -->","yoast_head_json":{"title":"MPFX - MP Filtri","robots":{"index":"noindex","follow":"follow","max-snippet":"max-snippet:-1","max-image-preview":"max-image-preview:large","max-video-preview":"max-video-preview:-1"},"og_locale":"pt_PT","og_type":"article","og_title":"MPFX - MP Filtri","og_description":"Filtro de retorno montagem sobre o tanque, elemento filtrante fluxo de \u00f3leo de fora para dentro. Press\u00e3o de trabalho de [...]","og_url":"https:\/\/mpfiltri3.addictionlab.it\/pt-pt\/product\/mpfx\/","og_site_name":"MP Filtri","article_publisher":"https:\/\/www.facebook.com\/MPFiltriITA","article_modified_time":"2026-02-26T17:32:35+00:00","twitter_card":"summary_large_image","twitter_misc":{"Tempo estimado de leitura":"1 minuto"},"schema":{"@context":"https:\/\/schema.org","@graph":[{"@type":"WebPage","@id":"https:\/\/mpfiltri3.addictionlab.it\/pt-pt\/product\/mpfx\/","url":"https:\/\/mpfiltri3.addictionlab.it\/pt-pt\/product\/mpfx\/","name":"MPFX - MP Filtri","isPartOf":{"@id":"https:\/\/mpfiltri3.addictionlab.it\/pt-pt\/#website"},"datePublished":"2026-01-29T15:14:57+00:00","dateModified":"2026-02-26T17:32:35+00:00","breadcrumb":{"@id":"https:\/\/mpfiltri3.addictionlab.it\/pt-pt\/product\/mpfx\/#breadcrumb"},"inLanguage":"pt-PT","potentialAction":[{"@type":"ReadAction","target":["https:\/\/mpfiltri3.addictionlab.it\/pt-pt\/product\/mpfx\/"]}]},{"@type":"BreadcrumbList","@id":"https:\/\/mpfiltri3.addictionlab.it\/pt-pt\/product\/mpfx\/#breadcrumb","itemListElement":[{"@type":"ListItem","position":1,"name":"In\u00edcio","item":"https:\/\/mpfiltri3.addictionlab.it\/pt-pt\/"},{"@type":"ListItem","position":2,"name":"Shop","item":"https:\/\/mpfiltri3.addictionlab.it\/shop\/"},{"@type":"ListItem","position":3,"name":"MPFX"}]},{"@type":"WebSite","@id":"https:\/\/mpfiltri3.addictionlab.it\/pt-pt\/#website","url":"https:\/\/mpfiltri3.addictionlab.it\/pt-pt\/","name":"MP Filtri","description":"","publisher":{"@id":"https:\/\/mpfiltri3.addictionlab.it\/pt-pt\/#organization"},"potentialAction":[{"@type":"SearchAction","target":{"@type":"EntryPoint","urlTemplate":"https:\/\/mpfiltri3.addictionlab.it\/pt-pt\/?s={search_term_string}"},"query-input":{"@type":"PropertyValueSpecification","valueRequired":true,"valueName":"search_term_string"}}],"inLanguage":"pt-PT"},{"@type":"Organization","@id":"https:\/\/mpfiltri3.addictionlab.it\/pt-pt\/#organization","name":"MP Filtri","url":"https:\/\/mpfiltri3.addictionlab.it\/pt-pt\/","logo":{"@type":"ImageObject","inLanguage":"pt-PT","@id":"https:\/\/mpfiltri3.addictionlab.it\/pt-pt\/#\/schema\/logo\/image\/","url":"https:\/\/mpfiltri3.addictionlab.it\/wp-content\/uploads\/2025\/09\/mpfiltri-logo.png","contentUrl":"https:\/\/mpfiltri3.addictionlab.it\/wp-content\/uploads\/2025\/09\/mpfiltri-logo.png","width":263,"height":80,"caption":"MP Filtri"},"image":{"@id":"https:\/\/mpfiltri3.addictionlab.it\/pt-pt\/#\/schema\/logo\/image\/"},"sameAs":["https:\/\/www.facebook.com\/MPFiltriITA","https:\/\/www.instagram.com\/mpfiltri\/","https:\/\/www.youtube.com\/channel\/UCCzNMySYc1c4M-2B4v0K_QA?view_as=subscriber","https:\/\/www.linkedin.com\/company\/mp-filtri-spa\/"]}]}},"_links":{"self":[{"href":"https:\/\/mpfiltri3.addictionlab.it\/pt-pt\/wp-json\/wp\/v2\/product\/49492","targetHints":{"allow":["GET"]}}],"collection":[{"href":"https:\/\/mpfiltri3.addictionlab.it\/pt-pt\/wp-json\/wp\/v2\/product"}],"about":[{"href":"https:\/\/mpfiltri3.addictionlab.it\/pt-pt\/wp-json\/wp\/v2\/types\/product"}],"replies":[{"embeddable":true,"href":"https:\/\/mpfiltri3.addictionlab.it\/pt-pt\/wp-json\/wp\/v2\/comments?post=49492"}],"wp:attachment":[{"href":"https:\/\/mpfiltri3.addictionlab.it\/pt-pt\/wp-json\/wp\/v2\/media?parent=49492"}],"wp:term":[{"taxonomy":"product-structure","embeddable":true,"href":"https:\/\/mpfiltri3.addictionlab.it\/pt-pt\/wp-json\/wp\/v2\/product-structure?post=49492"},{"taxonomy":"product_brand","embeddable":true,"href":"https:\/\/mpfiltri3.addictionlab.it\/pt-pt\/wp-json\/wp\/v2\/product_brand?post=49492"},{"taxonomy":"product_cat","embeddable":true,"href":"https:\/\/mpfiltri3.addictionlab.it\/pt-pt\/wp-json\/wp\/v2\/product_cat?post=49492"},{"taxonomy":"product_tag","embeddable":true,"href":"https:\/\/mpfiltri3.addictionlab.it\/pt-pt\/wp-json\/wp\/v2\/product_tag?post=49492"}],"curies":[{"name":"wp","href":"https:\/\/api.w.org\/{rel}","templated":true}]}}