
{"id":49533,"date":"2026-02-26T12:07:34","date_gmt":"2026-02-26T11:07:34","guid":{"rendered":"https:\/\/mpfiltri3.addictionlab.it\/product\/produto-5\/"},"modified":"2026-02-26T18:32:10","modified_gmt":"2026-02-26T17:32:10","slug":"icm-2-0","status":"publish","type":"product","link":"https:\/\/mpfiltri3.addictionlab.it\/pt-pt\/product\/icm-2-0\/","title":{"rendered":"ICM 2.0"},"content":{"rendered":"<p>O ICM 2.0 mede e exibe automaticamente a contamina\u00e7\u00e3o por part\u00edculas, os n\u00edveis de umidade e temperatura em v\u00e1rios fluidos hidr\u00e1ulicos. Ele foi projetado especificamente para ser montado diretamente em sistemas, onde a medi\u00e7\u00e3o ou an\u00e1lise cont\u00ednua \u00e9 necess\u00e1ria, e onde o espa\u00e7o e os custos s\u00e3o limitados. O ICM pode ser usado como produto aut\u00f4nomo ou pode ser controlado por PC externo, PLC ou o ICM: RDU (Unidade de Display Remota com controle de 3m fornecido como padr\u00e3o).<\/p>\n<\/p>\n<p>\u2022 Calibrado de acordo com os padr\u00f5es ISO relevantes<\/p>\n<p>\u2022 V\u00e1rios protocolos de comunica\u00e7\u00e3o como RS485, MODBUS, CANBUS, sa\u00edda anal\u00f3gica 4-20mA como padr\u00e3o<\/p>\n<p>\u2022 V\u00e1rios formatos de relat\u00f3rio inclu\u00eddos<\/p>\n<p>\u2022 Sensores de umidade e temperatura (dependente do fluido)<\/p>\n<p>\u2022 Registro de dados e mem\u00f3ria para 4000 resultados de teste<\/p>\n<p>\u2022 Indicadores multicoloridos via LCD (vers\u00f5es K) e LED com sinais de alarme de sa\u00edda como padr\u00e3o<\/p>\n<p>\u2022 Constru\u00e7\u00e3o robusta em alum\u00ednio fundido<\/p>\n<p>\u2022 Press\u00e3o operacional m\u00e1xima at\u00e9 420 bar<\/p>\n<p>\u2022 Prote\u00e7\u00e3o ambiental IP65\/67 vers\u00e1til<\/p>\n<p>\u2022 Conector secund\u00e1rio para permitir o controle\/download simult\u00e2neo dos resultados durante a opera\u00e7\u00e3o<\/p>\n<p>\u2022 Op\u00e7\u00e3o dispon\u00edvel para baixar diretamente todos os resultados para um pen drive USB.<\/p>\n","protected":false},"excerpt":{"rendered":"<p>O ICM 2.0 mede e exibe automaticamente a contamina\u00e7\u00e3o por part\u00edculas, os n\u00edveis de umidade e temperatura em v\u00e1rios fluidos [&#8230;]<\/p>\n","protected":false},"featured_media":0,"comment_status":"open","ping_status":"closed","template":"","meta":{"_acf_changed":false,"_gspb_post_css":"","inline_featured_image":false,"_genesis_hide_title":false,"_genesis_hide_breadcrumbs":false,"_genesis_hide_singular_image":false,"_genesis_hide_footer_widgets":false,"_genesis_custom_body_class":"","_genesis_custom_post_class":"","_genesis_layout":"","_links_to":"","_links_to_target":""},"product-structure":[62],"product_brand":[],"product_cat":[13237,13195,13258,13314,13251,13307,13202,13265],"product_tag":[],"class_list":{"0":"post-49533","1":"product","2":"type-product","3":"status-publish","5":"product-structure-series","6":"product_cat-aircraft-marine-vehicles","7":"product_cat-applications","8":"product_cat-chemical-oil-gas","9":"product_cat-hydraulic-systems-power-pack-machinery","10":"product_cat-industrial-equipment-prova","11":"product_cat-lubrication-machines-offline-flushing","12":"product_cat-mobile-equipment","13":"product_cat-steel-metal-processing","14":"entry","16":"first","17":"instock","18":"shipping-taxable","19":"product-type-simple"},"acf":[],"yoast_head":"<!-- This site is optimized with the Yoast SEO plugin v26.9 - https:\/\/yoast.com\/product\/yoast-seo-wordpress\/ -->\n<title>ICM 2.0 - MP Filtri<\/title>\n<meta name=\"robots\" content=\"noindex, follow, max-snippet:-1, max-image-preview:large, max-video-preview:-1\" \/>\n<meta property=\"og:locale\" content=\"pt_PT\" \/>\n<meta property=\"og:type\" content=\"article\" \/>\n<meta property=\"og:title\" content=\"ICM 2.0 - MP Filtri\" \/>\n<meta property=\"og:description\" content=\"O ICM 2.0 mede e exibe automaticamente a contamina\u00e7\u00e3o por part\u00edculas, os n\u00edveis de umidade e temperatura em v\u00e1rios fluidos [...]\" \/>\n<meta property=\"og:url\" content=\"https:\/\/mpfiltri3.addictionlab.it\/pt-pt\/product\/icm-2-0\/\" \/>\n<meta property=\"og:site_name\" content=\"MP Filtri\" \/>\n<meta property=\"article:publisher\" content=\"https:\/\/www.facebook.com\/MPFiltriITA\" \/>\n<meta property=\"article:modified_time\" content=\"2026-02-26T17:32:10+00:00\" \/>\n<meta name=\"twitter:card\" content=\"summary_large_image\" \/>\n<meta name=\"twitter:label1\" content=\"Tempo estimado de leitura\" \/>\n\t<meta name=\"twitter:data1\" content=\"1 minuto\" \/>\n<script type=\"application\/ld+json\" class=\"yoast-schema-graph\">{\"@context\":\"https:\/\/schema.org\",\"@graph\":[{\"@type\":\"WebPage\",\"@id\":\"https:\/\/mpfiltri3.addictionlab.it\/pt-pt\/product\/icm-2-0\/\",\"url\":\"https:\/\/mpfiltri3.addictionlab.it\/pt-pt\/product\/icm-2-0\/\",\"name\":\"ICM 2.0 - MP Filtri\",\"isPartOf\":{\"@id\":\"https:\/\/mpfiltri3.addictionlab.it\/pt-pt\/#website\"},\"datePublished\":\"2026-02-26T11:07:34+00:00\",\"dateModified\":\"2026-02-26T17:32:10+00:00\",\"breadcrumb\":{\"@id\":\"https:\/\/mpfiltri3.addictionlab.it\/pt-pt\/product\/icm-2-0\/#breadcrumb\"},\"inLanguage\":\"pt-PT\",\"potentialAction\":[{\"@type\":\"ReadAction\",\"target\":[\"https:\/\/mpfiltri3.addictionlab.it\/pt-pt\/product\/icm-2-0\/\"]}]},{\"@type\":\"BreadcrumbList\",\"@id\":\"https:\/\/mpfiltri3.addictionlab.it\/pt-pt\/product\/icm-2-0\/#breadcrumb\",\"itemListElement\":[{\"@type\":\"ListItem\",\"position\":1,\"name\":\"In\u00edcio\",\"item\":\"https:\/\/mpfiltri3.addictionlab.it\/pt-pt\/\"},{\"@type\":\"ListItem\",\"position\":2,\"name\":\"Shop\",\"item\":\"https:\/\/mpfiltri3.addictionlab.it\/shop\/\"},{\"@type\":\"ListItem\",\"position\":3,\"name\":\"ICM 2.0\"}]},{\"@type\":\"WebSite\",\"@id\":\"https:\/\/mpfiltri3.addictionlab.it\/pt-pt\/#website\",\"url\":\"https:\/\/mpfiltri3.addictionlab.it\/pt-pt\/\",\"name\":\"MP Filtri\",\"description\":\"\",\"publisher\":{\"@id\":\"https:\/\/mpfiltri3.addictionlab.it\/pt-pt\/#organization\"},\"potentialAction\":[{\"@type\":\"SearchAction\",\"target\":{\"@type\":\"EntryPoint\",\"urlTemplate\":\"https:\/\/mpfiltri3.addictionlab.it\/pt-pt\/?s={search_term_string}\"},\"query-input\":{\"@type\":\"PropertyValueSpecification\",\"valueRequired\":true,\"valueName\":\"search_term_string\"}}],\"inLanguage\":\"pt-PT\"},{\"@type\":\"Organization\",\"@id\":\"https:\/\/mpfiltri3.addictionlab.it\/pt-pt\/#organization\",\"name\":\"MP Filtri\",\"url\":\"https:\/\/mpfiltri3.addictionlab.it\/pt-pt\/\",\"logo\":{\"@type\":\"ImageObject\",\"inLanguage\":\"pt-PT\",\"@id\":\"https:\/\/mpfiltri3.addictionlab.it\/pt-pt\/#\/schema\/logo\/image\/\",\"url\":\"https:\/\/mpfiltri3.addictionlab.it\/wp-content\/uploads\/2025\/09\/mpfiltri-logo.png\",\"contentUrl\":\"https:\/\/mpfiltri3.addictionlab.it\/wp-content\/uploads\/2025\/09\/mpfiltri-logo.png\",\"width\":263,\"height\":80,\"caption\":\"MP Filtri\"},\"image\":{\"@id\":\"https:\/\/mpfiltri3.addictionlab.it\/pt-pt\/#\/schema\/logo\/image\/\"},\"sameAs\":[\"https:\/\/www.facebook.com\/MPFiltriITA\",\"https:\/\/www.instagram.com\/mpfiltri\/\",\"https:\/\/www.youtube.com\/channel\/UCCzNMySYc1c4M-2B4v0K_QA?view_as=subscriber\",\"https:\/\/www.linkedin.com\/company\/mp-filtri-spa\/\"]}]}<\/script>\n<!-- \/ Yoast SEO plugin. -->","yoast_head_json":{"title":"ICM 2.0 - MP Filtri","robots":{"index":"noindex","follow":"follow","max-snippet":"max-snippet:-1","max-image-preview":"max-image-preview:large","max-video-preview":"max-video-preview:-1"},"og_locale":"pt_PT","og_type":"article","og_title":"ICM 2.0 - MP Filtri","og_description":"O ICM 2.0 mede e exibe automaticamente a contamina\u00e7\u00e3o por part\u00edculas, os n\u00edveis de umidade e temperatura em v\u00e1rios fluidos [...]","og_url":"https:\/\/mpfiltri3.addictionlab.it\/pt-pt\/product\/icm-2-0\/","og_site_name":"MP Filtri","article_publisher":"https:\/\/www.facebook.com\/MPFiltriITA","article_modified_time":"2026-02-26T17:32:10+00:00","twitter_card":"summary_large_image","twitter_misc":{"Tempo estimado de leitura":"1 minuto"},"schema":{"@context":"https:\/\/schema.org","@graph":[{"@type":"WebPage","@id":"https:\/\/mpfiltri3.addictionlab.it\/pt-pt\/product\/icm-2-0\/","url":"https:\/\/mpfiltri3.addictionlab.it\/pt-pt\/product\/icm-2-0\/","name":"ICM 2.0 - MP Filtri","isPartOf":{"@id":"https:\/\/mpfiltri3.addictionlab.it\/pt-pt\/#website"},"datePublished":"2026-02-26T11:07:34+00:00","dateModified":"2026-02-26T17:32:10+00:00","breadcrumb":{"@id":"https:\/\/mpfiltri3.addictionlab.it\/pt-pt\/product\/icm-2-0\/#breadcrumb"},"inLanguage":"pt-PT","potentialAction":[{"@type":"ReadAction","target":["https:\/\/mpfiltri3.addictionlab.it\/pt-pt\/product\/icm-2-0\/"]}]},{"@type":"BreadcrumbList","@id":"https:\/\/mpfiltri3.addictionlab.it\/pt-pt\/product\/icm-2-0\/#breadcrumb","itemListElement":[{"@type":"ListItem","position":1,"name":"In\u00edcio","item":"https:\/\/mpfiltri3.addictionlab.it\/pt-pt\/"},{"@type":"ListItem","position":2,"name":"Shop","item":"https:\/\/mpfiltri3.addictionlab.it\/shop\/"},{"@type":"ListItem","position":3,"name":"ICM 2.0"}]},{"@type":"WebSite","@id":"https:\/\/mpfiltri3.addictionlab.it\/pt-pt\/#website","url":"https:\/\/mpfiltri3.addictionlab.it\/pt-pt\/","name":"MP Filtri","description":"","publisher":{"@id":"https:\/\/mpfiltri3.addictionlab.it\/pt-pt\/#organization"},"potentialAction":[{"@type":"SearchAction","target":{"@type":"EntryPoint","urlTemplate":"https:\/\/mpfiltri3.addictionlab.it\/pt-pt\/?s={search_term_string}"},"query-input":{"@type":"PropertyValueSpecification","valueRequired":true,"valueName":"search_term_string"}}],"inLanguage":"pt-PT"},{"@type":"Organization","@id":"https:\/\/mpfiltri3.addictionlab.it\/pt-pt\/#organization","name":"MP Filtri","url":"https:\/\/mpfiltri3.addictionlab.it\/pt-pt\/","logo":{"@type":"ImageObject","inLanguage":"pt-PT","@id":"https:\/\/mpfiltri3.addictionlab.it\/pt-pt\/#\/schema\/logo\/image\/","url":"https:\/\/mpfiltri3.addictionlab.it\/wp-content\/uploads\/2025\/09\/mpfiltri-logo.png","contentUrl":"https:\/\/mpfiltri3.addictionlab.it\/wp-content\/uploads\/2025\/09\/mpfiltri-logo.png","width":263,"height":80,"caption":"MP Filtri"},"image":{"@id":"https:\/\/mpfiltri3.addictionlab.it\/pt-pt\/#\/schema\/logo\/image\/"},"sameAs":["https:\/\/www.facebook.com\/MPFiltriITA","https:\/\/www.instagram.com\/mpfiltri\/","https:\/\/www.youtube.com\/channel\/UCCzNMySYc1c4M-2B4v0K_QA?view_as=subscriber","https:\/\/www.linkedin.com\/company\/mp-filtri-spa\/"]}]}},"_links":{"self":[{"href":"https:\/\/mpfiltri3.addictionlab.it\/pt-pt\/wp-json\/wp\/v2\/product\/49533","targetHints":{"allow":["GET"]}}],"collection":[{"href":"https:\/\/mpfiltri3.addictionlab.it\/pt-pt\/wp-json\/wp\/v2\/product"}],"about":[{"href":"https:\/\/mpfiltri3.addictionlab.it\/pt-pt\/wp-json\/wp\/v2\/types\/product"}],"replies":[{"embeddable":true,"href":"https:\/\/mpfiltri3.addictionlab.it\/pt-pt\/wp-json\/wp\/v2\/comments?post=49533"}],"wp:attachment":[{"href":"https:\/\/mpfiltri3.addictionlab.it\/pt-pt\/wp-json\/wp\/v2\/media?parent=49533"}],"wp:term":[{"taxonomy":"product-structure","embeddable":true,"href":"https:\/\/mpfiltri3.addictionlab.it\/pt-pt\/wp-json\/wp\/v2\/product-structure?post=49533"},{"taxonomy":"product_brand","embeddable":true,"href":"https:\/\/mpfiltri3.addictionlab.it\/pt-pt\/wp-json\/wp\/v2\/product_brand?post=49533"},{"taxonomy":"product_cat","embeddable":true,"href":"https:\/\/mpfiltri3.addictionlab.it\/pt-pt\/wp-json\/wp\/v2\/product_cat?post=49533"},{"taxonomy":"product_tag","embeddable":true,"href":"https:\/\/mpfiltri3.addictionlab.it\/pt-pt\/wp-json\/wp\/v2\/product_tag?post=49533"}],"curies":[{"name":"wp","href":"https:\/\/api.w.org\/{rel}","templated":true}]}}