
{"id":49544,"date":"2026-02-26T12:08:32","date_gmt":"2026-02-26T11:08:32","guid":{"rendered":"https:\/\/mpfiltri3.addictionlab.it\/product\/produto-6\/"},"modified":"2026-02-26T18:31:53","modified_gmt":"2026-02-26T17:31:53","slug":"acessorios-e-suporte-de-tanques","status":"publish","type":"product","link":"https:\/\/mpfiltri3.addictionlab.it\/pt-pt\/product\/acessorios-e-suporte-de-tanques\/","title":{"rendered":"ACESS\u00d3RIOS E SUPORTE DE TANQUES"},"content":{"rendered":"<p>As v\u00e1lvulas isoladoras de man\u00f4metro EM1 e SVM s\u00e3o projetadas para proteger os man\u00f4metros contra choques de press\u00e3o quando a leitura de press\u00e3o n\u00e3o \u00e9 necess\u00e1ria.<\/p>\n<p>As flanges FTA\/FTR permitem fixar as linhas de suc\u00e7\u00e3o e retorno na tampa do reservat\u00f3rio.<\/p>\n<p>As bra\u00e7adeiras de fixa\u00e7\u00e3o MULTIFIX permitem instalar rapidamente, facilmente e, mais importante, economicamente, v\u00e1rios tipos de tubula\u00e7\u00f5es com diferentes di\u00e2metros.<\/p>\n","protected":false},"excerpt":{"rendered":"<p>As v\u00e1lvulas isoladoras de man\u00f4metro EM1 e SVM s\u00e3o projetadas para proteger os man\u00f4metros contra choques de press\u00e3o quando a [&#8230;]<\/p>\n","protected":false},"featured_media":25900,"comment_status":"open","ping_status":"closed","template":"","meta":{"_acf_changed":false,"_gspb_post_css":"","inline_featured_image":false,"_genesis_hide_title":false,"_genesis_hide_breadcrumbs":false,"_genesis_hide_singular_image":false,"_genesis_hide_footer_widgets":false,"_genesis_custom_body_class":"","_genesis_custom_post_class":"","_genesis_layout":"","_links_to":"","_links_to_target":""},"product-structure":[61],"product_brand":[],"product_cat":[13028],"product_tag":[],"class_list":{"0":"post-49544","1":"product","2":"type-product","3":"status-publish","4":"has-post-thumbnail","6":"product-structure-family","7":"product_cat-uncategorized","8":"entry","10":"first","11":"instock","12":"shipping-taxable","13":"product-type-simple"},"acf":[],"yoast_head":"<!-- This site is optimized with the Yoast SEO plugin v26.9 - https:\/\/yoast.com\/product\/yoast-seo-wordpress\/ -->\n<title>ACESS\u00d3RIOS E SUPORTE DE TANQUES - MP Filtri<\/title>\n<meta name=\"robots\" content=\"noindex, follow, max-snippet:-1, max-image-preview:large, max-video-preview:-1\" \/>\n<meta property=\"og:locale\" content=\"pt_PT\" \/>\n<meta property=\"og:type\" content=\"article\" \/>\n<meta property=\"og:title\" content=\"ACESS\u00d3RIOS E SUPORTE DE TANQUES - MP Filtri\" \/>\n<meta property=\"og:description\" content=\"As v\u00e1lvulas isoladoras de man\u00f4metro EM1 e SVM s\u00e3o projetadas para proteger os man\u00f4metros contra choques de press\u00e3o quando a [...]\" \/>\n<meta property=\"og:url\" content=\"https:\/\/mpfiltri3.addictionlab.it\/pt-pt\/product\/acessorios-e-suporte-de-tanques\/\" \/>\n<meta property=\"og:site_name\" content=\"MP Filtri\" \/>\n<meta property=\"article:publisher\" content=\"https:\/\/www.facebook.com\/MPFiltriITA\" \/>\n<meta property=\"article:modified_time\" content=\"2026-02-26T17:31:53+00:00\" \/>\n<meta property=\"og:image\" content=\"https:\/\/mpfiltri3.addictionlab.it\/wp-content\/uploads\/2025\/06\/TANK-accessori_250px.png\" \/>\n\t<meta property=\"og:image:width\" content=\"313\" \/>\n\t<meta property=\"og:image:height\" content=\"313\" \/>\n\t<meta property=\"og:image:type\" content=\"image\/png\" \/>\n<meta name=\"twitter:card\" content=\"summary_large_image\" \/>\n<script type=\"application\/ld+json\" class=\"yoast-schema-graph\">{\"@context\":\"https:\/\/schema.org\",\"@graph\":[{\"@type\":\"WebPage\",\"@id\":\"https:\/\/mpfiltri3.addictionlab.it\/pt-pt\/product\/acessorios-e-suporte-de-tanques\/\",\"url\":\"https:\/\/mpfiltri3.addictionlab.it\/pt-pt\/product\/acessorios-e-suporte-de-tanques\/\",\"name\":\"ACESS\u00d3RIOS E SUPORTE DE TANQUES - MP Filtri\",\"isPartOf\":{\"@id\":\"https:\/\/mpfiltri3.addictionlab.it\/pt-pt\/#website\"},\"primaryImageOfPage\":{\"@id\":\"https:\/\/mpfiltri3.addictionlab.it\/pt-pt\/product\/acessorios-e-suporte-de-tanques\/#primaryimage\"},\"image\":{\"@id\":\"https:\/\/mpfiltri3.addictionlab.it\/pt-pt\/product\/acessorios-e-suporte-de-tanques\/#primaryimage\"},\"thumbnailUrl\":\"https:\/\/mpfiltri3.addictionlab.it\/wp-content\/uploads\/2025\/06\/TANK-accessori_250px.png\",\"datePublished\":\"2026-02-26T11:08:32+00:00\",\"dateModified\":\"2026-02-26T17:31:53+00:00\",\"breadcrumb\":{\"@id\":\"https:\/\/mpfiltri3.addictionlab.it\/pt-pt\/product\/acessorios-e-suporte-de-tanques\/#breadcrumb\"},\"inLanguage\":\"pt-PT\",\"potentialAction\":[{\"@type\":\"ReadAction\",\"target\":[\"https:\/\/mpfiltri3.addictionlab.it\/pt-pt\/product\/acessorios-e-suporte-de-tanques\/\"]}]},{\"@type\":\"ImageObject\",\"inLanguage\":\"pt-PT\",\"@id\":\"https:\/\/mpfiltri3.addictionlab.it\/pt-pt\/product\/acessorios-e-suporte-de-tanques\/#primaryimage\",\"url\":\"https:\/\/mpfiltri3.addictionlab.it\/wp-content\/uploads\/2025\/06\/TANK-accessori_250px.png\",\"contentUrl\":\"https:\/\/mpfiltri3.addictionlab.it\/wp-content\/uploads\/2025\/06\/TANK-accessori_250px.png\",\"width\":313,\"height\":313},{\"@type\":\"BreadcrumbList\",\"@id\":\"https:\/\/mpfiltri3.addictionlab.it\/pt-pt\/product\/acessorios-e-suporte-de-tanques\/#breadcrumb\",\"itemListElement\":[{\"@type\":\"ListItem\",\"position\":1,\"name\":\"In\u00edcio\",\"item\":\"https:\/\/mpfiltri3.addictionlab.it\/pt-pt\/\"},{\"@type\":\"ListItem\",\"position\":2,\"name\":\"Shop\",\"item\":\"https:\/\/mpfiltri3.addictionlab.it\/shop\/\"},{\"@type\":\"ListItem\",\"position\":3,\"name\":\"ACESS\u00d3RIOS E SUPORTE DE TANQUES\"}]},{\"@type\":\"WebSite\",\"@id\":\"https:\/\/mpfiltri3.addictionlab.it\/pt-pt\/#website\",\"url\":\"https:\/\/mpfiltri3.addictionlab.it\/pt-pt\/\",\"name\":\"MP Filtri\",\"description\":\"\",\"publisher\":{\"@id\":\"https:\/\/mpfiltri3.addictionlab.it\/pt-pt\/#organization\"},\"potentialAction\":[{\"@type\":\"SearchAction\",\"target\":{\"@type\":\"EntryPoint\",\"urlTemplate\":\"https:\/\/mpfiltri3.addictionlab.it\/pt-pt\/?s={search_term_string}\"},\"query-input\":{\"@type\":\"PropertyValueSpecification\",\"valueRequired\":true,\"valueName\":\"search_term_string\"}}],\"inLanguage\":\"pt-PT\"},{\"@type\":\"Organization\",\"@id\":\"https:\/\/mpfiltri3.addictionlab.it\/pt-pt\/#organization\",\"name\":\"MP Filtri\",\"url\":\"https:\/\/mpfiltri3.addictionlab.it\/pt-pt\/\",\"logo\":{\"@type\":\"ImageObject\",\"inLanguage\":\"pt-PT\",\"@id\":\"https:\/\/mpfiltri3.addictionlab.it\/pt-pt\/#\/schema\/logo\/image\/\",\"url\":\"https:\/\/mpfiltri3.addictionlab.it\/wp-content\/uploads\/2025\/09\/mpfiltri-logo.png\",\"contentUrl\":\"https:\/\/mpfiltri3.addictionlab.it\/wp-content\/uploads\/2025\/09\/mpfiltri-logo.png\",\"width\":263,\"height\":80,\"caption\":\"MP Filtri\"},\"image\":{\"@id\":\"https:\/\/mpfiltri3.addictionlab.it\/pt-pt\/#\/schema\/logo\/image\/\"},\"sameAs\":[\"https:\/\/www.facebook.com\/MPFiltriITA\",\"https:\/\/www.instagram.com\/mpfiltri\/\",\"https:\/\/www.youtube.com\/channel\/UCCzNMySYc1c4M-2B4v0K_QA?view_as=subscriber\",\"https:\/\/www.linkedin.com\/company\/mp-filtri-spa\/\"]}]}<\/script>\n<!-- \/ Yoast SEO plugin. -->","yoast_head_json":{"title":"ACESS\u00d3RIOS E SUPORTE DE TANQUES - MP Filtri","robots":{"index":"noindex","follow":"follow","max-snippet":"max-snippet:-1","max-image-preview":"max-image-preview:large","max-video-preview":"max-video-preview:-1"},"og_locale":"pt_PT","og_type":"article","og_title":"ACESS\u00d3RIOS E SUPORTE DE TANQUES - MP Filtri","og_description":"As v\u00e1lvulas isoladoras de man\u00f4metro EM1 e SVM s\u00e3o projetadas para proteger os man\u00f4metros contra choques de press\u00e3o quando a [...]","og_url":"https:\/\/mpfiltri3.addictionlab.it\/pt-pt\/product\/acessorios-e-suporte-de-tanques\/","og_site_name":"MP Filtri","article_publisher":"https:\/\/www.facebook.com\/MPFiltriITA","article_modified_time":"2026-02-26T17:31:53+00:00","og_image":[{"width":313,"height":313,"url":"https:\/\/mpfiltri3.addictionlab.it\/wp-content\/uploads\/2025\/06\/TANK-accessori_250px.png","type":"image\/png"}],"twitter_card":"summary_large_image","schema":{"@context":"https:\/\/schema.org","@graph":[{"@type":"WebPage","@id":"https:\/\/mpfiltri3.addictionlab.it\/pt-pt\/product\/acessorios-e-suporte-de-tanques\/","url":"https:\/\/mpfiltri3.addictionlab.it\/pt-pt\/product\/acessorios-e-suporte-de-tanques\/","name":"ACESS\u00d3RIOS E SUPORTE DE TANQUES - MP Filtri","isPartOf":{"@id":"https:\/\/mpfiltri3.addictionlab.it\/pt-pt\/#website"},"primaryImageOfPage":{"@id":"https:\/\/mpfiltri3.addictionlab.it\/pt-pt\/product\/acessorios-e-suporte-de-tanques\/#primaryimage"},"image":{"@id":"https:\/\/mpfiltri3.addictionlab.it\/pt-pt\/product\/acessorios-e-suporte-de-tanques\/#primaryimage"},"thumbnailUrl":"https:\/\/mpfiltri3.addictionlab.it\/wp-content\/uploads\/2025\/06\/TANK-accessori_250px.png","datePublished":"2026-02-26T11:08:32+00:00","dateModified":"2026-02-26T17:31:53+00:00","breadcrumb":{"@id":"https:\/\/mpfiltri3.addictionlab.it\/pt-pt\/product\/acessorios-e-suporte-de-tanques\/#breadcrumb"},"inLanguage":"pt-PT","potentialAction":[{"@type":"ReadAction","target":["https:\/\/mpfiltri3.addictionlab.it\/pt-pt\/product\/acessorios-e-suporte-de-tanques\/"]}]},{"@type":"ImageObject","inLanguage":"pt-PT","@id":"https:\/\/mpfiltri3.addictionlab.it\/pt-pt\/product\/acessorios-e-suporte-de-tanques\/#primaryimage","url":"https:\/\/mpfiltri3.addictionlab.it\/wp-content\/uploads\/2025\/06\/TANK-accessori_250px.png","contentUrl":"https:\/\/mpfiltri3.addictionlab.it\/wp-content\/uploads\/2025\/06\/TANK-accessori_250px.png","width":313,"height":313},{"@type":"BreadcrumbList","@id":"https:\/\/mpfiltri3.addictionlab.it\/pt-pt\/product\/acessorios-e-suporte-de-tanques\/#breadcrumb","itemListElement":[{"@type":"ListItem","position":1,"name":"In\u00edcio","item":"https:\/\/mpfiltri3.addictionlab.it\/pt-pt\/"},{"@type":"ListItem","position":2,"name":"Shop","item":"https:\/\/mpfiltri3.addictionlab.it\/shop\/"},{"@type":"ListItem","position":3,"name":"ACESS\u00d3RIOS E SUPORTE DE TANQUES"}]},{"@type":"WebSite","@id":"https:\/\/mpfiltri3.addictionlab.it\/pt-pt\/#website","url":"https:\/\/mpfiltri3.addictionlab.it\/pt-pt\/","name":"MP Filtri","description":"","publisher":{"@id":"https:\/\/mpfiltri3.addictionlab.it\/pt-pt\/#organization"},"potentialAction":[{"@type":"SearchAction","target":{"@type":"EntryPoint","urlTemplate":"https:\/\/mpfiltri3.addictionlab.it\/pt-pt\/?s={search_term_string}"},"query-input":{"@type":"PropertyValueSpecification","valueRequired":true,"valueName":"search_term_string"}}],"inLanguage":"pt-PT"},{"@type":"Organization","@id":"https:\/\/mpfiltri3.addictionlab.it\/pt-pt\/#organization","name":"MP Filtri","url":"https:\/\/mpfiltri3.addictionlab.it\/pt-pt\/","logo":{"@type":"ImageObject","inLanguage":"pt-PT","@id":"https:\/\/mpfiltri3.addictionlab.it\/pt-pt\/#\/schema\/logo\/image\/","url":"https:\/\/mpfiltri3.addictionlab.it\/wp-content\/uploads\/2025\/09\/mpfiltri-logo.png","contentUrl":"https:\/\/mpfiltri3.addictionlab.it\/wp-content\/uploads\/2025\/09\/mpfiltri-logo.png","width":263,"height":80,"caption":"MP Filtri"},"image":{"@id":"https:\/\/mpfiltri3.addictionlab.it\/pt-pt\/#\/schema\/logo\/image\/"},"sameAs":["https:\/\/www.facebook.com\/MPFiltriITA","https:\/\/www.instagram.com\/mpfiltri\/","https:\/\/www.youtube.com\/channel\/UCCzNMySYc1c4M-2B4v0K_QA?view_as=subscriber","https:\/\/www.linkedin.com\/company\/mp-filtri-spa\/"]}]}},"_links":{"self":[{"href":"https:\/\/mpfiltri3.addictionlab.it\/pt-pt\/wp-json\/wp\/v2\/product\/49544","targetHints":{"allow":["GET"]}}],"collection":[{"href":"https:\/\/mpfiltri3.addictionlab.it\/pt-pt\/wp-json\/wp\/v2\/product"}],"about":[{"href":"https:\/\/mpfiltri3.addictionlab.it\/pt-pt\/wp-json\/wp\/v2\/types\/product"}],"replies":[{"embeddable":true,"href":"https:\/\/mpfiltri3.addictionlab.it\/pt-pt\/wp-json\/wp\/v2\/comments?post=49544"}],"wp:featuredmedia":[{"embeddable":true,"href":"https:\/\/mpfiltri3.addictionlab.it\/pt-pt\/wp-json\/wp\/v2\/media\/25900"}],"wp:attachment":[{"href":"https:\/\/mpfiltri3.addictionlab.it\/pt-pt\/wp-json\/wp\/v2\/media?parent=49544"}],"wp:term":[{"taxonomy":"product-structure","embeddable":true,"href":"https:\/\/mpfiltri3.addictionlab.it\/pt-pt\/wp-json\/wp\/v2\/product-structure?post=49544"},{"taxonomy":"product_brand","embeddable":true,"href":"https:\/\/mpfiltri3.addictionlab.it\/pt-pt\/wp-json\/wp\/v2\/product_brand?post=49544"},{"taxonomy":"product_cat","embeddable":true,"href":"https:\/\/mpfiltri3.addictionlab.it\/pt-pt\/wp-json\/wp\/v2\/product_cat?post=49544"},{"taxonomy":"product_tag","embeddable":true,"href":"https:\/\/mpfiltri3.addictionlab.it\/pt-pt\/wp-json\/wp\/v2\/product_tag?post=49544"}],"curies":[{"name":"wp","href":"https:\/\/api.w.org\/{rel}","templated":true}]}}